{"id":16254,"date":"2025-04-30T10:23:51","date_gmt":"2025-04-30T08:23:51","guid":{"rendered":"https:\/\/micromega-dynamics.com\/application\/"},"modified":"2025-05-15T13:15:31","modified_gmt":"2025-05-15T11:15:31","slug":"application","status":"publish","type":"page","link":"https:\/\/micromega-dynamics.com\/de\/application\/","title":{"rendered":"Anwendung"},"content":{"rendered":"<p>[et_pb_section fb_built=&#8220;1&#8243; fullwidth=&#8220;on&#8220; disabled_on=&#8220;off|off|off&#8220; _builder_version=&#8220;4.27.0&#8243; top_divider_color=&#8220;rgba(0,0,0,0)&#8220; bottom_divider_color=&#8220;rgba(114,145,165,0.4)&#8220; global_colors_info=&#8220;{}&#8220;][et_pb_fullwidth_slider show_image_video_mobile=&#8220;on&#8220; use_bg_overlay=&#8220;off&#8220; arrows_custom_color=&#8220;#0072bc&#8220; dot_nav_custom_color=&#8220;#FFFFFF&#8220; disabled_on=&#8220;off|off|off&#8220; _builder_version=&#8220;4.27.2&#8243; _dynamic_attributes=&#8220;link_option_url&#8220; background_enable_color=&#8220;off&#8220; background_enable_image=&#8220;off&#8220; parallax=&#8220;on&#8220; button_alignment=&#8220;left&#8220; text_orientation=&#8220;left&#8220; height=&#8220;421px&#8220; custom_margin=&#8220;|0px||0px|false|false&#8220; custom_padding=&#8220;|0px||0px|false|false&#8220; auto=&#8220;on&#8220; link_option_url=&#8220;@ET-DC@eyJkeW5hbWljIjp0cnVlLCJjb250ZW50IjoicG9zdF9saW5rX3VybF9wcm9qZWN0Iiwic2V0dGluZ3MiOnsicG9zdF9pZCI6IjEyNTM4In19@&#8220; global_colors_info=&#8220;{}&#8220;][et_pb_slide heading=&#8220;Schwingungsmessung in der maritimen Industrie&#8220; button_text=&#8220;Entdecken Sie das Projekt&#8220; button_link=&#8220;@ET-DC@eyJkeW5hbWljIjp0cnVlLCJjb250ZW50IjoicG9zdF9saW5rX3VybF9wcm9qZWN0Iiwic2V0dGluZ3MiOnsicG9zdF9pZCI6IjEyNTM4In19@&#8220; use_bg_overlay=&#8220;off&#8220; use_text_overlay=&#8220;on&#8220; text_overlay_color=&#8220;rgba(0,0,0,0.5)&#8220; arrows_custom_color=&#8220;#FFFFFF&#8220; dot_nav_custom_color=&#8220;#FFFFFF&#8220; text_border_radius=&#8220;5px&#8220; heading_last_edited=&#8220;off|desktop&#8220; _builder_version=&#8220;4.27.2&#8243; _dynamic_attributes=&#8220;button_link&#8220; header_level=&#8220;h1&#8243; header_font=&#8220;|800|||||||&#8220; header_text_align=&#8220;left&#8220; header_text_color=&#8220;#ffffff&#8220; header_font_size=&#8220;45px&#8220; header_letter_spacing=&#8220;3px&#8220; header_line_height=&#8220;1.2em&#8220; body_font=&#8220;||||||||&#8220; body_text_align=&#8220;left&#8220; body_text_color=&#8220;#ffffff&#8220; body_font_size=&#8220;23px&#8220; body_line_height=&#8220;1.1em&#8220; background_enable_color=&#8220;off&#8220; background_image=&#8220;https:\/\/micromega-dynamics.com\/files\/uploads\/2024\/09\/Cover-Usecase-2.jpg&#8220; background_enable_image=&#8220;on&#8220; custom_button=&#8220;on&#8220; button_text_size=&#8220;16px&#8220; button_text_color=&#8220;#000000&#8243; button_bg_color=&#8220;#ffffff&#8220; button_border_width=&#8220;0px&#8220; button_use_icon=&#8220;on&#8220; button_icon_color=&#8220;#000000&#8243; button_on_hover=&#8220;off&#8220; transform_scale_last_edited=&#8220;off|desktop&#8220; transform_translate_last_edited=&#8220;off|desktop&#8220; transform_rotate_last_edited=&#8220;off|desktop&#8220; transform_skew_last_edited=&#8220;off|desktop&#8220; transform_origin_last_edited=&#8220;off|desktop&#8220; transform_styles_last_edited=&#8220;off|desktop&#8220; text_orientation=&#8220;left&#8220; background_layout=&#8220;light&#8220; width=&#8220;51%&#8220; width_tablet=&#8220;51%&#8220; width_phone=&#8220;100%&#8220; width_last_edited=&#8220;on|phone&#8220; custom_padding=&#8220;0px|0px|0px|0px|false|false&#8220; header_font_size_tablet=&#8220;45px&#8220; header_font_size_phone=&#8220;25px&#8220; header_font_size_last_edited=&#8220;on|phone&#8220; body_font_size_tablet=&#8220;23px&#8220; body_font_size_phone=&#8220;11px&#8220; body_font_size_last_edited=&#8220;on|phone&#8220; button_text_size_tablet=&#8220;16px&#8220; button_text_size_phone=&#8220;16px&#8220; button_text_size_last_edited=&#8220;on|phone&#8220; custom_css_slide_container=&#8220;margin-left: 0;&#8220; global_colors_info=&#8220;{}&#8220; sticky_transition=&#8220;on&#8220;]<\/p>\n<p>Recovib &#8211; Tiny Schwingungsrekorder<\/p>\n<p>[\/et_pb_slide][et_pb_slide heading=&#8220;Schwingungsanalyse f\u00fcr hydraulische Pumpen&#8220; button_text=&#8220;Entdecken Sie das Projekt&#8220; button_link=&#8220;@ET-DC@eyJkeW5hbWljIjp0cnVlLCJjb250ZW50IjoicG9zdF9saW5rX3VybF9wcm9qZWN0Iiwic2V0dGluZ3MiOnsicG9zdF9pZCI6IjEyNTIxIn19@&#8220; use_bg_overlay=&#8220;off&#8220; use_text_overlay=&#8220;on&#8220; text_overlay_color=&#8220;rgba(0,0,0,0.5)&#8220; arrows_custom_color=&#8220;#FFFFFF&#8220; dot_nav_custom_color=&#8220;#FFFFFF&#8220; text_border_radius=&#8220;5px&#8220; heading_last_edited=&#8220;off|desktop&#8220; _builder_version=&#8220;4.27.0&#8243; _dynamic_attributes=&#8220;button_link&#8220; header_level=&#8220;h1&#8243; header_font=&#8220;|800|||||||&#8220; header_text_align=&#8220;left&#8220; header_text_color=&#8220;#ffffff&#8220; header_font_size=&#8220;45px&#8220; header_letter_spacing=&#8220;3px&#8220; header_line_height=&#8220;1.2em&#8220; body_font=&#8220;||||||||&#8220; body_text_align=&#8220;left&#8220; body_text_color=&#8220;#ffffff&#8220; body_font_size=&#8220;23px&#8220; body_line_height=&#8220;1.1em&#8220; background_enable_color=&#8220;off&#8220; background_image=&#8220;https:\/\/micromega-dynamics.com\/files\/uploads\/2024\/09\/Cover-Usecase-1.jpg&#8220; background_enable_image=&#8220;on&#8220; custom_button=&#8220;on&#8220; button_text_size=&#8220;16px&#8220; button_text_color=&#8220;#000000&#8243; button_bg_color=&#8220;#ffffff&#8220; button_border_width=&#8220;0px&#8220; button_use_icon=&#8220;on&#8220; button_icon_color=&#8220;#000000&#8243; button_on_hover=&#8220;off&#8220; transform_scale_last_edited=&#8220;off|desktop&#8220; transform_translate_last_edited=&#8220;off|desktop&#8220; transform_rotate_last_edited=&#8220;off|desktop&#8220; transform_skew_last_edited=&#8220;off|desktop&#8220; transform_origin_last_edited=&#8220;off|desktop&#8220; text_orientation=&#8220;left&#8220; background_layout=&#8220;light&#8220; width=&#8220;51%&#8220; width_tablet=&#8220;51%&#8220; width_phone=&#8220;100%&#8220; width_last_edited=&#8220;on|phone&#8220; custom_padding=&#8220;0px|0px|0px|0px|false|false&#8220; header_font_size_tablet=&#8220;45px&#8220; header_font_size_phone=&#8220;25px&#8220; header_font_size_last_edited=&#8220;on|phone&#8220; body_font_size_tablet=&#8220;23px&#8220; body_font_size_phone=&#8220;11px&#8220; body_font_size_last_edited=&#8220;on|phone&#8220; custom_css_slide_container=&#8220;margin-left: 0;&#8220; global_colors_info=&#8220;{}&#8220; sticky_transition=&#8220;on&#8220;]<\/p>\n<p>Recovib &#8211; Tiny Schwingungsrekorder<\/p>\n<p>[\/et_pb_slide][et_pb_slide heading=&#8220;Mehr Sicherheit am Arbeitsplatz durch drahtlose Schwingungs\u00fcberwachung&#8220; button_text=&#8220;Entdecken Sie das Projekt&#8220; button_link=&#8220;@ET-DC@eyJkeW5hbWljIjp0cnVlLCJjb250ZW50IjoicG9zdF9saW5rX3VybF9wcm9qZWN0Iiwic2V0dGluZ3MiOnsicG9zdF9pZCI6IjEzMDYzIn19@&#8220; use_bg_overlay=&#8220;off&#8220; use_text_overlay=&#8220;on&#8220; text_overlay_color=&#8220;rgba(0,0,0,0.5)&#8220; arrows_custom_color=&#8220;#FFFFFF&#8220; dot_nav_custom_color=&#8220;#FFFFFF&#8220; text_border_radius=&#8220;5px&#8220; heading_last_edited=&#8220;off|desktop&#8220; _builder_version=&#8220;4.27.0&#8243; _dynamic_attributes=&#8220;button_link&#8220; header_level=&#8220;h1&#8243; header_font=&#8220;|800|||||||&#8220; header_text_align=&#8220;left&#8220; header_text_color=&#8220;#ffffff&#8220; header_font_size=&#8220;45px&#8220; header_letter_spacing=&#8220;3px&#8220; header_line_height=&#8220;1.2em&#8220; body_font=&#8220;||||||||&#8220; body_text_align=&#8220;left&#8220; body_text_color=&#8220;#ffffff&#8220; body_font_size=&#8220;23px&#8220; body_line_height=&#8220;1.1em&#8220; background_enable_color=&#8220;off&#8220; background_image=&#8220;https:\/\/micromega-dynamics.com\/files\/uploads\/2024\/10\/Cover-Usecase-7.jpg&#8220; background_enable_image=&#8220;on&#8220; custom_button=&#8220;on&#8220; button_text_size=&#8220;16px&#8220; button_text_color=&#8220;#000000&#8243; button_bg_color=&#8220;#ffffff&#8220; button_border_width=&#8220;0px&#8220; button_use_icon=&#8220;on&#8220; button_icon_color=&#8220;#000000&#8243; button_on_hover=&#8220;off&#8220; transform_scale_last_edited=&#8220;off|desktop&#8220; transform_translate_last_edited=&#8220;off|desktop&#8220; transform_rotate_last_edited=&#8220;off|desktop&#8220; transform_skew_last_edited=&#8220;off|desktop&#8220; transform_origin_last_edited=&#8220;off|desktop&#8220; text_orientation=&#8220;left&#8220; background_layout=&#8220;light&#8220; width=&#8220;51%&#8220; width_tablet=&#8220;51%&#8220; width_phone=&#8220;100%&#8220; width_last_edited=&#8220;on|phone&#8220; custom_padding=&#8220;0px|0px|0px|0px|false|false&#8220; header_font_size_tablet=&#8220;45px&#8220; header_font_size_phone=&#8220;25px&#8220; header_font_size_last_edited=&#8220;on|phone&#8220; body_font_size_tablet=&#8220;23px&#8220; body_font_size_phone=&#8220;11px&#8220; body_font_size_last_edited=&#8220;on|phone&#8220; custom_css_slide_container=&#8220;margin-left: 0;&#8220; global_colors_info=&#8220;{}&#8220; sticky_transition=&#8220;on&#8220;]<\/p>\n<p>VIB@WORK &#8211; Hand-Arm- und Ganzk\u00f6rper- Schwingungssensoren<\/p>\n<p>[\/et_pb_slide][\/et_pb_fullwidth_slider][\/et_pb_section][et_pb_section fb_built=&#8220;1&#8243; _builder_version=&#8220;4.24.3&#8243; _module_preset=&#8220;default&#8220; custom_margin=&#8220;0px||0px||false|false&#8220; custom_padding=&#8220;0px||0px||false|false&#8220; global_colors_info=&#8220;{}&#8220;][et_pb_row _builder_version=&#8220;4.24.3&#8243; _module_preset=&#8220;default&#8220; custom_margin=&#8220;0px||0px||false|false&#8220; custom_padding=&#8220;0px||0px||false|false&#8220; global_colors_info=&#8220;{}&#8220;][et_pb_column type=&#8220;4_4&#8243; _builder_version=&#8220;4.24.3&#8243; _module_preset=&#8220;default&#8220; global_colors_info=&#8220;{}&#8220;][et_pb_divider show_divider=&#8220;off&#8220; _builder_version=&#8220;4.24.3&#8243; _module_preset=&#8220;default&#8220; min_height=&#8220;10px&#8220; height=&#8220;10px&#8220; custom_margin=&#8220;0px|0px|0px|0px|true|true&#8220; custom_padding=&#8220;46px|0px|46px|0px|true|true&#8220; global_colors_info=&#8220;{}&#8220;][\/et_pb_divider][et_pb_text _builder_version=&#8220;4.24.3&#8243; _module_preset=&#8220;default&#8220; text_font_size=&#8220;22px&#8220; text_line_height=&#8220;1.8em&#8220; global_colors_info=&#8220;{}&#8220;]<\/p>\n<h1 style=\"text-align: center;\">Entdecken Sie die verschiedenen Anwendungsm\u00f6glichkeiten unserer Produkte<\/h1>\n<p style=\"text-align: center;\">Die Schwingungssensoren und Beschleunigungsmesser von Micromega werden weltweit in verschiedenen Bereichen eingesetzt, z.B. im Gesundheitsrisikomanagement, bei der Herstellung von Mikroprozessoren, bei der \u00dcberwachung von Industriemaschinen, bei Windkraftanlagen, &#8230;<\/p>\n<p>[\/et_pb_text][\/et_pb_column][\/et_pb_row][\/et_pb_section][et_pb_section fb_built=&#8220;1&#8243; _builder_version=&#8220;4.24.3&#8243; _module_preset=&#8220;default&#8220; global_colors_info=&#8220;{}&#8220;][et_pb_row _builder_version=&#8220;4.24.3&#8243; _module_preset=&#8220;default&#8220; global_colors_info=&#8220;{}&#8220;][et_pb_column type=&#8220;4_4&#8243; _builder_version=&#8220;4.24.3&#8243; _module_preset=&#8220;default&#8220; global_colors_info=&#8220;{}&#8220;][et_pb_filterable_portfolio fullwidth=&#8220;off&#8220; posts_number=&#8220;500&#8243; include_categories=&#8220;72,70,71&#8243; show_categories=&#8220;off&#8220; show_pagination=&#8220;off&#8220; zoom_icon_color=&#8220;RGBA(255,255,255,0)&#8220; module_class=&#8220;three-column-portfolio&#8220; _builder_version=&#8220;4.27.0&#8243; _module_preset=&#8220;default&#8220; title_font=&#8220;|600|||||||&#8220; title_font_size=&#8220;17px&#8220; title_line_height=&#8220;1.6em&#8220; filter_font=&#8220;|600|||||||&#8220; filter_font_size=&#8220;15px&#8220; filter_line_height=&#8220;1.8em&#8220; pagination_text_align=&#8220;center&#8220; text_orientation=&#8220;center&#8220; custom_css_free_form=&#8220;\/* 3 Column Portfolio *\/||@media (min-width: 981px) {||    .three-column-portfolio .et_pb_grid_item {||        width: 29.66%!important;||        margin-right: 5.5%!important;  ||    }||  ||    .three-column-portfolio .et_pb_grid_item:nth-child(3n) {||        margin-right: 0!important;||    }||  ||    .three-column-portfolio.et_pb_grid_item:nth-child(4n) {||        margin-right: 5.5%!important;||    }||  ||    .three-column-portfolio .et_pb_grid_item.et_pb_portfolio_item:nth-child(4n+1) {||        clear: none!important;||    }||    .three-column-portfolio .et_pb_grid_item.first_in_row {||        clear: unset;||    }||}&#8220; border_radii_image=&#8220;on|2px|2px|2px|2px&#8220; global_colors_info=&#8220;{}&#8220;][\/et_pb_filterable_portfolio][\/et_pb_column][\/et_pb_row][\/et_pb_section]<\/p>\n","protected":false},"excerpt":{"rendered":"<p>Recovib &#8211; Tiny SchwingungsrekorderRecovib &#8211; Tiny SchwingungsrekorderVIB@WORK &#8211; Hand-Arm- und Ganzk\u00f6rper- SchwingungssensorenEntdecken Sie die verschiedenen Anwendungsm\u00f6glichkeiten unserer Produkte Die Schwingungssensoren und Beschleunigungsmesser von Micromega werden weltweit in verschiedenen Bereichen eingesetzt, z.B. im Gesundheitsrisikomanagement, bei der Herstellung von Mikroprozessoren, bei der \u00dcberwachung von Industriemaschinen, bei Windkraftanlagen, &#8230;<\/p>\n","protected":false},"author":13,"featured_media":0,"parent":0,"menu_order":0,"comment_status":"closed","ping_status":"closed","template":"","meta":{"_et_pb_use_builder":"on","_et_pb_old_content":"","_et_gb_content_width":"","footnotes":""},"class_list":["post-16254","page","type-page","status-publish","hentry"],"yoast_head":"<!-- This site is optimized with the Yoast SEO Premium plugin v27.0 (Yoast SEO v27.0) - https:\/\/yoast.com\/product\/yoast-seo-premium-wordpress\/ -->\n<title>Anwendung - Micromega Dynamics<\/title>\n<meta name=\"description\" content=\"Die Beschleunigungs- und Neigungssensoren von Micromega Dynamics werden f\u00fcr verschiedene Anwendungen eingesetzt: \u00dcberwachung von Windkraftanlagen, Herstellung von Mikroprozessoren, Gesundheitsmanagement, ...\" \/>\n<meta name=\"robots\" content=\"index, follow, max-snippet:-1, max-image-preview:large, max-video-preview:-1\" \/>\n<link rel=\"canonical\" href=\"https:\/\/micromega-dynamics.com\/de\/application\/\" \/>\n<meta property=\"og:locale\" content=\"de_DE\" \/>\n<meta property=\"og:type\" content=\"article\" \/>\n<meta property=\"og:title\" content=\"Micromega Dynamik\" \/>\n<meta property=\"og:description\" content=\"Micromega Dynamics bietet innovative L\u00f6sungen auf dem Gebiet der Online-Struktur\u00fcberwachung, der Reduzierung von Strukturschwingungen und hochpr\u00e4zisen Mechanismen.\" \/>\n<meta property=\"og:url\" content=\"https:\/\/micromega-dynamics.com\/de\/application\/\" \/>\n<meta property=\"og:site_name\" content=\"Micromega Dynamics\" \/>\n<meta property=\"article:modified_time\" content=\"2025-05-15T11:15:31+00:00\" \/>\n<meta property=\"og:image\" content=\"https:\/\/micromega-dynamics.com\/files\/uploads\/2020\/03\/about-us-picture.jpg\" \/>\n<meta name=\"twitter:card\" content=\"summary_large_image\" \/>\n<meta name=\"twitter:title\" content=\"Micromega Dynamik\" \/>\n<meta name=\"twitter:description\" content=\"Micromega Dynamics bietet innovative L\u00f6sungen auf dem Gebiet der Online-Struktur\u00fcberwachung, der Reduzierung von Strukturschwingungen und hochpr\u00e4zisen Mechanismen.\" \/>\n<meta name=\"twitter:image\" content=\"https:\/\/micromega-dynamics.com\/files\/uploads\/2020\/03\/about-us-picture.jpg\" \/>\n<meta name=\"twitter:label1\" content=\"Gesch\u00e4tzte Lesezeit\" \/>\n\t<meta name=\"twitter:data1\" content=\"6\u00a0Minuten\" \/>\n<script type=\"application\/ld+json\" class=\"yoast-schema-graph\">{\"@context\":\"https:\/\/schema.org\",\"@graph\":[{\"@type\":\"WebPage\",\"@id\":\"https:\/\/micromega-dynamics.com\/de\/application\/\",\"url\":\"https:\/\/micromega-dynamics.com\/de\/application\/\",\"name\":\"Anwendung - Micromega Dynamics\",\"isPartOf\":{\"@id\":\"https:\/\/micromega-dynamics.com\/de\/#website\"},\"datePublished\":\"2025-04-30T08:23:51+00:00\",\"dateModified\":\"2025-05-15T11:15:31+00:00\",\"description\":\"Die Beschleunigungs- und Neigungssensoren von Micromega Dynamics werden f\u00fcr verschiedene Anwendungen eingesetzt: \u00dcberwachung von Windkraftanlagen, Herstellung von Mikroprozessoren, Gesundheitsmanagement, ...\",\"breadcrumb\":{\"@id\":\"https:\/\/micromega-dynamics.com\/de\/application\/#breadcrumb\"},\"inLanguage\":\"de\",\"potentialAction\":[{\"@type\":\"ReadAction\",\"target\":[\"https:\/\/micromega-dynamics.com\/de\/application\/\"]}]},{\"@type\":\"BreadcrumbList\",\"@id\":\"https:\/\/micromega-dynamics.com\/de\/application\/#breadcrumb\",\"itemListElement\":[{\"@type\":\"ListItem\",\"position\":1,\"name\":\"Accueil\",\"item\":\"https:\/\/micromega-dynamics.com\/de\/\"},{\"@type\":\"ListItem\",\"position\":2,\"name\":\"Anwendung\"}]},{\"@type\":\"WebSite\",\"@id\":\"https:\/\/micromega-dynamics.com\/de\/#website\",\"url\":\"https:\/\/micromega-dynamics.com\/de\/\",\"name\":\"Micromega Dynamics\",\"description\":\"Vibration Monitoring and Control\",\"publisher\":{\"@id\":\"https:\/\/micromega-dynamics.com\/de\/#organization\"},\"potentialAction\":[{\"@type\":\"SearchAction\",\"target\":{\"@type\":\"EntryPoint\",\"urlTemplate\":\"https:\/\/micromega-dynamics.com\/de\/?s={search_term_string}\"},\"query-input\":{\"@type\":\"PropertyValueSpecification\",\"valueRequired\":true,\"valueName\":\"search_term_string\"}}],\"inLanguage\":\"de\"},{\"@type\":\"Organization\",\"@id\":\"https:\/\/micromega-dynamics.com\/de\/#organization\",\"name\":\"Micromega Dynamics\",\"url\":\"https:\/\/micromega-dynamics.com\/de\/\",\"logo\":{\"@type\":\"ImageObject\",\"inLanguage\":\"de\",\"@id\":\"https:\/\/micromega-dynamics.com\/de\/#\/schema\/logo\/image\/\",\"url\":\"https:\/\/micromega-dynamics.com\/files\/uploads\/2024\/09\/MICROMEGA-logo-couleurs.jpg\",\"contentUrl\":\"https:\/\/micromega-dynamics.com\/files\/uploads\/2024\/09\/MICROMEGA-logo-couleurs.jpg\",\"width\":1162,\"height\":331,\"caption\":\"Micromega Dynamics\"},\"image\":{\"@id\":\"https:\/\/micromega-dynamics.com\/de\/#\/schema\/logo\/image\/\"},\"sameAs\":[\"https:\/\/www.linkedin.com\/company\/micromega-dynamics\/\"]}]}<\/script>\n<!-- \/ Yoast SEO Premium plugin. -->","yoast_head_json":{"title":"Anwendung - Micromega Dynamics","description":"Die Beschleunigungs- und Neigungssensoren von Micromega Dynamics werden f\u00fcr verschiedene Anwendungen eingesetzt: \u00dcberwachung von Windkraftanlagen, Herstellung von Mikroprozessoren, Gesundheitsmanagement, ...","robots":{"index":"index","follow":"follow","max-snippet":"max-snippet:-1","max-image-preview":"max-image-preview:large","max-video-preview":"max-video-preview:-1"},"canonical":"https:\/\/micromega-dynamics.com\/de\/application\/","og_locale":"de_DE","og_type":"article","og_title":"Micromega Dynamik","og_description":"Micromega Dynamics bietet innovative L\u00f6sungen auf dem Gebiet der Online-Struktur\u00fcberwachung, der Reduzierung von Strukturschwingungen und hochpr\u00e4zisen Mechanismen.","og_url":"https:\/\/micromega-dynamics.com\/de\/application\/","og_site_name":"Micromega Dynamics","article_modified_time":"2025-05-15T11:15:31+00:00","og_image":[{"url":"https:\/\/micromega-dynamics.com\/files\/uploads\/2020\/03\/about-us-picture.jpg","type":"","width":"","height":""}],"twitter_card":"summary_large_image","twitter_title":"Micromega Dynamik","twitter_description":"Micromega Dynamics bietet innovative L\u00f6sungen auf dem Gebiet der Online-Struktur\u00fcberwachung, der Reduzierung von Strukturschwingungen und hochpr\u00e4zisen Mechanismen.","twitter_image":"https:\/\/micromega-dynamics.com\/files\/uploads\/2020\/03\/about-us-picture.jpg","twitter_misc":{"Gesch\u00e4tzte Lesezeit":"6\u00a0Minuten"},"schema":{"@context":"https:\/\/schema.org","@graph":[{"@type":"WebPage","@id":"https:\/\/micromega-dynamics.com\/de\/application\/","url":"https:\/\/micromega-dynamics.com\/de\/application\/","name":"Anwendung - Micromega Dynamics","isPartOf":{"@id":"https:\/\/micromega-dynamics.com\/de\/#website"},"datePublished":"2025-04-30T08:23:51+00:00","dateModified":"2025-05-15T11:15:31+00:00","description":"Die Beschleunigungs- und Neigungssensoren von Micromega Dynamics werden f\u00fcr verschiedene Anwendungen eingesetzt: \u00dcberwachung von Windkraftanlagen, Herstellung von Mikroprozessoren, Gesundheitsmanagement, ...","breadcrumb":{"@id":"https:\/\/micromega-dynamics.com\/de\/application\/#breadcrumb"},"inLanguage":"de","potentialAction":[{"@type":"ReadAction","target":["https:\/\/micromega-dynamics.com\/de\/application\/"]}]},{"@type":"BreadcrumbList","@id":"https:\/\/micromega-dynamics.com\/de\/application\/#breadcrumb","itemListElement":[{"@type":"ListItem","position":1,"name":"Accueil","item":"https:\/\/micromega-dynamics.com\/de\/"},{"@type":"ListItem","position":2,"name":"Anwendung"}]},{"@type":"WebSite","@id":"https:\/\/micromega-dynamics.com\/de\/#website","url":"https:\/\/micromega-dynamics.com\/de\/","name":"Micromega Dynamics","description":"Vibration Monitoring and Control","publisher":{"@id":"https:\/\/micromega-dynamics.com\/de\/#organization"},"potentialAction":[{"@type":"SearchAction","target":{"@type":"EntryPoint","urlTemplate":"https:\/\/micromega-dynamics.com\/de\/?s={search_term_string}"},"query-input":{"@type":"PropertyValueSpecification","valueRequired":true,"valueName":"search_term_string"}}],"inLanguage":"de"},{"@type":"Organization","@id":"https:\/\/micromega-dynamics.com\/de\/#organization","name":"Micromega Dynamics","url":"https:\/\/micromega-dynamics.com\/de\/","logo":{"@type":"ImageObject","inLanguage":"de","@id":"https:\/\/micromega-dynamics.com\/de\/#\/schema\/logo\/image\/","url":"https:\/\/micromega-dynamics.com\/files\/uploads\/2024\/09\/MICROMEGA-logo-couleurs.jpg","contentUrl":"https:\/\/micromega-dynamics.com\/files\/uploads\/2024\/09\/MICROMEGA-logo-couleurs.jpg","width":1162,"height":331,"caption":"Micromega Dynamics"},"image":{"@id":"https:\/\/micromega-dynamics.com\/de\/#\/schema\/logo\/image\/"},"sameAs":["https:\/\/www.linkedin.com\/company\/micromega-dynamics\/"]}]}},"_links":{"self":[{"href":"https:\/\/micromega-dynamics.com\/de\/wp-json\/wp\/v2\/pages\/16254","targetHints":{"allow":["GET"]}}],"collection":[{"href":"https:\/\/micromega-dynamics.com\/de\/wp-json\/wp\/v2\/pages"}],"about":[{"href":"https:\/\/micromega-dynamics.com\/de\/wp-json\/wp\/v2\/types\/page"}],"author":[{"embeddable":true,"href":"https:\/\/micromega-dynamics.com\/de\/wp-json\/wp\/v2\/users\/13"}],"replies":[{"embeddable":true,"href":"https:\/\/micromega-dynamics.com\/de\/wp-json\/wp\/v2\/comments?post=16254"}],"version-history":[{"count":9,"href":"https:\/\/micromega-dynamics.com\/de\/wp-json\/wp\/v2\/pages\/16254\/revisions"}],"predecessor-version":[{"id":17952,"href":"https:\/\/micromega-dynamics.com\/de\/wp-json\/wp\/v2\/pages\/16254\/revisions\/17952"}],"wp:attachment":[{"href":"https:\/\/micromega-dynamics.com\/de\/wp-json\/wp\/v2\/media?parent=16254"}],"curies":[{"name":"wp","href":"https:\/\/api.w.org\/{rel}","templated":true}]}}