{"id":16650,"date":"2025-05-08T14:39:17","date_gmt":"2025-05-08T12:39:17","guid":{"rendered":"https:\/\/micromega-dynamics.com\/?page_id=16650"},"modified":"2025-05-09T16:44:06","modified_gmt":"2025-05-09T14:44:06","slug":"thank-you-2","status":"publish","type":"page","link":"https:\/\/micromega-dynamics.com\/de\/thank-you-2\/","title":{"rendered":"Dankesch\u00f6n"},"content":{"rendered":"<p>[et_pb_section fb_built=&#8220;1&#8243; _builder_version=&#8220;4.16&#8243; background_enable_color=&#8220;off&#8220; background_image=&#8220;https:\/\/micromega-dynamics.com\/files\/uploads\/2020\/02\/contact-us.jpg&#8220; custom_padding=&#8220;||128px|||&#8220; top_divider_color=&#8220;rgba(0,114,188,0.28)&#8220; box_shadow_style=&#8220;preset3&#8243; global_colors_info=&#8220;{}&#8220;][\/et_pb_section][et_pb_section fb_built=&#8220;1&#8243; _builder_version=&#8220;4.16&#8243; background_color=&#8220;#ffffff&#8220; background_enable_image=&#8220;off&#8220; background_size=&#8220;contain&#8220; background_repeat=&#8220;repeat&#8220; min_height=&#8220;149px&#8220; custom_padding=&#8220;0px||0px|||&#8220; global_colors_info=&#8220;{}&#8220;][et_pb_row _builder_version=&#8220;4.16&#8243; custom_padding=&#8220;81px|||||&#8220; global_colors_info=&#8220;{}&#8220;][et_pb_column type=&#8220;4_4&#8243; _builder_version=&#8220;4.16&#8243; global_colors_info=&#8220;{}&#8220;][et_pb_text _builder_version=&#8220;4.16&#8243; text_font_size=&#8220;16px&#8220; header_text_align=&#8220;center&#8220; header_text_color=&#8220;#0072bc&#8220; header_font_size=&#8220;50px&#8220; header_2_text_align=&#8220;center&#8220; header_2_text_color=&#8220;#0072bc&#8220; header_2_font_size=&#8220;50px&#8220; text_orientation=&#8220;center&#8220; global_colors_info=&#8220;{}&#8220;]<\/p>\n<h1><strong>Wir danken Ihnen f\u00fcr Ihren Besuch und stehen Ihnen f\u00fcr alle Fragen und W\u00fcnsche gerne zur Verf\u00fcgung.<\/strong><\/h1>\n<p>[\/et_pb_text][\/et_pb_column][\/et_pb_row][\/et_pb_section]<\/p>\n","protected":false},"excerpt":{"rendered":"<p>Wir danken Ihnen f\u00fcr Ihren Besuch und stehen Ihnen f\u00fcr alle Fragen und W\u00fcnsche gerne zur Verf\u00fcgung.<\/p>\n","protected":false},"author":13,"featured_media":0,"parent":0,"menu_order":0,"comment_status":"closed","ping_status":"closed","template":"","meta":{"_et_pb_use_builder":"on","_et_pb_old_content":"","_et_gb_content_width":"","footnotes":""},"class_list":["post-16650","page","type-page","status-publish","hentry"],"yoast_head":"<!-- This site is optimized with the Yoast SEO Premium plugin v27.0 (Yoast SEO v27.0) - https:\/\/yoast.com\/product\/yoast-seo-premium-wordpress\/ -->\n<title>Dankesch\u00f6n - Micromega Dynamics<\/title>\n<meta name=\"robots\" content=\"index, follow, max-snippet:-1, max-image-preview:large, max-video-preview:-1\" \/>\n<link rel=\"canonical\" href=\"https:\/\/micromega-dynamics.com\/de\/thank-you-2\/\" \/>\n<meta property=\"og:locale\" content=\"de_DE\" \/>\n<meta property=\"og:type\" content=\"article\" \/>\n<meta property=\"og:title\" content=\"Dankesch\u00f6n\" \/>\n<meta property=\"og:description\" content=\"Wir danken Ihnen f\u00fcr Ihren Besuch und stehen Ihnen f\u00fcr alle Fragen und W\u00fcnsche gerne zur Verf\u00fcgung.\" \/>\n<meta property=\"og:url\" content=\"https:\/\/micromega-dynamics.com\/de\/thank-you-2\/\" \/>\n<meta property=\"og:site_name\" content=\"Micromega Dynamics\" \/>\n<meta property=\"article:modified_time\" content=\"2025-05-09T14:44:06+00:00\" \/>\n<meta name=\"twitter:card\" content=\"summary_large_image\" \/>\n<meta name=\"twitter:label1\" content=\"Gesch\u00e4tzte Lesezeit\" \/>\n\t<meta name=\"twitter:data1\" content=\"1\u00a0Minute\" \/>\n<script type=\"application\/ld+json\" class=\"yoast-schema-graph\">{\"@context\":\"https:\/\/schema.org\",\"@graph\":[{\"@type\":\"WebPage\",\"@id\":\"https:\/\/micromega-dynamics.com\/de\/thank-you-2\/\",\"url\":\"https:\/\/micromega-dynamics.com\/de\/thank-you-2\/\",\"name\":\"Dankesch\u00f6n - Micromega Dynamics\",\"isPartOf\":{\"@id\":\"https:\/\/micromega-dynamics.com\/de\/#website\"},\"datePublished\":\"2025-05-08T12:39:17+00:00\",\"dateModified\":\"2025-05-09T14:44:06+00:00\",\"breadcrumb\":{\"@id\":\"https:\/\/micromega-dynamics.com\/de\/thank-you-2\/#breadcrumb\"},\"inLanguage\":\"de\",\"potentialAction\":[{\"@type\":\"ReadAction\",\"target\":[\"https:\/\/micromega-dynamics.com\/de\/thank-you-2\/\"]}]},{\"@type\":\"BreadcrumbList\",\"@id\":\"https:\/\/micromega-dynamics.com\/de\/thank-you-2\/#breadcrumb\",\"itemListElement\":[{\"@type\":\"ListItem\",\"position\":1,\"name\":\"Accueil\",\"item\":\"https:\/\/micromega-dynamics.com\/de\/\"},{\"@type\":\"ListItem\",\"position\":2,\"name\":\"Dankesch\u00f6n\"}]},{\"@type\":\"WebSite\",\"@id\":\"https:\/\/micromega-dynamics.com\/de\/#website\",\"url\":\"https:\/\/micromega-dynamics.com\/de\/\",\"name\":\"Micromega Dynamics\",\"description\":\"Vibration Monitoring and Control\",\"publisher\":{\"@id\":\"https:\/\/micromega-dynamics.com\/de\/#organization\"},\"potentialAction\":[{\"@type\":\"SearchAction\",\"target\":{\"@type\":\"EntryPoint\",\"urlTemplate\":\"https:\/\/micromega-dynamics.com\/de\/?s={search_term_string}\"},\"query-input\":{\"@type\":\"PropertyValueSpecification\",\"valueRequired\":true,\"valueName\":\"search_term_string\"}}],\"inLanguage\":\"de\"},{\"@type\":\"Organization\",\"@id\":\"https:\/\/micromega-dynamics.com\/de\/#organization\",\"name\":\"Micromega Dynamics\",\"url\":\"https:\/\/micromega-dynamics.com\/de\/\",\"logo\":{\"@type\":\"ImageObject\",\"inLanguage\":\"de\",\"@id\":\"https:\/\/micromega-dynamics.com\/de\/#\/schema\/logo\/image\/\",\"url\":\"https:\/\/micromega-dynamics.com\/files\/uploads\/2024\/09\/MICROMEGA-logo-couleurs.jpg\",\"contentUrl\":\"https:\/\/micromega-dynamics.com\/files\/uploads\/2024\/09\/MICROMEGA-logo-couleurs.jpg\",\"width\":1162,\"height\":331,\"caption\":\"Micromega Dynamics\"},\"image\":{\"@id\":\"https:\/\/micromega-dynamics.com\/de\/#\/schema\/logo\/image\/\"},\"sameAs\":[\"https:\/\/www.linkedin.com\/company\/micromega-dynamics\/\"]}]}<\/script>\n<!-- \/ Yoast SEO Premium plugin. -->","yoast_head_json":{"title":"Dankesch\u00f6n - Micromega Dynamics","robots":{"index":"index","follow":"follow","max-snippet":"max-snippet:-1","max-image-preview":"max-image-preview:large","max-video-preview":"max-video-preview:-1"},"canonical":"https:\/\/micromega-dynamics.com\/de\/thank-you-2\/","og_locale":"de_DE","og_type":"article","og_title":"Dankesch\u00f6n","og_description":"Wir danken Ihnen f\u00fcr Ihren Besuch und stehen Ihnen f\u00fcr alle Fragen und W\u00fcnsche gerne zur Verf\u00fcgung.","og_url":"https:\/\/micromega-dynamics.com\/de\/thank-you-2\/","og_site_name":"Micromega Dynamics","article_modified_time":"2025-05-09T14:44:06+00:00","twitter_card":"summary_large_image","twitter_misc":{"Gesch\u00e4tzte Lesezeit":"1\u00a0Minute"},"schema":{"@context":"https:\/\/schema.org","@graph":[{"@type":"WebPage","@id":"https:\/\/micromega-dynamics.com\/de\/thank-you-2\/","url":"https:\/\/micromega-dynamics.com\/de\/thank-you-2\/","name":"Dankesch\u00f6n - Micromega Dynamics","isPartOf":{"@id":"https:\/\/micromega-dynamics.com\/de\/#website"},"datePublished":"2025-05-08T12:39:17+00:00","dateModified":"2025-05-09T14:44:06+00:00","breadcrumb":{"@id":"https:\/\/micromega-dynamics.com\/de\/thank-you-2\/#breadcrumb"},"inLanguage":"de","potentialAction":[{"@type":"ReadAction","target":["https:\/\/micromega-dynamics.com\/de\/thank-you-2\/"]}]},{"@type":"BreadcrumbList","@id":"https:\/\/micromega-dynamics.com\/de\/thank-you-2\/#breadcrumb","itemListElement":[{"@type":"ListItem","position":1,"name":"Accueil","item":"https:\/\/micromega-dynamics.com\/de\/"},{"@type":"ListItem","position":2,"name":"Dankesch\u00f6n"}]},{"@type":"WebSite","@id":"https:\/\/micromega-dynamics.com\/de\/#website","url":"https:\/\/micromega-dynamics.com\/de\/","name":"Micromega Dynamics","description":"Vibration Monitoring and Control","publisher":{"@id":"https:\/\/micromega-dynamics.com\/de\/#organization"},"potentialAction":[{"@type":"SearchAction","target":{"@type":"EntryPoint","urlTemplate":"https:\/\/micromega-dynamics.com\/de\/?s={search_term_string}"},"query-input":{"@type":"PropertyValueSpecification","valueRequired":true,"valueName":"search_term_string"}}],"inLanguage":"de"},{"@type":"Organization","@id":"https:\/\/micromega-dynamics.com\/de\/#organization","name":"Micromega Dynamics","url":"https:\/\/micromega-dynamics.com\/de\/","logo":{"@type":"ImageObject","inLanguage":"de","@id":"https:\/\/micromega-dynamics.com\/de\/#\/schema\/logo\/image\/","url":"https:\/\/micromega-dynamics.com\/files\/uploads\/2024\/09\/MICROMEGA-logo-couleurs.jpg","contentUrl":"https:\/\/micromega-dynamics.com\/files\/uploads\/2024\/09\/MICROMEGA-logo-couleurs.jpg","width":1162,"height":331,"caption":"Micromega Dynamics"},"image":{"@id":"https:\/\/micromega-dynamics.com\/de\/#\/schema\/logo\/image\/"},"sameAs":["https:\/\/www.linkedin.com\/company\/micromega-dynamics\/"]}]}},"_links":{"self":[{"href":"https:\/\/micromega-dynamics.com\/de\/wp-json\/wp\/v2\/pages\/16650","targetHints":{"allow":["GET"]}}],"collection":[{"href":"https:\/\/micromega-dynamics.com\/de\/wp-json\/wp\/v2\/pages"}],"about":[{"href":"https:\/\/micromega-dynamics.com\/de\/wp-json\/wp\/v2\/types\/page"}],"author":[{"embeddable":true,"href":"https:\/\/micromega-dynamics.com\/de\/wp-json\/wp\/v2\/users\/13"}],"replies":[{"embeddable":true,"href":"https:\/\/micromega-dynamics.com\/de\/wp-json\/wp\/v2\/comments?post=16650"}],"version-history":[{"count":10,"href":"https:\/\/micromega-dynamics.com\/de\/wp-json\/wp\/v2\/pages\/16650\/revisions"}],"predecessor-version":[{"id":17226,"href":"https:\/\/micromega-dynamics.com\/de\/wp-json\/wp\/v2\/pages\/16650\/revisions\/17226"}],"wp:attachment":[{"href":"https:\/\/micromega-dynamics.com\/de\/wp-json\/wp\/v2\/media?parent=16650"}],"curies":[{"name":"wp","href":"https:\/\/api.w.org\/{rel}","templated":true}]}}