{"id":19318,"date":"2025-11-19T10:05:27","date_gmt":"2025-11-19T09:05:27","guid":{"rendered":"https:\/\/micromega-dynamics.com\/?page_id=19318"},"modified":"2025-11-19T10:05:27","modified_gmt":"2025-11-19T09:05:27","slug":"blog","status":"publish","type":"page","link":"https:\/\/micromega-dynamics.com\/de\/blog\/","title":{"rendered":"Blog"},"content":{"rendered":"<p>[et_pb_section fb_built=&#8220;1&#8243; _builder_version=&#8220;4.27.4&#8243; _module_preset=&#8220;default&#8220; background_image=&#8220;https:\/\/micromega-dynamics.com\/files\/uploads\/2025\/09\/Cover-Usecase.jpg&#8220; parallax=&#8220;on&#8220; custom_padding=&#8220;90px||90px||true|false&#8220; locked=&#8220;off&#8220; global_colors_info=&#8220;{}&#8220;][et_pb_row _builder_version=&#8220;4.27.4&#8243; _module_preset=&#8220;default&#8220; width=&#8220;32%&#8220; width_tablet=&#8220;32%&#8220; width_phone=&#8220;88%&#8220; width_last_edited=&#8220;on|phone&#8220; global_colors_info=&#8220;{}&#8220;][et_pb_column type=&#8220;4_4&#8243; _builder_version=&#8220;4.24.3&#8243; _module_preset=&#8220;default&#8220; global_colors_info=&#8220;{}&#8220;][et_pb_text admin_label=&#8220;Texte&#8220; _builder_version=&#8220;4.27.4&#8243; _module_preset=&#8220;default&#8220; text_text_color=&#8220;#ffffff&#8220; header_font=&#8220;|800||on|||||&#8220; header_text_color=&#8220;#ffffff&#8220; header_font_size=&#8220;33px&#8220; header_letter_spacing=&#8220;4px&#8220; header_line_height=&#8220;1.2em&#8220; background_color=&#8220;rgba(0,0,0,0.59)&#8220; custom_padding=&#8220;15px||15px||true|false&#8220; header_font_size_tablet=&#8220;33px&#8220; header_font_size_phone=&#8220;25px&#8220; header_font_size_last_edited=&#8220;on|phone&#8220; global_colors_info=&#8220;{}&#8220;]<\/p>\n<h1 style=\"text-align: center;\">Blog<\/h1>\n<p>[\/et_pb_text][\/et_pb_column][\/et_pb_row][\/et_pb_section][et_pb_section fb_built=&#8220;1&#8243; _builder_version=&#8220;4.24.3&#8243; _module_preset=&#8220;default&#8220; custom_margin=&#8220;0px||0px||false|false&#8220; custom_padding=&#8220;0px||0px||false|false&#8220; global_colors_info=&#8220;{}&#8220;][et_pb_row _builder_version=&#8220;4.24.3&#8243; _module_preset=&#8220;default&#8220; custom_margin=&#8220;0px||0px||false|false&#8220; custom_padding=&#8220;0px||0px||false|false&#8220; global_colors_info=&#8220;{}&#8220;][et_pb_column type=&#8220;4_4&#8243; _builder_version=&#8220;4.24.3&#8243; _module_preset=&#8220;default&#8220; global_colors_info=&#8220;{}&#8220;][et_pb_divider show_divider=&#8220;off&#8220; _builder_version=&#8220;4.24.3&#8243; _module_preset=&#8220;default&#8220; min_height=&#8220;10px&#8220; height=&#8220;10px&#8220; custom_margin=&#8220;0px|0px|0px|0px|true|true&#8220; custom_padding=&#8220;46px|0px|46px|0px|true|true&#8220; global_colors_info=&#8220;{}&#8220;][\/et_pb_divider][et_pb_text _builder_version=&#8220;4.24.3&#8243; _module_preset=&#8220;default&#8220; text_font_size=&#8220;22px&#8220; text_line_height=&#8220;1.8em&#8220; global_colors_info=&#8220;{}&#8220;]<\/p>\n<h1 style=\"text-align: center;\">Schwingungsmessung beherrschen<\/h1>\n<p style=\"text-align: center;\">Entdecken Sie ausf\u00fchrliche Anleitungen zu Beschleunigungsmessern, Schwingungsbereichen und Frequenzanalysen, um Schwingungen in anspruchsvollen Umgebungen besser zu verstehen, zu messen und zu kontrollieren.<\/p>\n<p>[\/et_pb_text][\/et_pb_column][\/et_pb_row][\/et_pb_section][et_pb_section fb_built=&#8220;1&#8243; _builder_version=&#8220;4.27.4&#8243; _module_preset=&#8220;default&#8220; global_colors_info=&#8220;{}&#8220;][et_pb_row _builder_version=&#8220;4.27.4&#8243; _module_preset=&#8220;default&#8220; global_colors_info=&#8220;{}&#8220;][et_pb_column type=&#8220;4_4&#8243; _builder_version=&#8220;4.27.4&#8243; _module_preset=&#8220;default&#8220; global_colors_info=&#8220;{}&#8220;][et_pb_blog fullwidth=&#8220;off&#8220; show_more=&#8220;on&#8220; show_author=&#8220;off&#8220; show_date=&#8220;off&#8220; show_categories=&#8220;off&#8220; _builder_version=&#8220;4.27.4&#8243; _module_preset=&#8220;default&#8220; global_colors_info=&#8220;{}&#8220;][\/et_pb_blog][\/et_pb_column][\/et_pb_row][\/et_pb_section]<\/p>\n","protected":false},"excerpt":{"rendered":"<p>Blog Schwingungsmessung beherrschen Entdecken Sie ausf\u00fchrliche Anleitungen zu Beschleunigungsmessern, Schwingungsbereichen und Frequenzanalysen, um Schwingungen in anspruchsvollen Umgebungen besser zu verstehen, zu messen und zu kontrollieren.<\/p>\n","protected":false},"author":13,"featured_media":0,"parent":0,"menu_order":0,"comment_status":"closed","ping_status":"closed","template":"","meta":{"_et_pb_use_builder":"on","_et_pb_old_content":"","_et_gb_content_width":"","footnotes":""},"class_list":["post-19318","page","type-page","status-publish","hentry"],"yoast_head":"<!-- This site is optimized with the Yoast SEO Premium plugin v27.5 (Yoast SEO v27.5) - https:\/\/yoast.com\/product\/yoast-seo-premium-wordpress\/ -->\n<title>Blog | Schwingungsmessung meistern - Micromega Dynamics<\/title>\n<meta name=\"description\" content=\"Entdecken Sie ausf\u00fchrliche Anleitungen zu Beschleunigungsmessern, Schwingungsbereichen und Frequenzanalysen, um Schwingungen in anspruchsvollen Umgebungen besser zu verstehen, zu messen und zu kontrollieren.\" \/>\n<meta name=\"robots\" content=\"index, follow, max-snippet:-1, max-image-preview:large, max-video-preview:-1\" \/>\n<link rel=\"canonical\" href=\"https:\/\/micromega-dynamics.com\/de\/blog\/\" \/>\n<meta property=\"og:locale\" content=\"de_DE\" \/>\n<meta property=\"og:type\" content=\"article\" \/>\n<meta property=\"og:title\" content=\"Micromega Dynamik\" \/>\n<meta property=\"og:description\" content=\"Micromega Dynamics bietet innovative L\u00f6sungen auf dem Gebiet der Online-Struktur\u00fcberwachung, der Reduzierung von Strukturschwingungen und hochpr\u00e4zisen Mechanismen.\" \/>\n<meta property=\"og:url\" content=\"https:\/\/micromega-dynamics.com\/de\/blog\/\" \/>\n<meta property=\"og:site_name\" content=\"Micromega Dynamics\" \/>\n<meta property=\"article:modified_time\" content=\"2025-11-19T09:05:27+00:00\" \/>\n<meta property=\"og:image\" content=\"https:\/\/micromega-dynamics.com\/files\/uploads\/2020\/03\/about-us-picture.jpg\" \/>\n<meta name=\"twitter:card\" content=\"summary_large_image\" \/>\n<meta name=\"twitter:title\" content=\"Micromega Dynamik\" \/>\n<meta name=\"twitter:description\" content=\"Micromega Dynamics bietet innovative L\u00f6sungen auf dem Gebiet der Online-Struktur\u00fcberwachung, der Reduzierung von Strukturschwingungen und hochpr\u00e4zisen Mechanismen.\" \/>\n<meta name=\"twitter:image\" content=\"https:\/\/micromega-dynamics.com\/files\/uploads\/2020\/03\/about-us-picture.jpg\" \/>\n<meta name=\"twitter:label1\" content=\"Gesch\u00e4tzte Lesezeit\" \/>\n\t<meta name=\"twitter:data1\" content=\"2\u00a0Minuten\" \/>\n<script type=\"application\/ld+json\" class=\"yoast-schema-graph\">{\"@context\":\"https:\\\/\\\/schema.org\",\"@graph\":[{\"@type\":\"WebPage\",\"@id\":\"https:\\\/\\\/micromega-dynamics.com\\\/de\\\/blog\\\/\",\"url\":\"https:\\\/\\\/micromega-dynamics.com\\\/de\\\/blog\\\/\",\"name\":\"Blog | Schwingungsmessung meistern - Micromega Dynamics\",\"isPartOf\":{\"@id\":\"https:\\\/\\\/micromega-dynamics.com\\\/de\\\/#website\"},\"datePublished\":\"-0001-11-30T00:00:00+00:00\",\"dateModified\":\"2025-11-19T09:05:27+00:00\",\"description\":\"Entdecken Sie ausf\u00fchrliche Anleitungen zu Beschleunigungsmessern, Schwingungsbereichen und Frequenzanalysen, um Schwingungen in anspruchsvollen Umgebungen besser zu verstehen, zu messen und zu kontrollieren.\",\"breadcrumb\":{\"@id\":\"https:\\\/\\\/micromega-dynamics.com\\\/de\\\/blog\\\/#breadcrumb\"},\"inLanguage\":\"de\",\"potentialAction\":[{\"@type\":\"ReadAction\",\"target\":[\"https:\\\/\\\/micromega-dynamics.com\\\/de\\\/blog\\\/\"]}]},{\"@type\":\"BreadcrumbList\",\"@id\":\"https:\\\/\\\/micromega-dynamics.com\\\/de\\\/blog\\\/#breadcrumb\",\"itemListElement\":[{\"@type\":\"ListItem\",\"position\":1,\"name\":\"Accueil\",\"item\":\"https:\\\/\\\/micromega-dynamics.com\\\/de\\\/\"},{\"@type\":\"ListItem\",\"position\":2,\"name\":\"Blog\"}]},{\"@type\":\"WebSite\",\"@id\":\"https:\\\/\\\/micromega-dynamics.com\\\/de\\\/#website\",\"url\":\"https:\\\/\\\/micromega-dynamics.com\\\/de\\\/\",\"name\":\"Micromega Dynamics\",\"description\":\"Vibration Monitoring and Control\",\"publisher\":{\"@id\":\"https:\\\/\\\/micromega-dynamics.com\\\/de\\\/#organization\"},\"potentialAction\":[{\"@type\":\"SearchAction\",\"target\":{\"@type\":\"EntryPoint\",\"urlTemplate\":\"https:\\\/\\\/micromega-dynamics.com\\\/de\\\/?s={search_term_string}\"},\"query-input\":{\"@type\":\"PropertyValueSpecification\",\"valueRequired\":true,\"valueName\":\"search_term_string\"}}],\"inLanguage\":\"de\"},{\"@type\":\"Organization\",\"@id\":\"https:\\\/\\\/micromega-dynamics.com\\\/de\\\/#organization\",\"name\":\"Micromega Dynamics\",\"url\":\"https:\\\/\\\/micromega-dynamics.com\\\/de\\\/\",\"logo\":{\"@type\":\"ImageObject\",\"inLanguage\":\"de\",\"@id\":\"https:\\\/\\\/micromega-dynamics.com\\\/de\\\/#\\\/schema\\\/logo\\\/image\\\/\",\"url\":\"https:\\\/\\\/micromega-dynamics.com\\\/files\\\/uploads\\\/2024\\\/09\\\/MICROMEGA-logo-couleurs.jpg\",\"contentUrl\":\"https:\\\/\\\/micromega-dynamics.com\\\/files\\\/uploads\\\/2024\\\/09\\\/MICROMEGA-logo-couleurs.jpg\",\"width\":1162,\"height\":331,\"caption\":\"Micromega Dynamics\"},\"image\":{\"@id\":\"https:\\\/\\\/micromega-dynamics.com\\\/de\\\/#\\\/schema\\\/logo\\\/image\\\/\"},\"sameAs\":[\"https:\\\/\\\/www.linkedin.com\\\/company\\\/micromega-dynamics\\\/\"]}]}<\/script>\n<!-- \/ Yoast SEO Premium plugin. -->","yoast_head_json":{"title":"Blog | Schwingungsmessung meistern - Micromega Dynamics","description":"Entdecken Sie ausf\u00fchrliche Anleitungen zu Beschleunigungsmessern, Schwingungsbereichen und Frequenzanalysen, um Schwingungen in anspruchsvollen Umgebungen besser zu verstehen, zu messen und zu kontrollieren.","robots":{"index":"index","follow":"follow","max-snippet":"max-snippet:-1","max-image-preview":"max-image-preview:large","max-video-preview":"max-video-preview:-1"},"canonical":"https:\/\/micromega-dynamics.com\/de\/blog\/","og_locale":"de_DE","og_type":"article","og_title":"Micromega Dynamik","og_description":"Micromega Dynamics bietet innovative L\u00f6sungen auf dem Gebiet der Online-Struktur\u00fcberwachung, der Reduzierung von Strukturschwingungen und hochpr\u00e4zisen Mechanismen.","og_url":"https:\/\/micromega-dynamics.com\/de\/blog\/","og_site_name":"Micromega Dynamics","article_modified_time":"2025-11-19T09:05:27+00:00","og_image":[{"url":"https:\/\/micromega-dynamics.com\/files\/uploads\/2020\/03\/about-us-picture.jpg","type":"","width":"","height":""}],"twitter_card":"summary_large_image","twitter_title":"Micromega Dynamik","twitter_description":"Micromega Dynamics bietet innovative L\u00f6sungen auf dem Gebiet der Online-Struktur\u00fcberwachung, der Reduzierung von Strukturschwingungen und hochpr\u00e4zisen Mechanismen.","twitter_image":"https:\/\/micromega-dynamics.com\/files\/uploads\/2020\/03\/about-us-picture.jpg","twitter_misc":{"Gesch\u00e4tzte Lesezeit":"2\u00a0Minuten"},"schema":{"@context":"https:\/\/schema.org","@graph":[{"@type":"WebPage","@id":"https:\/\/micromega-dynamics.com\/de\/blog\/","url":"https:\/\/micromega-dynamics.com\/de\/blog\/","name":"Blog | Schwingungsmessung meistern - Micromega Dynamics","isPartOf":{"@id":"https:\/\/micromega-dynamics.com\/de\/#website"},"datePublished":"-0001-11-30T00:00:00+00:00","dateModified":"2025-11-19T09:05:27+00:00","description":"Entdecken Sie ausf\u00fchrliche Anleitungen zu Beschleunigungsmessern, Schwingungsbereichen und Frequenzanalysen, um Schwingungen in anspruchsvollen Umgebungen besser zu verstehen, zu messen und zu kontrollieren.","breadcrumb":{"@id":"https:\/\/micromega-dynamics.com\/de\/blog\/#breadcrumb"},"inLanguage":"de","potentialAction":[{"@type":"ReadAction","target":["https:\/\/micromega-dynamics.com\/de\/blog\/"]}]},{"@type":"BreadcrumbList","@id":"https:\/\/micromega-dynamics.com\/de\/blog\/#breadcrumb","itemListElement":[{"@type":"ListItem","position":1,"name":"Accueil","item":"https:\/\/micromega-dynamics.com\/de\/"},{"@type":"ListItem","position":2,"name":"Blog"}]},{"@type":"WebSite","@id":"https:\/\/micromega-dynamics.com\/de\/#website","url":"https:\/\/micromega-dynamics.com\/de\/","name":"Micromega Dynamics","description":"Vibration Monitoring and Control","publisher":{"@id":"https:\/\/micromega-dynamics.com\/de\/#organization"},"potentialAction":[{"@type":"SearchAction","target":{"@type":"EntryPoint","urlTemplate":"https:\/\/micromega-dynamics.com\/de\/?s={search_term_string}"},"query-input":{"@type":"PropertyValueSpecification","valueRequired":true,"valueName":"search_term_string"}}],"inLanguage":"de"},{"@type":"Organization","@id":"https:\/\/micromega-dynamics.com\/de\/#organization","name":"Micromega Dynamics","url":"https:\/\/micromega-dynamics.com\/de\/","logo":{"@type":"ImageObject","inLanguage":"de","@id":"https:\/\/micromega-dynamics.com\/de\/#\/schema\/logo\/image\/","url":"https:\/\/micromega-dynamics.com\/files\/uploads\/2024\/09\/MICROMEGA-logo-couleurs.jpg","contentUrl":"https:\/\/micromega-dynamics.com\/files\/uploads\/2024\/09\/MICROMEGA-logo-couleurs.jpg","width":1162,"height":331,"caption":"Micromega Dynamics"},"image":{"@id":"https:\/\/micromega-dynamics.com\/de\/#\/schema\/logo\/image\/"},"sameAs":["https:\/\/www.linkedin.com\/company\/micromega-dynamics\/"]}]}},"_links":{"self":[{"href":"https:\/\/micromega-dynamics.com\/de\/wp-json\/wp\/v2\/pages\/19318","targetHints":{"allow":["GET"]}}],"collection":[{"href":"https:\/\/micromega-dynamics.com\/de\/wp-json\/wp\/v2\/pages"}],"about":[{"href":"https:\/\/micromega-dynamics.com\/de\/wp-json\/wp\/v2\/types\/page"}],"author":[{"embeddable":true,"href":"https:\/\/micromega-dynamics.com\/de\/wp-json\/wp\/v2\/users\/13"}],"replies":[{"embeddable":true,"href":"https:\/\/micromega-dynamics.com\/de\/wp-json\/wp\/v2\/comments?post=19318"}],"version-history":[{"count":13,"href":"https:\/\/micromega-dynamics.com\/de\/wp-json\/wp\/v2\/pages\/19318\/revisions"}],"predecessor-version":[{"id":20103,"href":"https:\/\/micromega-dynamics.com\/de\/wp-json\/wp\/v2\/pages\/19318\/revisions\/20103"}],"wp:attachment":[{"href":"https:\/\/micromega-dynamics.com\/de\/wp-json\/wp\/v2\/media?parent=19318"}],"curies":[{"name":"wp","href":"https:\/\/api.w.org\/{rel}","templated":true}]}}