{"id":20552,"date":"2025-12-02T16:11:04","date_gmt":"2025-12-02T15:11:04","guid":{"rendered":"https:\/\/micromega-dynamics.com\/produit\/recovib-feel-tiny\/"},"modified":"2025-12-02T16:11:18","modified_gmt":"2025-12-02T15:11:18","slug":"recovib-feel-tiny","status":"publish","type":"product","link":"https:\/\/micromega-dynamics.com\/de\/produit\/recovib-feel-tiny\/","title":{"rendered":"Recovib Gef\u00fchl + Winzig"},"content":{"rendered":"<p>[et_pb_section fb_built=&#8220;1&#8243; _builder_version=&#8220;4.16&#8243; custom_padding=&#8220;0px||||false|false&#8220; global_colors_info=&#8220;{}&#8220;][et_pb_row column_structure=&#8220;1_2,1_2&#8243; _builder_version=&#8220;4.27.0&#8243; background_size=&#8220;initial&#8220; background_position=&#8220;top_left&#8220; background_repeat=&#8220;repeat&#8220; custom_padding=&#8220;0px||||false|false&#8220; global_colors_info=&#8220;{}&#8220;][et_pb_column type=&#8220;1_2&#8243; _builder_version=&#8220;4.16&#8243; custom_padding=&#8220;|||&#8220; global_colors_info=&#8220;{}&#8220; custom_padding__hover=&#8220;|||&#8220;][et_pb_wc_images _builder_version=&#8220;4.16&#8243; global_colors_info=&#8220;{}&#8220;][\/et_pb_wc_images][\/et_pb_column][et_pb_column type=&#8220;1_2&#8243; _builder_version=&#8220;4.16&#8243; custom_padding=&#8220;|||&#8220; global_colors_info=&#8220;{}&#8220; custom_padding__hover=&#8220;|||&#8220;][et_pb_wc_title _builder_version=&#8220;4.27.0&#8243; custom_margin=&#8220;||||false|false&#8220; custom_padding=&#8220;15px||||false|false&#8220; global_colors_info=&#8220;{}&#8220;][\/et_pb_wc_title][et_pb_accordion closed_toggle_text_color=&#8220;#000000&#8243; closed_toggle_background_color=&#8220;RGBA(255,255,255,0)&#8220; icon_color=&#8220;#282828&#8243; _builder_version=&#8220;4.27.2&#8243; _module_preset=&#8220;default&#8220; toggle_level=&#8220;h3&#8243; toggle_font=&#8220;|600||on|||||&#8220; toggle_font_size=&#8220;18px&#8220; toggle_letter_spacing=&#8220;1px&#8220; toggle_line_height=&#8220;1.3em&#8220; closed_toggle_letter_spacing=&#8220;1px&#8220; closed_toggle_line_height=&#8220;1.3em&#8220; body_line_height=&#8220;1.5em&#8220; text_orientation=&#8220;left&#8220; width=&#8220;100%&#8220; custom_margin=&#8220;||||false|false&#8220; custom_padding=&#8220;||||false|false&#8220; custom_css_free_form=&#8220;\/* S\u00e9lectionner les items de l&#8217;accord\u00e9on en fonction de la classe *\/||.et_pb_toggle.et_pb_module.et_pb_accordion_item {||    margin-top: 0px; \/* R\u00e9duit l&#8217;\u00e9cart en haut de chaque \u00e9l\u00e9ment *\/||    margin-bottom: 0px; \/* R\u00e9duit l&#8217;\u00e9cart en bas de chaque \u00e9l\u00e9ment *\/||    padding-top: 10px;  \/* Suppression de l&#8217;espace en haut du contenu *\/||    padding-bottom: 10px;  \/* Suppression de l&#8217;espace en bas du contenu *\/||||}||&#8220; border_radii=&#8220;off||||&#8220; border_width_all=&#8220;0px&#8220; border_width_bottom=&#8220;1px&#8220; border_color_bottom=&#8220;#efefef&#8220; locked=&#8220;off&#8220; global_colors_info=&#8220;{}&#8220;][et_pb_accordion_item title=&#8220;Beschreibung&#8220; open=&#8220;on&#8220; _builder_version=&#8220;4.27.2&#8243; _module_preset=&#8220;default&#8220; global_colors_info=&#8220;{}&#8220;]<\/p>\n<p class=\"text-muted my-2\" placeholder=\"Eine kurze Beschreibung, die auch auf Dokumenten erscheint.\" data-oe-xpath=\"\/t[1]\/t[2]\/t[4]\/div[1]\/section[1]\/div[2]\/div[2]\/p[1]\" data-oe-model=\"product.template\" data-oe-id=\"4508\" data-oe-field=\"description_sale\" data-oe-type=\"text\" data-oe-expression=\"product.description_sale\">Koffer, Zubeh\u00f6r und Software inklusive<\/p>\n<form action=\"https:\/\/micromega-dynamics.odoo.com\/shop\/cart\/update\" method=\"POST\">\n<div class=\"js_product js_main_product mb-3\"><\/div>\n<\/form>\n<p>[\/et_pb_accordion_item][et_pb_accordion_item title=&#8220;Tiny Schwingungsrekorder&#8220; _builder_version=&#8220;4.27.2&#8243; _module_preset=&#8220;default&#8220; global_colors_info=&#8220;{}&#8220; open=&#8220;off&#8220;]<\/p>\n<p><strong><span data-contrast=\"none\" class=\"TextRun BCX7 SCXW206405636\" xml:lang=\"EN-US\" lang=\"EN-US\"><span class=\"NormalTextRun BCX7 SCXW206405636\">Der kleinste Schwingungsrekorder auf dem Markt<\/span><\/span><\/strong><span data-contrast=\"none\" class=\"TextRun BCX7 SCXW206405636\" xml:lang=\"EN-US\" lang=\"EN-US\"><\/span><\/p>\n<p style=\"text-align: left;\">Der Recovib.Tiny ist ein <strong>3-Achsen-Sto\u00df- und Vibrationsdatenlogger<\/strong>. Dieser <strong>kabellose Vibrationssensor<\/strong> ist \u00e4u\u00dferst praktisch f\u00fcr eine <strong>Vibrationsdiagnose<\/strong> und bietet bis zu 6 Stunden Messzeit. Seine kabellose Technologie und intuitive Bedienung sorgen f\u00fcr eine erhebliche Zeitersparnis bei der Durchf\u00fchrung Ihrer Messungen. Er ist der einzige Schwingungs- und Ersch\u00fctterungsrekorder, mit dem mehrere Sensoren gleichzeitig und synchronisiert eingesetzt werden k\u00f6nnen, was die Durchf\u00fchrung von Modalanalysen und Analysen der Betriebsablenkungsform bei gro\u00dfen Strukturen wie Br\u00fccken oder Gehwegen erm\u00f6glicht.   <\/p>\n<p style=\"text-align: left;\">Der RECOVIB Tiny ist der kleinste, leichteste und robusteste Rekorder auf dem Markt, der in der Lage ist, Aufnahmen unter extremen Bedingungen von -10\u00b0C bis +50\u00b0C zu machen. Au\u00dferdem ist er staub- und wasserdicht nach IP65. <\/p>\n<p>[\/et_pb_accordion_item][et_pb_accordion_item title=&#8220;FEEL USB-Beschleunigungsmesser&#8220; _builder_version=&#8220;4.27.2&#8243; _module_preset=&#8220;default&#8220; global_colors_info=&#8220;{}&#8220; open=&#8220;off&#8220;]<\/p>\n<p><span>Wir pr\u00e4sentieren den RECOVIB Feel, den benutzerfreundlichsten <\/span><b>USB-Beschleunigungsmesser<span> <\/span><\/b> <span>entwickelt f\u00fcr die sofortige Schwingungsanalyse. Dieses kompakte Ger\u00e4t l\u00e4sst sich nahtlos mit Android-Ger\u00e4ten (Smartphone und Tablet) oder \u00fcber eine USB-Verbindung mit PCs verbinden und er\u00f6ffnet Ihnen eine Welt der Echtzeit-Einsichten. <\/span> <span> Die mitgelieferte Recovib.Feel free <\/span><a href=\"https:\/\/play.google.com\/store\/apps\/details?id=com.micromega_dynamics.recovibfeel&amp;hl=fr&amp;pcampaignid=MKT-Other-global-all-co-prtnr-py-PartBadge-Mar2515-1\"><b>Anwendung<span> <\/span><\/b><\/a> <span>erm\u00f6glicht das Streaming von Echtzeit-Schwingungsdaten auf einem Diagramm im Zeitbereich und im Frequenzbereich. W\u00e4hrend des Streamings ist es m\u00f6glich, Schwingungsdaten aufzuzeichnen, um sie in einem Datenviewer auf Ihrem Smartphone oder Ihrem PC wiederzugeben. Der Viewer erm\u00f6glicht eine detaillierte Analyse der aufgezeichneten Schwingungen im Zeit- und Frequenzbereich.  <\/span><\/p>\n<p>[\/et_pb_accordion_item][\/et_pb_accordion][et_pb_wc_price _builder_version=&#8220;4.16&#8243; global_colors_info=&#8220;{}&#8220;][\/et_pb_wc_price][et_pb_wc_description _builder_version=&#8220;4.16&#8243; global_colors_info=&#8220;{}&#8220;][\/et_pb_wc_description][et_pb_wc_add_to_cart _builder_version=&#8220;4.16&#8243; global_colors_info=&#8220;{}&#8220;][\/et_pb_wc_add_to_cart][\/et_pb_column][\/et_pb_row][\/et_pb_section]<\/p>\n","protected":false},"excerpt":{"rendered":"<p>Koffer, Zubeh\u00f6r und Software inklusive Der kleinste Schwingungsrekorder auf dem Markt Der Recovib.Tiny ist ein 3-Achsen-Sto\u00df- und Vibrationsdatenlogger. Dieser kabellose Vibrationssensor ist \u00e4u\u00dferst praktisch f\u00fcr eine Vibrationsdiagnose und bietet bis zu 6 Stunden Messzeit. Seine kabellose Technologie und intuitive Bedienung sorgen f\u00fcr eine erhebliche Zeitersparnis bei der Durchf\u00fchrung Ihrer Messungen. Er ist der einzige Schwingungs- [&hellip;]<\/p>\n","protected":false},"featured_media":16121,"template":"","meta":{"_et_pb_use_builder":"on","_et_pb_old_content":"","_et_gb_content_width":""},"product_brand":[],"product_cat":[234],"product_tag":[],"class_list":{"0":"post-20552","1":"product","2":"type-product","3":"status-publish","4":"has-post-thumbnail","6":"product_cat-nicht-klassifiziert","8":"first","9":"instock","10":"taxable","11":"shipping-taxable","12":"purchasable","13":"product-type-variable"},"yoast_head":"<!-- This site is optimized with the Yoast SEO Premium plugin v27.5 (Yoast SEO v27.5) - https:\/\/yoast.com\/product\/yoast-seo-premium-wordpress\/ -->\n<title>Recovib Feel + Winziger Vibrationsrekorder |<\/title>\n<meta name=\"description\" content=\"Entdecken Sie Recovib Feel &amp; Tiny Recorder: kompakte Sensoren f\u00fcr eine pr\u00e4zise Vibrationsanalyse. Zuverl\u00e4ssig, genau und einfach in der Anwendung.\" \/>\n<meta name=\"robots\" content=\"index, follow, max-snippet:-1, max-image-preview:large, max-video-preview:-1\" \/>\n<link rel=\"canonical\" href=\"https:\/\/micromega-dynamics.com\/de\/produit\/recovib-feel-tiny\/\" \/>\n<meta property=\"og:locale\" content=\"de_DE\" \/>\n<meta property=\"og:type\" content=\"article\" \/>\n<meta property=\"og:title\" content=\"Recovib Gef\u00fchl + Winzig\" \/>\n<meta property=\"og:description\" content=\"Entdecken Sie Recovib Feel &amp; Tiny Recorder: kompakte Sensoren f\u00fcr eine pr\u00e4zise Vibrationsanalyse. Zuverl\u00e4ssig, genau und einfach in der Anwendung.\" \/>\n<meta property=\"og:url\" content=\"https:\/\/micromega-dynamics.com\/de\/produit\/recovib-feel-tiny\/\" \/>\n<meta property=\"og:site_name\" content=\"Micromega Dynamics\" \/>\n<meta property=\"article:modified_time\" content=\"2025-12-02T15:11:18+00:00\" \/>\n<meta property=\"og:image\" content=\"https:\/\/micromega-dynamics.com\/files\/uploads\/2024\/10\/WBCheck-Option-1-1.png\" \/>\n\t<meta property=\"og:image:width\" content=\"900\" \/>\n\t<meta property=\"og:image:height\" content=\"900\" \/>\n\t<meta property=\"og:image:type\" content=\"image\/png\" \/>\n<meta name=\"twitter:card\" content=\"summary_large_image\" \/>\n<meta name=\"twitter:label1\" content=\"Gesch\u00e4tzte Lesezeit\" \/>\n\t<meta name=\"twitter:data1\" content=\"3\u00a0Minuten\" \/>\n<script type=\"application\/ld+json\" class=\"yoast-schema-graph\">{\"@context\":\"https:\\\/\\\/schema.org\",\"@graph\":[{\"@type\":\"WebPage\",\"@id\":\"https:\\\/\\\/micromega-dynamics.com\\\/de\\\/produit\\\/recovib-feel-tiny\\\/\",\"url\":\"https:\\\/\\\/micromega-dynamics.com\\\/de\\\/produit\\\/recovib-feel-tiny\\\/\",\"name\":\"Recovib Feel + Winziger Vibrationsrekorder |\",\"isPartOf\":{\"@id\":\"https:\\\/\\\/micromega-dynamics.com\\\/de\\\/#website\"},\"primaryImageOfPage\":{\"@id\":\"https:\\\/\\\/micromega-dynamics.com\\\/de\\\/produit\\\/recovib-feel-tiny\\\/#primaryimage\"},\"image\":{\"@id\":\"https:\\\/\\\/micromega-dynamics.com\\\/de\\\/produit\\\/recovib-feel-tiny\\\/#primaryimage\"},\"thumbnailUrl\":\"https:\\\/\\\/micromega-dynamics.com\\\/files\\\/uploads\\\/2024\\\/10\\\/WBCheck-Option-1-1.png\",\"datePublished\":\"2025-12-02T15:11:04+00:00\",\"dateModified\":\"2025-12-02T15:11:18+00:00\",\"description\":\"Entdecken Sie Recovib Feel & Tiny Recorder: kompakte Sensoren f\u00fcr eine pr\u00e4zise Vibrationsanalyse. Zuverl\u00e4ssig, genau und einfach in der Anwendung.\",\"breadcrumb\":{\"@id\":\"https:\\\/\\\/micromega-dynamics.com\\\/de\\\/produit\\\/recovib-feel-tiny\\\/#breadcrumb\"},\"inLanguage\":\"de\",\"potentialAction\":[{\"@type\":\"ReadAction\",\"target\":[\"https:\\\/\\\/micromega-dynamics.com\\\/de\\\/produit\\\/recovib-feel-tiny\\\/\"]}]},{\"@type\":\"ImageObject\",\"inLanguage\":\"de\",\"@id\":\"https:\\\/\\\/micromega-dynamics.com\\\/de\\\/produit\\\/recovib-feel-tiny\\\/#primaryimage\",\"url\":\"https:\\\/\\\/micromega-dynamics.com\\\/files\\\/uploads\\\/2024\\\/10\\\/WBCheck-Option-1-1.png\",\"contentUrl\":\"https:\\\/\\\/micromega-dynamics.com\\\/files\\\/uploads\\\/2024\\\/10\\\/WBCheck-Option-1-1.png\",\"width\":900,\"height\":900,\"caption\":\"Winziger Rekorder und Feel Usb\"},{\"@type\":\"BreadcrumbList\",\"@id\":\"https:\\\/\\\/micromega-dynamics.com\\\/de\\\/produit\\\/recovib-feel-tiny\\\/#breadcrumb\",\"itemListElement\":[{\"@type\":\"ListItem\",\"position\":1,\"name\":\"Accueil\",\"item\":\"https:\\\/\\\/micromega-dynamics.com\\\/de\\\/\"},{\"@type\":\"ListItem\",\"position\":2,\"name\":\"Boutique\",\"item\":\"https:\\\/\\\/micromega-dynamics.com\\\/de\\\/boutique\\\/\"},{\"@type\":\"ListItem\",\"position\":3,\"name\":\"Recovib Gef\u00fchl + Winzig\"}]},{\"@type\":\"WebSite\",\"@id\":\"https:\\\/\\\/micromega-dynamics.com\\\/de\\\/#website\",\"url\":\"https:\\\/\\\/micromega-dynamics.com\\\/de\\\/\",\"name\":\"Micromega Dynamics\",\"description\":\"Vibration Monitoring and Control\",\"publisher\":{\"@id\":\"https:\\\/\\\/micromega-dynamics.com\\\/de\\\/#organization\"},\"potentialAction\":[{\"@type\":\"SearchAction\",\"target\":{\"@type\":\"EntryPoint\",\"urlTemplate\":\"https:\\\/\\\/micromega-dynamics.com\\\/de\\\/?s={search_term_string}\"},\"query-input\":{\"@type\":\"PropertyValueSpecification\",\"valueRequired\":true,\"valueName\":\"search_term_string\"}}],\"inLanguage\":\"de\"},{\"@type\":\"Organization\",\"@id\":\"https:\\\/\\\/micromega-dynamics.com\\\/de\\\/#organization\",\"name\":\"Micromega Dynamics\",\"url\":\"https:\\\/\\\/micromega-dynamics.com\\\/de\\\/\",\"logo\":{\"@type\":\"ImageObject\",\"inLanguage\":\"de\",\"@id\":\"https:\\\/\\\/micromega-dynamics.com\\\/de\\\/#\\\/schema\\\/logo\\\/image\\\/\",\"url\":\"https:\\\/\\\/micromega-dynamics.com\\\/files\\\/uploads\\\/2024\\\/09\\\/MICROMEGA-logo-couleurs.jpg\",\"contentUrl\":\"https:\\\/\\\/micromega-dynamics.com\\\/files\\\/uploads\\\/2024\\\/09\\\/MICROMEGA-logo-couleurs.jpg\",\"width\":1162,\"height\":331,\"caption\":\"Micromega Dynamics\"},\"image\":{\"@id\":\"https:\\\/\\\/micromega-dynamics.com\\\/de\\\/#\\\/schema\\\/logo\\\/image\\\/\"},\"sameAs\":[\"https:\\\/\\\/www.linkedin.com\\\/company\\\/micromega-dynamics\\\/\"]}]}<\/script>\n<!-- \/ Yoast SEO Premium plugin. -->","yoast_head_json":{"title":"Recovib Feel + Winziger Vibrationsrekorder |","description":"Entdecken Sie Recovib Feel & Tiny Recorder: kompakte Sensoren f\u00fcr eine pr\u00e4zise Vibrationsanalyse. Zuverl\u00e4ssig, genau und einfach in der Anwendung.","robots":{"index":"index","follow":"follow","max-snippet":"max-snippet:-1","max-image-preview":"max-image-preview:large","max-video-preview":"max-video-preview:-1"},"canonical":"https:\/\/micromega-dynamics.com\/de\/produit\/recovib-feel-tiny\/","og_locale":"de_DE","og_type":"article","og_title":"Recovib Gef\u00fchl + Winzig","og_description":"Entdecken Sie Recovib Feel & Tiny Recorder: kompakte Sensoren f\u00fcr eine pr\u00e4zise Vibrationsanalyse. Zuverl\u00e4ssig, genau und einfach in der Anwendung.","og_url":"https:\/\/micromega-dynamics.com\/de\/produit\/recovib-feel-tiny\/","og_site_name":"Micromega Dynamics","article_modified_time":"2025-12-02T15:11:18+00:00","og_image":[{"width":900,"height":900,"url":"https:\/\/micromega-dynamics.com\/files\/uploads\/2024\/10\/WBCheck-Option-1-1.png","type":"image\/png"}],"twitter_card":"summary_large_image","twitter_misc":{"Gesch\u00e4tzte Lesezeit":"3\u00a0Minuten"},"schema":{"@context":"https:\/\/schema.org","@graph":[{"@type":"WebPage","@id":"https:\/\/micromega-dynamics.com\/de\/produit\/recovib-feel-tiny\/","url":"https:\/\/micromega-dynamics.com\/de\/produit\/recovib-feel-tiny\/","name":"Recovib Feel + Winziger Vibrationsrekorder |","isPartOf":{"@id":"https:\/\/micromega-dynamics.com\/de\/#website"},"primaryImageOfPage":{"@id":"https:\/\/micromega-dynamics.com\/de\/produit\/recovib-feel-tiny\/#primaryimage"},"image":{"@id":"https:\/\/micromega-dynamics.com\/de\/produit\/recovib-feel-tiny\/#primaryimage"},"thumbnailUrl":"https:\/\/micromega-dynamics.com\/files\/uploads\/2024\/10\/WBCheck-Option-1-1.png","datePublished":"2025-12-02T15:11:04+00:00","dateModified":"2025-12-02T15:11:18+00:00","description":"Entdecken Sie Recovib Feel & Tiny Recorder: kompakte Sensoren f\u00fcr eine pr\u00e4zise Vibrationsanalyse. Zuverl\u00e4ssig, genau und einfach in der Anwendung.","breadcrumb":{"@id":"https:\/\/micromega-dynamics.com\/de\/produit\/recovib-feel-tiny\/#breadcrumb"},"inLanguage":"de","potentialAction":[{"@type":"ReadAction","target":["https:\/\/micromega-dynamics.com\/de\/produit\/recovib-feel-tiny\/"]}]},{"@type":"ImageObject","inLanguage":"de","@id":"https:\/\/micromega-dynamics.com\/de\/produit\/recovib-feel-tiny\/#primaryimage","url":"https:\/\/micromega-dynamics.com\/files\/uploads\/2024\/10\/WBCheck-Option-1-1.png","contentUrl":"https:\/\/micromega-dynamics.com\/files\/uploads\/2024\/10\/WBCheck-Option-1-1.png","width":900,"height":900,"caption":"Winziger Rekorder und Feel Usb"},{"@type":"BreadcrumbList","@id":"https:\/\/micromega-dynamics.com\/de\/produit\/recovib-feel-tiny\/#breadcrumb","itemListElement":[{"@type":"ListItem","position":1,"name":"Accueil","item":"https:\/\/micromega-dynamics.com\/de\/"},{"@type":"ListItem","position":2,"name":"Boutique","item":"https:\/\/micromega-dynamics.com\/de\/boutique\/"},{"@type":"ListItem","position":3,"name":"Recovib Gef\u00fchl + Winzig"}]},{"@type":"WebSite","@id":"https:\/\/micromega-dynamics.com\/de\/#website","url":"https:\/\/micromega-dynamics.com\/de\/","name":"Micromega Dynamics","description":"Vibration Monitoring and Control","publisher":{"@id":"https:\/\/micromega-dynamics.com\/de\/#organization"},"potentialAction":[{"@type":"SearchAction","target":{"@type":"EntryPoint","urlTemplate":"https:\/\/micromega-dynamics.com\/de\/?s={search_term_string}"},"query-input":{"@type":"PropertyValueSpecification","valueRequired":true,"valueName":"search_term_string"}}],"inLanguage":"de"},{"@type":"Organization","@id":"https:\/\/micromega-dynamics.com\/de\/#organization","name":"Micromega Dynamics","url":"https:\/\/micromega-dynamics.com\/de\/","logo":{"@type":"ImageObject","inLanguage":"de","@id":"https:\/\/micromega-dynamics.com\/de\/#\/schema\/logo\/image\/","url":"https:\/\/micromega-dynamics.com\/files\/uploads\/2024\/09\/MICROMEGA-logo-couleurs.jpg","contentUrl":"https:\/\/micromega-dynamics.com\/files\/uploads\/2024\/09\/MICROMEGA-logo-couleurs.jpg","width":1162,"height":331,"caption":"Micromega Dynamics"},"image":{"@id":"https:\/\/micromega-dynamics.com\/de\/#\/schema\/logo\/image\/"},"sameAs":["https:\/\/www.linkedin.com\/company\/micromega-dynamics\/"]}]}},"_links":{"self":[{"href":"https:\/\/micromega-dynamics.com\/de\/wp-json\/wp\/v2\/product\/20552","targetHints":{"allow":["GET"]}}],"collection":[{"href":"https:\/\/micromega-dynamics.com\/de\/wp-json\/wp\/v2\/product"}],"about":[{"href":"https:\/\/micromega-dynamics.com\/de\/wp-json\/wp\/v2\/types\/product"}],"wp:featuredmedia":[{"embeddable":true,"href":"https:\/\/micromega-dynamics.com\/de\/wp-json\/wp\/v2\/media\/16121"}],"wp:attachment":[{"href":"https:\/\/micromega-dynamics.com\/de\/wp-json\/wp\/v2\/media?parent=20552"}],"wp:term":[{"taxonomy":"product_brand","embeddable":true,"href":"https:\/\/micromega-dynamics.com\/de\/wp-json\/wp\/v2\/product_brand?post=20552"},{"taxonomy":"product_cat","embeddable":true,"href":"https:\/\/micromega-dynamics.com\/de\/wp-json\/wp\/v2\/product_cat?post=20552"},{"taxonomy":"product_tag","embeddable":true,"href":"https:\/\/micromega-dynamics.com\/de\/wp-json\/wp\/v2\/product_tag?post=20552"}],"curies":[{"name":"wp","href":"https:\/\/api.w.org\/{rel}","templated":true}]}}