{"id":16694,"date":"2025-05-08T15:47:38","date_gmt":"2025-05-08T13:47:38","guid":{"rendered":"https:\/\/micromega-dynamics.com\/shop\/"},"modified":"2025-05-13T09:27:13","modified_gmt":"2025-05-13T07:27:13","slug":"shop","status":"publish","type":"page","link":"https:\/\/micromega-dynamics.com\/es\/shop\/","title":{"rendered":"Tienda"},"content":{"rendered":"<p>[et_pb_section fb_built=\u00bb1&#8243; _builder_version=\u00bb4.27.2&#8243; _module_preset=\u00bbdefault\u00bb background_image=\u00bbhttps:\/\/micromega-dynamics.com\/files\/uploads\/2024\/10\/Cover-Usecase-13.jpg\u00bb parallax=\u00bbon\u00bb custom_padding=\u00bb90px||90px||true|false\u00bb locked=\u00bboff\u00bb global_colors_info=\u00bb{}\u00bb][et_pb_row _builder_version=\u00bb4.24.3&#8243; _module_preset=\u00bbdefault\u00bb width=\u00bb32%\u00bb width_tablet=\u00bb32%\u00bb width_phone=\u00bb88%\u00bb width_last_edited=\u00bbon|phone\u00bb global_colors_info=\u00bb{}\u00bb][et_pb_column type=\u00bb4_4&#8243; _builder_version=\u00bb4.24.3&#8243; _module_preset=\u00bbdefault\u00bb global_colors_info=\u00bb{}\u00bb][et_pb_text _builder_version=\u00bb4.27.2&#8243; _module_preset=\u00bbdefault\u00bb text_text_color=\u00bb#ffffff\u00bb header_font=\u00bb|800||on|||||\u00bb header_text_color=\u00bb#ffffff\u00bb header_font_size=\u00bb33px\u00bb header_letter_spacing=\u00bb4px\u00bb header_line_height=\u00bb1.2em\u00bb background_color=\u00bbrgba(0,0,0,0.59)\u00bb custom_padding=\u00bb15px||15px||true|false\u00bb header_font_size_tablet=\u00bb33px\u00bb header_font_size_phone=\u00bb25px\u00bb header_font_size_last_edited=\u00bbon|phone\u00bb global_colors_info=\u00bb{}\u00bb]<\/p>\n<h1 style=\"text-align: center;\">Tienda<\/h1>\n<p>[\/et_pb_text][\/et_pb_column][\/et_pb_row][\/et_pb_section][et_pb_section fb_built=\u00bb1&#8243; _builder_version=\u00bb4.24.3&#8243; _module_preset=\u00bbdefault\u00bb custom_margin=\u00bb0px||0px||false|false\u00bb custom_padding=\u00bb0px||0px||false|false\u00bb global_colors_info=\u00bb{}\u00bb][et_pb_row _builder_version=\u00bb4.24.3&#8243; _module_preset=\u00bbdefault\u00bb custom_margin=\u00bb0px||0px||false|false\u00bb custom_padding=\u00bb0px||0px||false|false\u00bb global_colors_info=\u00bb{}\u00bb][et_pb_column type=\u00bb4_4&#8243; _builder_version=\u00bb4.24.3&#8243; _module_preset=\u00bbdefault\u00bb global_colors_info=\u00bb{}\u00bb][et_pb_divider show_divider=\u00bboff\u00bb _builder_version=\u00bb4.24.3&#8243; _module_preset=\u00bbdefault\u00bb min_height=\u00bb10px\u00bb height=\u00bb10px\u00bb custom_margin=\u00bb0px|0px|0px|0px|true|true\u00bb custom_padding=\u00bb46px|0px|46px|0px|true|true\u00bb global_colors_info=\u00bb{}\u00bb][\/et_pb_divider][et_pb_text _builder_version=\u00bb4.27.4&#8243; _module_preset=\u00bbdefault\u00bb text_font_size=\u00bb17px\u00bb ul_font_size=\u00bb16px\u00bb ul_line_height=\u00bb1.7em\u00bb header_font=\u00bb|800|||||||\u00bb header_2_font=\u00bb|700|||||||\u00bb header_2_text_color=\u00bb#000000&#8243; custom_margin=\u00bb0px||0px||true|false\u00bb custom_padding=\u00bb0px||0px||true|false\u00bb hover_enabled=\u00bb0&#8243; header_2_text_shadow_style=\u00bbpreset3&#8243; header_2_text_shadow_blur_strength=\u00bb0.05em\u00bb global_colors_info=\u00bb{}\u00bb sticky_enabled=\u00bb0&#8243;]<\/p>\n<h2 style=\"text-align: center;\">Compra nuestros productos online<\/h2>\n<p>[\/et_pb_text][\/et_pb_column][\/et_pb_row][\/et_pb_section][et_pb_section fb_built=\u00bb1&#8243; module_id=\u00bbproductos\u00bb _builder_version=\u00bb4.27.0&#8243; _module_preset=\u00bbdefault\u00bb custom_margin_tablet=\u00bb\u00bb custom_margin_phone=\u00bb\u00bb custom_margin_last_edited=\u00bbon|phone\u00bb custom_padding=\u00bb||||false|false\u00bb locked=\u00bboff\u00bb global_colors_info=\u00bb{}\u00bb][et_pb_row column_structure=\u00bb1_4,1_4,1_4,1_4&#8243; _builder_version=\u00bb4.27.0&#8243; _module_preset=\u00bbdefault\u00bb custom_margin=\u00bb-11px|auto||auto||\u00bb custom_padding=\u00bb2px|||||\u00bb global_colors_info=\u00bb{}\u00bb][et_pb_column type=\u00bb1_4&#8243; _builder_version=\u00bb4.27.0&#8243; _module_preset=\u00bbdefault\u00bb border_color_all=\u00bb#dbdbdb\u00bb global_colors_info=\u00bb{}\u00bb][et_pb_image src=\u00bbhttps:\/\/micromega-dynamics.com\/files\/uploads\/2024\/09\/Copie-de-Copie-de-WBCheck-Option.png\u00bb alt=\u00bbRegistrador de Vibraciones Tiny\u00bb title_text=\u00bbRecovib min\u00fasculo\u00bb url=\u00bb@ET-DC@eyJkeW5hbWljIjp0cnVlLCJjb250ZW50IjoicG9zdF9saW5rX3VybF9wYWdlIiwic2V0dGluZ3MiOnsicG9zdF9pZCI6IjEyNjk5IiwiZW5hYmxlX2h0bWwiOiJvZmYifX0=@\u00bb _builder_version=\u00bb4.27.2&#8243; _dynamic_attributes=\u00bburl\u00bb _module_preset=\u00bbdefault\u00bb custom_margin=\u00bb||-10px||false|false\u00bb custom_padding=\u00bb||0px|||\u00bb global_colors_info=\u00bb{}\u00bb][\/et_pb_image][et_pb_text _builder_version=\u00bb4.27.2&#8243; _dynamic_attributes=\u00bblink_option_url\u00bb _module_preset=\u00bbdefault\u00bb custom_margin=\u00bb||3px|||\u00bb link_option_url=\u00bb@ET-DC@eyJkeW5hbWljIjp0cnVlLCJjb250ZW50IjoicG9zdF9saW5rX3VybF9wYWdlIiwic2V0dGluZ3MiOnsicG9zdF9pZCI6IjEyNjk5IiwiZW5hYmxlX2h0bWwiOiJvZmYifX0=@\u00bb global_colors_info=\u00bb{}\u00bb]<\/p>\n<h3 style=\"text-align: center;\"><strong>Registrador de Vibraciones Tiny<\/strong><\/h3>\n<p>[\/et_pb_text][et_pb_wc_price product=\u00bb13305&#8243; _builder_version=\u00bb4.27.2&#8243; _module_preset=\u00bbdefault\u00bb body_font_size=\u00bb20px\u00bb text_orientation=\u00bbcenter\u00bb global_colors_info=\u00bb{}\u00bb][\/et_pb_wc_price][\/et_pb_column][et_pb_column type=\u00bb1_4&#8243; _builder_version=\u00bb4.27.0&#8243; _module_preset=\u00bbdefault\u00bb border_color_all=\u00bb#dbdbdb\u00bb global_colors_info=\u00bb{}\u00bb][et_pb_image src=\u00bbhttps:\/\/micromega-dynamics.com\/files\/uploads\/2024\/10\/WBCheck-Option.png\u00bb alt=\u00bbAceler\u00f3metro USB Feel\u00bb title_text=\u00bbAceler\u00f3metro USB Feel\u00bb url=\u00bb@ET-DC@eyJkeW5hbWljIjp0cnVlLCJjb250ZW50IjoicG9zdF9saW5rX3VybF9wYWdlIiwic2V0dGluZ3MiOnsicG9zdF9pZCI6IjEyNzM0IiwiZW5hYmxlX2h0bWwiOiJvZmYifX0=@\u00bb _builder_version=\u00bb4.27.2&#8243; _dynamic_attributes=\u00bburl\u00bb _module_preset=\u00bbdefault\u00bb custom_margin=\u00bb||-10px||false|false\u00bb custom_padding=\u00bb||0px|||\u00bb global_colors_info=\u00bb{}\u00bb][\/et_pb_image][et_pb_text _builder_version=\u00bb4.27.2&#8243; _dynamic_attributes=\u00bblink_option_url\u00bb _module_preset=\u00bbdefault\u00bb header_3_line_height=\u00bb1.2em\u00bb custom_margin=\u00bb||0px|||\u00bb link_option_url=\u00bb@ET-DC@eyJkeW5hbWljIjp0cnVlLCJjb250ZW50IjoicG9zdF9saW5rX3VybF9wYWdlIiwic2V0dGluZ3MiOnsicG9zdF9pZCI6IjEyNzM0IiwiZW5hYmxlX2h0bWwiOiJvZmYifX0=@\u00bb global_colors_info=\u00bb{}\u00bb]<\/p>\n<h3 style=\"text-align: center;\"><strong>Aceler\u00f3metro USB Feel<\/strong><\/h3>\n<p>[\/et_pb_text][et_pb_wc_price product=\u00bb13513&#8243; _builder_version=\u00bb4.27.2&#8243; _module_preset=\u00bbdefault\u00bb body_font_size=\u00bb20px\u00bb text_orientation=\u00bbcenter\u00bb global_colors_info=\u00bb{}\u00bb][\/et_pb_wc_price][\/et_pb_column][et_pb_column type=\u00bb1_4&#8243; _builder_version=\u00bb4.27.0&#8243; _module_preset=\u00bbdefault\u00bb global_colors_info=\u00bb{}\u00bb][et_pb_image src=\u00bbhttps:\/\/micromega-dynamics.com\/files\/uploads\/2024\/10\/WBCheck-Option-1-1.png\u00bb alt=\u00bbRegistrador de Vibraciones Tiny y Feel Usb\u00bb title_text=\u00bbRegistrador de Vibraciones Tiny y Feel Usb\u00bb url=\u00bb@ET-DC@eyJkeW5hbWljIjp0cnVlLCJjb250ZW50IjoicG9zdF9saW5rX3VybF9wYWdlIiwic2V0dGluZ3MiOnsicG9zdF9pZCI6IjEzNjczIiwiZW5hYmxlX2h0bWwiOiJvZmYifX0=@\u00bb _builder_version=\u00bb4.27.2&#8243; _dynamic_attributes=\u00bburl\u00bb _module_preset=\u00bbdefault\u00bb custom_margin=\u00bb||-10px||false|false\u00bb custom_padding=\u00bb||0px|||\u00bb global_colors_info=\u00bb{}\u00bb][\/et_pb_image][et_pb_text _builder_version=\u00bb4.27.2&#8243; _dynamic_attributes=\u00bblink_option_url\u00bb _module_preset=\u00bbdefault\u00bb header_3_line_height=\u00bb1.2em\u00bb custom_margin=\u00bb||-1px|||\u00bb link_option_url=\u00bb@ET-DC@eyJkeW5hbWljIjp0cnVlLCJjb250ZW50IjoicG9zdF9saW5rX3VybF9wYWdlIiwic2V0dGluZ3MiOnsicG9zdF9pZCI6IjEyNTc3IiwiZW5hYmxlX2h0bWwiOiJvZmYifX0=@\u00bb global_colors_info=\u00bb{}\u00bb]<\/p>\n<h3 style=\"text-align: center;\"><strong>Recovib Feel + Tiny<\/strong><\/h3>\n<p>[\/et_pb_text][et_pb_wc_price product=\u00bb13648&#8243; _builder_version=\u00bb4.27.2&#8243; _module_preset=\u00bbdefault\u00bb body_font_size=\u00bb20px\u00bb text_orientation=\u00bbcenter\u00bb global_colors_info=\u00bb{}\u00bb][\/et_pb_wc_price][\/et_pb_column][et_pb_column type=\u00bb1_4&#8243; _builder_version=\u00bb4.27.0&#8243; _module_preset=\u00bbdefault\u00bb global_colors_info=\u00bb{}\u00bb][et_pb_image src=\u00bbhttps:\/\/micromega-dynamics.com\/files\/uploads\/2024\/10\/WBCheck-Option-9.png\u00bb alt=\u00bbSoporte s\u00edsmico DIN 45669-2&#8243; title_text=\u00bbSoporte s\u00edsmico DIN 45669-2&#8243; url=\u00bb@ET-DC@eyJkeW5hbWljIjp0cnVlLCJjb250ZW50IjoicG9zdF9saW5rX3VybF9wYWdlIiwic2V0dGluZ3MiOnsicG9zdF9pZCI6IjEzNjI2IiwiZW5hYmxlX2h0bWwiOiJvZmYifX0=@\u00bb _builder_version=\u00bb4.27.2&#8243; _dynamic_attributes=\u00bburl\u00bb _module_preset=\u00bbdefault\u00bb custom_margin=\u00bb||-10px||false|false\u00bb custom_padding=\u00bb||0px|||\u00bb global_colors_info=\u00bb{}\u00bb][\/et_pb_image][et_pb_text _builder_version=\u00bb4.27.2&#8243; _dynamic_attributes=\u00bblink_option_url\u00bb _module_preset=\u00bbdefault\u00bb header_3_line_height=\u00bb1.2em\u00bb custom_margin=\u00bb||-1px|||\u00bb link_option_url=\u00bb@ET-DC@eyJkeW5hbWljIjp0cnVlLCJjb250ZW50IjoicG9zdF9saW5rX3VybF9wYWdlIiwic2V0dGluZ3MiOnsicG9zdF9pZCI6IjEzNjI2IiwiZW5hYmxlX2h0bWwiOiJvZmYifX0=@\u00bb global_colors_info=\u00bb{}\u00bb]<\/p>\n<h3 style=\"text-align: center;\"><strong>Apoyo s\u00edsmico<\/strong><\/h3>\n<p>[\/et_pb_text][et_pb_wc_price product=\u00bb13642&#8243; _builder_version=\u00bb4.27.2&#8243; _module_preset=\u00bbdefault\u00bb body_font_size=\u00bb20px\u00bb text_orientation=\u00bbcenter\u00bb global_colors_info=\u00bb{}\u00bb][\/et_pb_wc_price][\/et_pb_column][\/et_pb_row][\/et_pb_section]<\/p>\n","protected":false},"excerpt":{"rendered":"<p>TiendaCompra nuestros productos onlineRegistrador de Vibraciones TinyAceler\u00f3metro USB FeelRecovib Feel + TinyApoyo s\u00edsmico<\/p>\n","protected":false},"author":13,"featured_media":0,"parent":0,"menu_order":0,"comment_status":"closed","ping_status":"closed","template":"","meta":{"_et_pb_use_builder":"on","_et_pb_old_content":"","_et_gb_content_width":"","footnotes":""},"class_list":["post-16694","page","type-page","status-publish","hentry"],"yoast_head":"<!-- This site is optimized with the Yoast SEO Premium plugin v27.0 (Yoast SEO v27.0) - https:\/\/yoast.com\/product\/yoast-seo-premium-wordpress\/ -->\n<title>Tienda - Micromega Dynamics<\/title>\n<meta name=\"description\" content=\"Compra en l\u00ednea nuestros registradores de vibraciones y nuestros aceler\u00f3metros industriales.\" \/>\n<meta name=\"robots\" content=\"index, follow, max-snippet:-1, max-image-preview:large, max-video-preview:-1\" \/>\n<link rel=\"canonical\" href=\"https:\/\/micromega-dynamics.com\/es\/shop\/\" \/>\n<meta property=\"og:locale\" content=\"es_ES\" \/>\n<meta property=\"og:type\" content=\"article\" \/>\n<meta property=\"og:title\" content=\"Din\u00e1mica Micromega\" \/>\n<meta property=\"og:description\" content=\"Micromega Dynamics propone soluciones innovadoras en el campo de la supervisi\u00f3n en l\u00ednea de estructuras, la reducci\u00f3n de las vibraciones estructurales y los mecanismos de alta precisi\u00f3n.\" \/>\n<meta property=\"og:url\" content=\"https:\/\/micromega-dynamics.com\/es\/shop\/\" \/>\n<meta property=\"og:site_name\" content=\"Micromega Dynamics\" \/>\n<meta property=\"article:modified_time\" content=\"2025-05-13T07:27:13+00:00\" \/>\n<meta property=\"og:image\" content=\"https:\/\/micromega-dynamics.com\/files\/uploads\/2020\/03\/about-us-picture.jpg\" \/>\n<meta name=\"twitter:card\" content=\"summary_large_image\" \/>\n<meta name=\"twitter:title\" content=\"Micromega Dynamics\" \/>\n<meta name=\"twitter:description\" content=\"Micromega Dynamics propone soluciones innovadoras en el campo de la supervisi\u00f3n en l\u00ednea de estructuras, la reducci\u00f3n de las vibraciones estructurales y los mecanismos de alta precisi\u00f3n.\" \/>\n<meta name=\"twitter:image\" content=\"https:\/\/micromega-dynamics.com\/files\/uploads\/2020\/03\/about-us-picture.jpg\" \/>\n<meta name=\"twitter:label1\" content=\"Tiempo de lectura\" \/>\n\t<meta name=\"twitter:data1\" content=\"5 minutos\" \/>\n<script type=\"application\/ld+json\" class=\"yoast-schema-graph\">{\"@context\":\"https:\/\/schema.org\",\"@graph\":[{\"@type\":\"WebPage\",\"@id\":\"https:\/\/micromega-dynamics.com\/es\/shop\/\",\"url\":\"https:\/\/micromega-dynamics.com\/es\/shop\/\",\"name\":\"Tienda - Micromega Dynamics\",\"isPartOf\":{\"@id\":\"https:\/\/micromega-dynamics.com\/es\/#website\"},\"datePublished\":\"2025-05-08T13:47:38+00:00\",\"dateModified\":\"2025-05-13T07:27:13+00:00\",\"description\":\"Compra en l\u00ednea nuestros registradores de vibraciones y nuestros aceler\u00f3metros industriales.\",\"breadcrumb\":{\"@id\":\"https:\/\/micromega-dynamics.com\/es\/shop\/#breadcrumb\"},\"inLanguage\":\"es\",\"potentialAction\":[{\"@type\":\"ReadAction\",\"target\":[\"https:\/\/micromega-dynamics.com\/es\/shop\/\"]}]},{\"@type\":\"BreadcrumbList\",\"@id\":\"https:\/\/micromega-dynamics.com\/es\/shop\/#breadcrumb\",\"itemListElement\":[{\"@type\":\"ListItem\",\"position\":1,\"name\":\"Accueil\",\"item\":\"https:\/\/micromega-dynamics.com\/es\/\"},{\"@type\":\"ListItem\",\"position\":2,\"name\":\"Tienda\"}]},{\"@type\":\"WebSite\",\"@id\":\"https:\/\/micromega-dynamics.com\/es\/#website\",\"url\":\"https:\/\/micromega-dynamics.com\/es\/\",\"name\":\"Micromega Dynamics\",\"description\":\"Vibration Monitoring and Control\",\"publisher\":{\"@id\":\"https:\/\/micromega-dynamics.com\/es\/#organization\"},\"potentialAction\":[{\"@type\":\"SearchAction\",\"target\":{\"@type\":\"EntryPoint\",\"urlTemplate\":\"https:\/\/micromega-dynamics.com\/es\/?s={search_term_string}\"},\"query-input\":{\"@type\":\"PropertyValueSpecification\",\"valueRequired\":true,\"valueName\":\"search_term_string\"}}],\"inLanguage\":\"es\"},{\"@type\":\"Organization\",\"@id\":\"https:\/\/micromega-dynamics.com\/es\/#organization\",\"name\":\"Micromega Dynamics\",\"url\":\"https:\/\/micromega-dynamics.com\/es\/\",\"logo\":{\"@type\":\"ImageObject\",\"inLanguage\":\"es\",\"@id\":\"https:\/\/micromega-dynamics.com\/es\/#\/schema\/logo\/image\/\",\"url\":\"https:\/\/micromega-dynamics.com\/files\/uploads\/2024\/09\/MICROMEGA-logo-couleurs.jpg\",\"contentUrl\":\"https:\/\/micromega-dynamics.com\/files\/uploads\/2024\/09\/MICROMEGA-logo-couleurs.jpg\",\"width\":1162,\"height\":331,\"caption\":\"Micromega Dynamics\"},\"image\":{\"@id\":\"https:\/\/micromega-dynamics.com\/es\/#\/schema\/logo\/image\/\"},\"sameAs\":[\"https:\/\/www.linkedin.com\/company\/micromega-dynamics\/\"]}]}<\/script>\n<!-- \/ Yoast SEO Premium plugin. -->","yoast_head_json":{"title":"Tienda - Micromega Dynamics","description":"Compra en l\u00ednea nuestros registradores de vibraciones y nuestros aceler\u00f3metros industriales.","robots":{"index":"index","follow":"follow","max-snippet":"max-snippet:-1","max-image-preview":"max-image-preview:large","max-video-preview":"max-video-preview:-1"},"canonical":"https:\/\/micromega-dynamics.com\/es\/shop\/","og_locale":"es_ES","og_type":"article","og_title":"Din\u00e1mica Micromega","og_description":"Micromega Dynamics propone soluciones innovadoras en el campo de la supervisi\u00f3n en l\u00ednea de estructuras, la reducci\u00f3n de las vibraciones estructurales y los mecanismos de alta precisi\u00f3n.","og_url":"https:\/\/micromega-dynamics.com\/es\/shop\/","og_site_name":"Micromega Dynamics","article_modified_time":"2025-05-13T07:27:13+00:00","og_image":[{"url":"https:\/\/micromega-dynamics.com\/files\/uploads\/2020\/03\/about-us-picture.jpg","type":"","width":"","height":""}],"twitter_card":"summary_large_image","twitter_title":"Micromega Dynamics","twitter_description":"Micromega Dynamics propone soluciones innovadoras en el campo de la supervisi\u00f3n en l\u00ednea de estructuras, la reducci\u00f3n de las vibraciones estructurales y los mecanismos de alta precisi\u00f3n.","twitter_image":"https:\/\/micromega-dynamics.com\/files\/uploads\/2020\/03\/about-us-picture.jpg","twitter_misc":{"Tiempo de lectura":"5 minutos"},"schema":{"@context":"https:\/\/schema.org","@graph":[{"@type":"WebPage","@id":"https:\/\/micromega-dynamics.com\/es\/shop\/","url":"https:\/\/micromega-dynamics.com\/es\/shop\/","name":"Tienda - Micromega Dynamics","isPartOf":{"@id":"https:\/\/micromega-dynamics.com\/es\/#website"},"datePublished":"2025-05-08T13:47:38+00:00","dateModified":"2025-05-13T07:27:13+00:00","description":"Compra en l\u00ednea nuestros registradores de vibraciones y nuestros aceler\u00f3metros industriales.","breadcrumb":{"@id":"https:\/\/micromega-dynamics.com\/es\/shop\/#breadcrumb"},"inLanguage":"es","potentialAction":[{"@type":"ReadAction","target":["https:\/\/micromega-dynamics.com\/es\/shop\/"]}]},{"@type":"BreadcrumbList","@id":"https:\/\/micromega-dynamics.com\/es\/shop\/#breadcrumb","itemListElement":[{"@type":"ListItem","position":1,"name":"Accueil","item":"https:\/\/micromega-dynamics.com\/es\/"},{"@type":"ListItem","position":2,"name":"Tienda"}]},{"@type":"WebSite","@id":"https:\/\/micromega-dynamics.com\/es\/#website","url":"https:\/\/micromega-dynamics.com\/es\/","name":"Micromega Dynamics","description":"Vibration Monitoring and Control","publisher":{"@id":"https:\/\/micromega-dynamics.com\/es\/#organization"},"potentialAction":[{"@type":"SearchAction","target":{"@type":"EntryPoint","urlTemplate":"https:\/\/micromega-dynamics.com\/es\/?s={search_term_string}"},"query-input":{"@type":"PropertyValueSpecification","valueRequired":true,"valueName":"search_term_string"}}],"inLanguage":"es"},{"@type":"Organization","@id":"https:\/\/micromega-dynamics.com\/es\/#organization","name":"Micromega Dynamics","url":"https:\/\/micromega-dynamics.com\/es\/","logo":{"@type":"ImageObject","inLanguage":"es","@id":"https:\/\/micromega-dynamics.com\/es\/#\/schema\/logo\/image\/","url":"https:\/\/micromega-dynamics.com\/files\/uploads\/2024\/09\/MICROMEGA-logo-couleurs.jpg","contentUrl":"https:\/\/micromega-dynamics.com\/files\/uploads\/2024\/09\/MICROMEGA-logo-couleurs.jpg","width":1162,"height":331,"caption":"Micromega Dynamics"},"image":{"@id":"https:\/\/micromega-dynamics.com\/es\/#\/schema\/logo\/image\/"},"sameAs":["https:\/\/www.linkedin.com\/company\/micromega-dynamics\/"]}]}},"_links":{"self":[{"href":"https:\/\/micromega-dynamics.com\/es\/wp-json\/wp\/v2\/pages\/16694","targetHints":{"allow":["GET"]}}],"collection":[{"href":"https:\/\/micromega-dynamics.com\/es\/wp-json\/wp\/v2\/pages"}],"about":[{"href":"https:\/\/micromega-dynamics.com\/es\/wp-json\/wp\/v2\/types\/page"}],"author":[{"embeddable":true,"href":"https:\/\/micromega-dynamics.com\/es\/wp-json\/wp\/v2\/users\/13"}],"replies":[{"embeddable":true,"href":"https:\/\/micromega-dynamics.com\/es\/wp-json\/wp\/v2\/comments?post=16694"}],"version-history":[{"count":5,"href":"https:\/\/micromega-dynamics.com\/es\/wp-json\/wp\/v2\/pages\/16694\/revisions"}],"predecessor-version":[{"id":17434,"href":"https:\/\/micromega-dynamics.com\/es\/wp-json\/wp\/v2\/pages\/16694\/revisions\/17434"}],"wp:attachment":[{"href":"https:\/\/micromega-dynamics.com\/es\/wp-json\/wp\/v2\/media?parent=16694"}],"curies":[{"name":"wp","href":"https:\/\/api.w.org\/{rel}","templated":true}]}}