{"id":19319,"date":"2025-11-19T10:10:01","date_gmt":"2025-11-19T09:10:01","guid":{"rendered":"https:\/\/micromega-dynamics.com\/?page_id=19319"},"modified":"2025-11-19T10:10:01","modified_gmt":"2025-11-19T09:10:01","slug":"blog","status":"publish","type":"page","link":"https:\/\/micromega-dynamics.com\/es\/blog\/","title":{"rendered":"Blog"},"content":{"rendered":"<p>[et_pb_section fb_built=\u00bb1&#8243; _builder_version=\u00bb4.27.4&#8243; _module_preset=\u00bbdefault\u00bb background_image=\u00bbhttps:\/\/micromega-dynamics.com\/files\/uploads\/2025\/09\/Cover-Usecase.jpg\u00bb parallax=\u00bbon\u00bb custom_padding=\u00bb90px||90px||true|false\u00bb locked=\u00bboff\u00bb global_colors_info=\u00bb{}\u00bb][et_pb_row _builder_version=\u00bb4.27.4&#8243; _module_preset=\u00bbdefault\u00bb width=\u00bb32%\u00bb width_tablet=\u00bb32%\u00bb width_phone=\u00bb88%\u00bb width_last_edited=\u00bbon|phone\u00bb global_colors_info=\u00bb{}\u00bb][et_pb_column type=\u00bb4_4&#8243; _builder_version=\u00bb4.24.3&#8243; _module_preset=\u00bbdefault\u00bb global_colors_info=\u00bb{}\u00bb][et_pb_text admin_label=\u00bbTexte\u00bb _builder_version=\u00bb4.27.4&#8243; _module_preset=\u00bbdefault\u00bb text_text_color=\u00bb#ffffff\u00bb header_font=\u00bb|800||on|||||\u00bb header_text_color=\u00bb#ffffff\u00bb header_font_size=\u00bb33px\u00bb header_letter_spacing=\u00bb4px\u00bb header_line_height=\u00bb1.2em\u00bb background_color=\u00bbrgba(0,0,0,0.59)\u00bb custom_padding=\u00bb15px||15px||true|false\u00bb header_font_size_tablet=\u00bb33px\u00bb header_font_size_phone=\u00bb25px\u00bb header_font_size_last_edited=\u00bbon|phone\u00bb global_colors_info=\u00bb{}\u00bb]<\/p>\n<h1 style=\"text-align: center;\">Blog<\/h1>\n<p>[\/et_pb_text][\/et_pb_column][\/et_pb_row][\/et_pb_section][et_pb_section fb_built=\u00bb1&#8243; _builder_version=\u00bb4.24.3&#8243; _module_preset=\u00bbdefault\u00bb custom_margin=\u00bb0px||0px||false|false\u00bb custom_padding=\u00bb0px||0px||false|false\u00bb global_colors_info=\u00bb{}\u00bb][et_pb_row _builder_version=\u00bb4.24.3&#8243; _module_preset=\u00bbdefault\u00bb custom_margin=\u00bb0px||0px||false|false\u00bb custom_padding=\u00bb0px||0px||false|false\u00bb global_colors_info=\u00bb{}\u00bb][et_pb_column type=\u00bb4_4&#8243; _builder_version=\u00bb4.24.3&#8243; _module_preset=\u00bbdefault\u00bb global_colors_info=\u00bb{}\u00bb][et_pb_divider show_divider=\u00bboff\u00bb _builder_version=\u00bb4.24.3&#8243; _module_preset=\u00bbdefault\u00bb min_height=\u00bb10px\u00bb height=\u00bb10px\u00bb custom_margin=\u00bb0px|0px|0px|0px|true|true\u00bb custom_padding=\u00bb46px|0px|46px|0px|true|true\u00bb global_colors_info=\u00bb{}\u00bb][\/et_pb_divider][et_pb_text _builder_version=\u00bb4.24.3&#8243; _module_preset=\u00bbdefault\u00bb text_font_size=\u00bb22px\u00bb text_line_height=\u00bb1.8em\u00bb global_colors_info=\u00bb{}\u00bb]<\/p>\n<h1 style=\"text-align: center;\">Dominar la medici\u00f3n de vibraciones<\/h1>\n<p style=\"text-align: center;\">Explora gu\u00edas detalladas sobre aceler\u00f3metros, rangos de vibraci\u00f3n y an\u00e1lisis de frecuencia para comprender, medir y controlar mejor las vibraciones en entornos exigentes.<\/p>\n<p>[\/et_pb_text][\/et_pb_column][\/et_pb_row][\/et_pb_section][et_pb_section fb_built=\u00bb1&#8243; _builder_version=\u00bb4.27.4&#8243; _module_preset=\u00bbdefault\u00bb global_colors_info=\u00bb{}\u00bb][et_pb_row _builder_version=\u00bb4.27.4&#8243; _module_preset=\u00bbdefault\u00bb global_colors_info=\u00bb{}\u00bb][et_pb_column type=\u00bb4_4&#8243; _builder_version=\u00bb4.27.4&#8243; _module_preset=\u00bbdefault\u00bb global_colors_info=\u00bb{}\u00bb][et_pb_blog fullwidth=\u00bboff\u00bb show_more=\u00bbon\u00bb show_author=\u00bboff\u00bb show_date=\u00bboff\u00bb show_categories=\u00bboff\u00bb _builder_version=\u00bb4.27.4&#8243; _module_preset=\u00bbdefault\u00bb global_colors_info=\u00bb{}\u00bb][\/et_pb_blog][\/et_pb_column][\/et_pb_row][\/et_pb_section]<\/p>\n","protected":false},"excerpt":{"rendered":"<p>Blog Dominar la medici\u00f3n de vibraciones Explora gu\u00edas detalladas sobre aceler\u00f3metros, rangos de vibraci\u00f3n y an\u00e1lisis de frecuencia para comprender, medir y controlar mejor las vibraciones en entornos exigentes.<\/p>\n","protected":false},"author":13,"featured_media":0,"parent":0,"menu_order":0,"comment_status":"closed","ping_status":"closed","template":"","meta":{"_et_pb_use_builder":"on","_et_pb_old_content":"","_et_gb_content_width":"","footnotes":""},"class_list":["post-19319","page","type-page","status-publish","hentry"],"yoast_head":"<!-- This site is optimized with the Yoast SEO Premium plugin v27.5 (Yoast SEO v27.5) - https:\/\/yoast.com\/product\/yoast-seo-premium-wordpress\/ -->\n<title>Blog | Dominar la medici\u00f3n de vibraciones - Micromega Dynamics<\/title>\n<meta name=\"description\" content=\"Explora gu\u00edas detalladas sobre aceler\u00f3metros, rangos de vibraci\u00f3n y an\u00e1lisis de frecuencia para comprender, medir y controlar mejor las vibraciones en entornos exigentes.\" \/>\n<meta name=\"robots\" content=\"index, follow, max-snippet:-1, max-image-preview:large, max-video-preview:-1\" \/>\n<link rel=\"canonical\" href=\"https:\/\/micromega-dynamics.com\/es\/blog\/\" \/>\n<meta property=\"og:locale\" content=\"es_ES\" \/>\n<meta property=\"og:type\" content=\"article\" \/>\n<meta property=\"og:title\" content=\"Micromega Dynamics\" \/>\n<meta property=\"og:description\" content=\"Micromega Dynamics propone soluciones innovadoras en el campo de la supervisi\u00f3n en l\u00ednea de estructuras, la reducci\u00f3n de las vibraciones estructurales y los mecanismos de alta precisi\u00f3n.\" \/>\n<meta property=\"og:url\" content=\"https:\/\/micromega-dynamics.com\/es\/blog\/\" \/>\n<meta property=\"og:site_name\" content=\"Micromega Dynamics\" \/>\n<meta property=\"article:modified_time\" content=\"2025-11-19T09:10:01+00:00\" \/>\n<meta property=\"og:image\" content=\"https:\/\/micromega-dynamics.com\/files\/uploads\/2020\/03\/about-us-picture.jpg\" \/>\n<meta name=\"twitter:card\" content=\"summary_large_image\" \/>\n<meta name=\"twitter:title\" content=\"Micromega Dynamics\" \/>\n<meta name=\"twitter:description\" content=\"Micromega Dynamics propone soluciones innovadoras en el campo de la supervisi\u00f3n en l\u00ednea de estructuras, la reducci\u00f3n de las vibraciones estructurales y los mecanismos de alta precisi\u00f3n.\" \/>\n<meta name=\"twitter:image\" content=\"https:\/\/micromega-dynamics.com\/files\/uploads\/2020\/03\/about-us-picture.jpg\" \/>\n<meta name=\"twitter:label1\" content=\"Tiempo de lectura\" \/>\n\t<meta name=\"twitter:data1\" content=\"2 minutos\" \/>\n<script type=\"application\/ld+json\" class=\"yoast-schema-graph\">{\"@context\":\"https:\\\/\\\/schema.org\",\"@graph\":[{\"@type\":\"WebPage\",\"@id\":\"https:\\\/\\\/micromega-dynamics.com\\\/es\\\/blog\\\/\",\"url\":\"https:\\\/\\\/micromega-dynamics.com\\\/es\\\/blog\\\/\",\"name\":\"Blog | Dominar la medici\u00f3n de vibraciones - Micromega Dynamics\",\"isPartOf\":{\"@id\":\"https:\\\/\\\/micromega-dynamics.com\\\/es\\\/#website\"},\"datePublished\":\"-0001-11-30T00:00:00+00:00\",\"dateModified\":\"2025-11-19T09:10:01+00:00\",\"description\":\"Explora gu\u00edas detalladas sobre aceler\u00f3metros, rangos de vibraci\u00f3n y an\u00e1lisis de frecuencia para comprender, medir y controlar mejor las vibraciones en entornos exigentes.\",\"breadcrumb\":{\"@id\":\"https:\\\/\\\/micromega-dynamics.com\\\/es\\\/blog\\\/#breadcrumb\"},\"inLanguage\":\"es\",\"potentialAction\":[{\"@type\":\"ReadAction\",\"target\":[\"https:\\\/\\\/micromega-dynamics.com\\\/es\\\/blog\\\/\"]}]},{\"@type\":\"BreadcrumbList\",\"@id\":\"https:\\\/\\\/micromega-dynamics.com\\\/es\\\/blog\\\/#breadcrumb\",\"itemListElement\":[{\"@type\":\"ListItem\",\"position\":1,\"name\":\"Accueil\",\"item\":\"https:\\\/\\\/micromega-dynamics.com\\\/es\\\/\"},{\"@type\":\"ListItem\",\"position\":2,\"name\":\"Blog\"}]},{\"@type\":\"WebSite\",\"@id\":\"https:\\\/\\\/micromega-dynamics.com\\\/es\\\/#website\",\"url\":\"https:\\\/\\\/micromega-dynamics.com\\\/es\\\/\",\"name\":\"Micromega Dynamics\",\"description\":\"Vibration Monitoring and Control\",\"publisher\":{\"@id\":\"https:\\\/\\\/micromega-dynamics.com\\\/es\\\/#organization\"},\"potentialAction\":[{\"@type\":\"SearchAction\",\"target\":{\"@type\":\"EntryPoint\",\"urlTemplate\":\"https:\\\/\\\/micromega-dynamics.com\\\/es\\\/?s={search_term_string}\"},\"query-input\":{\"@type\":\"PropertyValueSpecification\",\"valueRequired\":true,\"valueName\":\"search_term_string\"}}],\"inLanguage\":\"es\"},{\"@type\":\"Organization\",\"@id\":\"https:\\\/\\\/micromega-dynamics.com\\\/es\\\/#organization\",\"name\":\"Micromega Dynamics\",\"url\":\"https:\\\/\\\/micromega-dynamics.com\\\/es\\\/\",\"logo\":{\"@type\":\"ImageObject\",\"inLanguage\":\"es\",\"@id\":\"https:\\\/\\\/micromega-dynamics.com\\\/es\\\/#\\\/schema\\\/logo\\\/image\\\/\",\"url\":\"https:\\\/\\\/micromega-dynamics.com\\\/files\\\/uploads\\\/2024\\\/09\\\/MICROMEGA-logo-couleurs.jpg\",\"contentUrl\":\"https:\\\/\\\/micromega-dynamics.com\\\/files\\\/uploads\\\/2024\\\/09\\\/MICROMEGA-logo-couleurs.jpg\",\"width\":1162,\"height\":331,\"caption\":\"Micromega Dynamics\"},\"image\":{\"@id\":\"https:\\\/\\\/micromega-dynamics.com\\\/es\\\/#\\\/schema\\\/logo\\\/image\\\/\"},\"sameAs\":[\"https:\\\/\\\/www.linkedin.com\\\/company\\\/micromega-dynamics\\\/\"]}]}<\/script>\n<!-- \/ Yoast SEO Premium plugin. -->","yoast_head_json":{"title":"Blog | Dominar la medici\u00f3n de vibraciones - Micromega Dynamics","description":"Explora gu\u00edas detalladas sobre aceler\u00f3metros, rangos de vibraci\u00f3n y an\u00e1lisis de frecuencia para comprender, medir y controlar mejor las vibraciones en entornos exigentes.","robots":{"index":"index","follow":"follow","max-snippet":"max-snippet:-1","max-image-preview":"max-image-preview:large","max-video-preview":"max-video-preview:-1"},"canonical":"https:\/\/micromega-dynamics.com\/es\/blog\/","og_locale":"es_ES","og_type":"article","og_title":"Micromega Dynamics","og_description":"Micromega Dynamics propone soluciones innovadoras en el campo de la supervisi\u00f3n en l\u00ednea de estructuras, la reducci\u00f3n de las vibraciones estructurales y los mecanismos de alta precisi\u00f3n.","og_url":"https:\/\/micromega-dynamics.com\/es\/blog\/","og_site_name":"Micromega Dynamics","article_modified_time":"2025-11-19T09:10:01+00:00","og_image":[{"url":"https:\/\/micromega-dynamics.com\/files\/uploads\/2020\/03\/about-us-picture.jpg","type":"","width":"","height":""}],"twitter_card":"summary_large_image","twitter_title":"Micromega Dynamics","twitter_description":"Micromega Dynamics propone soluciones innovadoras en el campo de la supervisi\u00f3n en l\u00ednea de estructuras, la reducci\u00f3n de las vibraciones estructurales y los mecanismos de alta precisi\u00f3n.","twitter_image":"https:\/\/micromega-dynamics.com\/files\/uploads\/2020\/03\/about-us-picture.jpg","twitter_misc":{"Tiempo de lectura":"2 minutos"},"schema":{"@context":"https:\/\/schema.org","@graph":[{"@type":"WebPage","@id":"https:\/\/micromega-dynamics.com\/es\/blog\/","url":"https:\/\/micromega-dynamics.com\/es\/blog\/","name":"Blog | Dominar la medici\u00f3n de vibraciones - Micromega Dynamics","isPartOf":{"@id":"https:\/\/micromega-dynamics.com\/es\/#website"},"datePublished":"-0001-11-30T00:00:00+00:00","dateModified":"2025-11-19T09:10:01+00:00","description":"Explora gu\u00edas detalladas sobre aceler\u00f3metros, rangos de vibraci\u00f3n y an\u00e1lisis de frecuencia para comprender, medir y controlar mejor las vibraciones en entornos exigentes.","breadcrumb":{"@id":"https:\/\/micromega-dynamics.com\/es\/blog\/#breadcrumb"},"inLanguage":"es","potentialAction":[{"@type":"ReadAction","target":["https:\/\/micromega-dynamics.com\/es\/blog\/"]}]},{"@type":"BreadcrumbList","@id":"https:\/\/micromega-dynamics.com\/es\/blog\/#breadcrumb","itemListElement":[{"@type":"ListItem","position":1,"name":"Accueil","item":"https:\/\/micromega-dynamics.com\/es\/"},{"@type":"ListItem","position":2,"name":"Blog"}]},{"@type":"WebSite","@id":"https:\/\/micromega-dynamics.com\/es\/#website","url":"https:\/\/micromega-dynamics.com\/es\/","name":"Micromega Dynamics","description":"Vibration Monitoring and Control","publisher":{"@id":"https:\/\/micromega-dynamics.com\/es\/#organization"},"potentialAction":[{"@type":"SearchAction","target":{"@type":"EntryPoint","urlTemplate":"https:\/\/micromega-dynamics.com\/es\/?s={search_term_string}"},"query-input":{"@type":"PropertyValueSpecification","valueRequired":true,"valueName":"search_term_string"}}],"inLanguage":"es"},{"@type":"Organization","@id":"https:\/\/micromega-dynamics.com\/es\/#organization","name":"Micromega Dynamics","url":"https:\/\/micromega-dynamics.com\/es\/","logo":{"@type":"ImageObject","inLanguage":"es","@id":"https:\/\/micromega-dynamics.com\/es\/#\/schema\/logo\/image\/","url":"https:\/\/micromega-dynamics.com\/files\/uploads\/2024\/09\/MICROMEGA-logo-couleurs.jpg","contentUrl":"https:\/\/micromega-dynamics.com\/files\/uploads\/2024\/09\/MICROMEGA-logo-couleurs.jpg","width":1162,"height":331,"caption":"Micromega Dynamics"},"image":{"@id":"https:\/\/micromega-dynamics.com\/es\/#\/schema\/logo\/image\/"},"sameAs":["https:\/\/www.linkedin.com\/company\/micromega-dynamics\/"]}]}},"_links":{"self":[{"href":"https:\/\/micromega-dynamics.com\/es\/wp-json\/wp\/v2\/pages\/19319","targetHints":{"allow":["GET"]}}],"collection":[{"href":"https:\/\/micromega-dynamics.com\/es\/wp-json\/wp\/v2\/pages"}],"about":[{"href":"https:\/\/micromega-dynamics.com\/es\/wp-json\/wp\/v2\/types\/page"}],"author":[{"embeddable":true,"href":"https:\/\/micromega-dynamics.com\/es\/wp-json\/wp\/v2\/users\/13"}],"replies":[{"embeddable":true,"href":"https:\/\/micromega-dynamics.com\/es\/wp-json\/wp\/v2\/comments?post=19319"}],"version-history":[{"count":16,"href":"https:\/\/micromega-dynamics.com\/es\/wp-json\/wp\/v2\/pages\/19319\/revisions"}],"predecessor-version":[{"id":20112,"href":"https:\/\/micromega-dynamics.com\/es\/wp-json\/wp\/v2\/pages\/19319\/revisions\/20112"}],"wp:attachment":[{"href":"https:\/\/micromega-dynamics.com\/es\/wp-json\/wp\/v2\/media?parent=19319"}],"curies":[{"name":"wp","href":"https:\/\/api.w.org\/{rel}","templated":true}]}}