{"id":20455,"date":"2025-12-02T16:10:03","date_gmt":"2025-12-02T15:10:03","guid":{"rendered":"https:\/\/micromega-dynamics.com\/produit\/feel-usb-accelerometer\/"},"modified":"2025-12-02T16:10:30","modified_gmt":"2025-12-02T15:10:30","slug":"feel-usb-accelerometer","status":"publish","type":"product","link":"https:\/\/micromega-dynamics.com\/es\/produit\/feel-usb-accelerometer\/","title":{"rendered":"Aceler\u00f3metro USB Feel"},"content":{"rendered":"<p>[et_pb_section fb_built=\u00bb1&#8243; _builder_version=\u00bb4.16&#8243; custom_padding=\u00bb0px||||false|false\u00bb global_colors_info=\u00bb{}\u00bb][et_pb_row column_structure=\u00bb1_2,1_2&#8243; _builder_version=\u00bb4.27.0&#8243; background_size=\u00bbinitial\u00bb background_position=\u00bbtop_left\u00bb background_repeat=\u00bbrepeat\u00bb custom_padding=\u00bb0px||||false|false\u00bb global_colors_info=\u00bb{}\u00bb][et_pb_column type=\u00bb1_2&#8243; _builder_version=\u00bb4.16&#8243; custom_padding=\u00bb|||\u00bb global_colors_info=\u00bb{}\u00bb custom_padding__hover=\u00bb|||\u00bb][et_pb_wc_images _builder_version=\u00bb4.16&#8243; global_colors_info=\u00bb{}\u00bb][\/et_pb_wc_images][\/et_pb_column][et_pb_column type=\u00bb1_2&#8243; _builder_version=\u00bb4.16&#8243; custom_padding=\u00bb|||\u00bb global_colors_info=\u00bb{}\u00bb custom_padding__hover=\u00bb|||\u00bb][et_pb_wc_title _builder_version=\u00bb4.27.0&#8243; custom_margin=\u00bb||||false|false\u00bb custom_padding=\u00bb15px||||false|false\u00bb global_colors_info=\u00bb{}\u00bb][\/et_pb_wc_title][et_pb_accordion closed_toggle_text_color=\u00bb#000000&#8243; closed_toggle_background_color=\u00bbRGBA(255,255,255,0)\u00bb icon_color=\u00bb#282828&#8243; _builder_version=\u00bb4.24.3&#8243; _module_preset=\u00bbdefault\u00bb toggle_level=\u00bbh3&#8243; toggle_font=\u00bb|600||on|||||\u00bb toggle_font_size=\u00bb18px\u00bb toggle_letter_spacing=\u00bb1px\u00bb toggle_line_height=\u00bb1.3em\u00bb closed_toggle_letter_spacing=\u00bb1px\u00bb closed_toggle_line_height=\u00bb1.3em\u00bb body_line_height=\u00bb1.5em\u00bb text_orientation=\u00bbleft\u00bb width=\u00bb100%\u00bb custom_margin=\u00bb||||false|false\u00bb custom_padding=\u00bb||||false|false\u00bb custom_css_free_form=\u00bb\/* S\u00e9lectionner les items de l&#8217;accord\u00e9on en fonction de la classe *\/||.et_pb_toggle.et_pb_module.et_pb_accordion_item {||    margin-top: 0px; \/* R\u00e9duit l&#8217;\u00e9cart en haut de chaque \u00e9l\u00e9ment *\/||    margin-bottom: 0px; \/* R\u00e9duit l&#8217;\u00e9cart en bas de chaque \u00e9l\u00e9ment *\/||    padding-top: 10px;  \/* Suppression de l&#8217;espace en haut du contenu *\/||    padding-bottom: 10px;  \/* Suppression de l&#8217;espace en bas du contenu *\/||||}||\u00bb border_radii=\u00bboff||||\u00bb border_width_all=\u00bb0px\u00bb border_width_bottom=\u00bb1px\u00bb border_color_bottom=\u00bb#efefef\u00bb locked=\u00bboff\u00bb global_colors_info=\u00bb{}\u00bb][et_pb_accordion_item title=\u00bbDescripci\u00f3n\u00bb open=\u00bbon\u00bb _builder_version=\u00bb4.24.3&#8243; _module_preset=\u00bbdefault\u00bb body_line_height=\u00bb1.8em\u00bb global_colors_info=\u00bb{}\u00bb]<\/p>\n<p><span style=\"font-weight: 400;\">Presentamos el RECOVIB Feel, el m\u00e1s f\u00e1cil de usar <\/span><b>aceler\u00f3metro USB <\/b> <span style=\"font-weight: 400;\">dise\u00f1ado para el an\u00e1lisis vibratorio inmediato. Este dispositivo compacto se conecta sin problemas a dispositivos Android (smartphone y tableta) o a PC mediante una conexi\u00f3n USB, desbloqueando un mundo de informaci\u00f3n en tiempo real. <\/span> <span style=\"font-weight: 400;\"> El Recovib.Feel suministrado gratuitamente <\/span><a href=\"https:\/\/play.google.com\/store\/apps\/details?id=com.micromega_dynamics.recovibfeel&amp;hl=fr&amp;pcampaignid=MKT-Other-global-all-co-prtnr-py-PartBadge-Mar2515-1\"><b>aplicaci\u00f3n <\/b><\/a> <span style=\"font-weight: 400;\">permite la transmisi\u00f3n de datos de vibraci\u00f3n en tiempo real sobre un gr\u00e1fico en el dominio del tiempo y en el dominio de la frecuencia. Mientras se transmite, es posible grabar los datos de vibraci\u00f3n para reproducirlos en un visor de datos, en tu smartphone o en tu PC. El visor permite un an\u00e1lisis detallado de las vibraciones registradas en el dominio del tiempo y en el dominio de la frecuencia.  <\/span><\/p>\n<p>[\/et_pb_accordion_item][et_pb_accordion_item title=\u00bbOpciones de procesamiento de se\u00f1ales\u00bb _builder_version=\u00bb4.24.3&#8243; _module_preset=\u00bbdefault\u00bb global_colors_info=\u00bb{}\u00bb open=\u00bboff\u00bb]<\/p>\n<p>Dispone de varias opciones de procesamiento de la se\u00f1al: filtros de paso alto, paso bajo y paso banda, filtros integradores (modo velocidad) y filtros integradores dobles (modo desplazamiento). En el dominio de la frecuencia, se ofrecen varios c\u00e1lculos basados en la FFT: Espectro de amplitud, Pico y RMS, Espectro de potencia, Densidad espectral de potencia y Densidad espectral de amplitud. <\/p>\n<p>[\/et_pb_accordion_item][et_pb_accordion_item title=\u00bbUso t\u00edpico\u00bb _builder_version=\u00bb4.24.3&#8243; _module_preset=\u00bbdefault\u00bb global_colors_info=\u00bb{}\u00bb open=\u00bboff\u00bb]<\/p>\n<p><span style=\"font-size: medium;\">El uso t\u00edpico de este aceler\u00f3metro USB abarca diversas industrias y escenarios:<\/span><span style=\"font-size: medium;\"><\/span><\/p>\n<ul>\n<li>\u00abControl de vibraciones \u00abr\u00e1pido y sucio<\/li>\n<li>An\u00e1lisis de vibraciones en tiempo real<\/li>\n<li>An\u00e1lisis de frecuencia y tiempo en tiempo real<\/li>\n<li>Diagn\u00f3stico de vibraciones<\/li>\n<li>An\u00e1lisis modal de vibraciones<\/li>\n<li>M\u00e1quinas-herramienta &#8211; Automoci\u00f3n &#8211; Aviaci\u00f3n<\/li>\n<li>An\u00e1lisis estructural y vigilancia de la salud<\/li>\n<\/ul>\n<p>[\/et_pb_accordion_item][et_pb_accordion_item title=\u00bbCaracter\u00edsticas\u00bb _builder_version=\u00bb4.24.3&#8243; _module_preset=\u00bbdefault\u00bb global_colors_info=\u00bb{}\u00bb open=\u00bboff\u00bb]<\/p>\n<p><span style=\"font-weight: 400; font-size: medium;\">Caracter\u00edsticas principales de nuestro vanguardista aceler\u00f3metro de 3 ejes, dise\u00f1ado para redefinir tu experiencia de control de las vibraciones:<\/span><span style=\"font-weight: 400; font-size: medium;\"><\/span><\/p>\n<ul>\n<li>Aceler\u00f3metro de 3 ejes<\/li>\n<li>Ancho de banda \u00fatil de CC a 250 Hz<\/li>\n<li>Poco ruido<\/li>\n<li>Dise\u00f1o compacto y robusto<\/li>\n<li>Grado de protecci\u00f3n IP67<\/li>\n<\/ul>\n<p>[\/et_pb_accordion_item][\/et_pb_accordion][et_pb_wc_price _builder_version=\u00bb4.16&#8243; global_colors_info=\u00bb{}\u00bb][\/et_pb_wc_price][et_pb_wc_description _builder_version=\u00bb4.16&#8243; global_colors_info=\u00bb{}\u00bb][\/et_pb_wc_description][et_pb_wc_add_to_cart _builder_version=\u00bb4.16&#8243; global_colors_info=\u00bb{}\u00bb][\/et_pb_wc_add_to_cart][\/et_pb_column][\/et_pb_row][\/et_pb_section]<\/p>\n","protected":false},"excerpt":{"rendered":"<p>Presentamos el RECOVIB Feel, el m\u00e1s f\u00e1cil de usar aceler\u00f3metro USB dise\u00f1ado para el an\u00e1lisis vibratorio inmediato. Este dispositivo compacto se conecta sin problemas a dispositivos Android (smartphone y tableta) o a PC mediante una conexi\u00f3n USB, desbloqueando un mundo de informaci\u00f3n en tiempo real. El Recovib.Feel suministrado gratuitamente aplicaci\u00f3n permite la transmisi\u00f3n de datos [&hellip;]<\/p>\n","protected":false},"featured_media":20456,"template":"","meta":{"_et_pb_use_builder":"on","_et_pb_old_content":"","_et_gb_content_width":""},"product_brand":[],"product_cat":[232],"product_tag":[],"class_list":{"0":"post-20455","1":"product","2":"type-product","3":"status-publish","4":"has-post-thumbnail","6":"product_cat-no-clasificado","8":"first","9":"instock","10":"taxable","11":"shipping-taxable","12":"purchasable","13":"product-type-variable"},"yoast_head":"<!-- This site is optimized with the Yoast SEO Premium plugin v27.5 (Yoast SEO v27.5) - https:\/\/yoast.com\/product\/yoast-seo-premium-wordpress\/ -->\n<title>Aceler\u00f3metro USB Feel | Compra online nuestro sensor de vibraci\u00f3n<\/title>\n<meta name=\"description\" content=\"RECOVIB Feel: Aceler\u00f3metro USB para el an\u00e1lisis y registro de vibraciones en tiempo real en Android\/PC, con visualizaci\u00f3n de datos de tiempo y frecuencia.\" \/>\n<meta name=\"robots\" content=\"index, follow, max-snippet:-1, max-image-preview:large, max-video-preview:-1\" \/>\n<link rel=\"canonical\" href=\"https:\/\/micromega-dynamics.com\/es\/produit\/feel-usb-accelerometer\/\" \/>\n<meta property=\"og:locale\" content=\"es_ES\" \/>\n<meta property=\"og:type\" content=\"article\" \/>\n<meta property=\"og:title\" content=\"Aceler\u00f3metro USB Feel\" \/>\n<meta property=\"og:description\" content=\"RECOVIB Feel: Aceler\u00f3metro USB para el an\u00e1lisis y registro de vibraciones en tiempo real en Android\/PC, con visualizaci\u00f3n de datos de tiempo y frecuencia.\" \/>\n<meta property=\"og:url\" content=\"https:\/\/micromega-dynamics.com\/es\/produit\/feel-usb-accelerometer\/\" \/>\n<meta property=\"og:site_name\" content=\"Micromega Dynamics\" \/>\n<meta property=\"article:modified_time\" content=\"2025-12-02T15:10:30+00:00\" \/>\n<meta property=\"og:image\" content=\"https:\/\/micromega-dynamics.com\/files\/uploads\/2024\/10\/WBCheck-Option.png\" \/>\n\t<meta property=\"og:image:width\" content=\"900\" \/>\n\t<meta property=\"og:image:height\" content=\"900\" \/>\n\t<meta property=\"og:image:type\" content=\"image\/png\" \/>\n<meta name=\"twitter:card\" content=\"summary_large_image\" \/>\n<meta name=\"twitter:label1\" content=\"Tiempo de lectura\" \/>\n\t<meta name=\"twitter:data1\" content=\"4 minutos\" \/>\n<script type=\"application\/ld+json\" class=\"yoast-schema-graph\">{\"@context\":\"https:\\\/\\\/schema.org\",\"@graph\":[{\"@type\":\"WebPage\",\"@id\":\"https:\\\/\\\/micromega-dynamics.com\\\/es\\\/produit\\\/feel-usb-accelerometer\\\/\",\"url\":\"https:\\\/\\\/micromega-dynamics.com\\\/es\\\/produit\\\/feel-usb-accelerometer\\\/\",\"name\":\"Aceler\u00f3metro USB Feel | Compra online nuestro sensor de vibraci\u00f3n\",\"isPartOf\":{\"@id\":\"https:\\\/\\\/micromega-dynamics.com\\\/es\\\/#website\"},\"primaryImageOfPage\":{\"@id\":\"https:\\\/\\\/micromega-dynamics.com\\\/es\\\/produit\\\/feel-usb-accelerometer\\\/#primaryimage\"},\"image\":{\"@id\":\"https:\\\/\\\/micromega-dynamics.com\\\/es\\\/produit\\\/feel-usb-accelerometer\\\/#primaryimage\"},\"thumbnailUrl\":\"https:\\\/\\\/micromega-dynamics.com\\\/files\\\/uploads\\\/2024\\\/10\\\/WBCheck-Option.png\",\"datePublished\":\"2025-12-02T15:10:03+00:00\",\"dateModified\":\"2025-12-02T15:10:30+00:00\",\"description\":\"RECOVIB Feel: Aceler\u00f3metro USB para el an\u00e1lisis y registro de vibraciones en tiempo real en Android\\\/PC, con visualizaci\u00f3n de datos de tiempo y frecuencia.\",\"breadcrumb\":{\"@id\":\"https:\\\/\\\/micromega-dynamics.com\\\/es\\\/produit\\\/feel-usb-accelerometer\\\/#breadcrumb\"},\"inLanguage\":\"es\",\"potentialAction\":[{\"@type\":\"ReadAction\",\"target\":[\"https:\\\/\\\/micromega-dynamics.com\\\/es\\\/produit\\\/feel-usb-accelerometer\\\/\"]}]},{\"@type\":\"ImageObject\",\"inLanguage\":\"es\",\"@id\":\"https:\\\/\\\/micromega-dynamics.com\\\/es\\\/produit\\\/feel-usb-accelerometer\\\/#primaryimage\",\"url\":\"https:\\\/\\\/micromega-dynamics.com\\\/files\\\/uploads\\\/2024\\\/10\\\/WBCheck-Option.png\",\"contentUrl\":\"https:\\\/\\\/micromega-dynamics.com\\\/files\\\/uploads\\\/2024\\\/10\\\/WBCheck-Option.png\",\"width\":900,\"height\":900,\"caption\":\"Feel USB accelerometer\"},{\"@type\":\"BreadcrumbList\",\"@id\":\"https:\\\/\\\/micromega-dynamics.com\\\/es\\\/produit\\\/feel-usb-accelerometer\\\/#breadcrumb\",\"itemListElement\":[{\"@type\":\"ListItem\",\"position\":1,\"name\":\"Accueil\",\"item\":\"https:\\\/\\\/micromega-dynamics.com\\\/es\\\/\"},{\"@type\":\"ListItem\",\"position\":2,\"name\":\"Boutique\",\"item\":\"https:\\\/\\\/micromega-dynamics.com\\\/es\\\/boutique\\\/\"},{\"@type\":\"ListItem\",\"position\":3,\"name\":\"Aceler\u00f3metro USB Feel\"}]},{\"@type\":\"WebSite\",\"@id\":\"https:\\\/\\\/micromega-dynamics.com\\\/es\\\/#website\",\"url\":\"https:\\\/\\\/micromega-dynamics.com\\\/es\\\/\",\"name\":\"Micromega Dynamics\",\"description\":\"Vibration Monitoring and Control\",\"publisher\":{\"@id\":\"https:\\\/\\\/micromega-dynamics.com\\\/es\\\/#organization\"},\"potentialAction\":[{\"@type\":\"SearchAction\",\"target\":{\"@type\":\"EntryPoint\",\"urlTemplate\":\"https:\\\/\\\/micromega-dynamics.com\\\/es\\\/?s={search_term_string}\"},\"query-input\":{\"@type\":\"PropertyValueSpecification\",\"valueRequired\":true,\"valueName\":\"search_term_string\"}}],\"inLanguage\":\"es\"},{\"@type\":\"Organization\",\"@id\":\"https:\\\/\\\/micromega-dynamics.com\\\/es\\\/#organization\",\"name\":\"Micromega Dynamics\",\"url\":\"https:\\\/\\\/micromega-dynamics.com\\\/es\\\/\",\"logo\":{\"@type\":\"ImageObject\",\"inLanguage\":\"es\",\"@id\":\"https:\\\/\\\/micromega-dynamics.com\\\/es\\\/#\\\/schema\\\/logo\\\/image\\\/\",\"url\":\"https:\\\/\\\/micromega-dynamics.com\\\/files\\\/uploads\\\/2024\\\/09\\\/MICROMEGA-logo-couleurs.jpg\",\"contentUrl\":\"https:\\\/\\\/micromega-dynamics.com\\\/files\\\/uploads\\\/2024\\\/09\\\/MICROMEGA-logo-couleurs.jpg\",\"width\":1162,\"height\":331,\"caption\":\"Micromega Dynamics\"},\"image\":{\"@id\":\"https:\\\/\\\/micromega-dynamics.com\\\/es\\\/#\\\/schema\\\/logo\\\/image\\\/\"},\"sameAs\":[\"https:\\\/\\\/www.linkedin.com\\\/company\\\/micromega-dynamics\\\/\"]}]}<\/script>\n<!-- \/ Yoast SEO Premium plugin. -->","yoast_head_json":{"title":"Aceler\u00f3metro USB Feel | Compra online nuestro sensor de vibraci\u00f3n","description":"RECOVIB Feel: Aceler\u00f3metro USB para el an\u00e1lisis y registro de vibraciones en tiempo real en Android\/PC, con visualizaci\u00f3n de datos de tiempo y frecuencia.","robots":{"index":"index","follow":"follow","max-snippet":"max-snippet:-1","max-image-preview":"max-image-preview:large","max-video-preview":"max-video-preview:-1"},"canonical":"https:\/\/micromega-dynamics.com\/es\/produit\/feel-usb-accelerometer\/","og_locale":"es_ES","og_type":"article","og_title":"Aceler\u00f3metro USB Feel","og_description":"RECOVIB Feel: Aceler\u00f3metro USB para el an\u00e1lisis y registro de vibraciones en tiempo real en Android\/PC, con visualizaci\u00f3n de datos de tiempo y frecuencia.","og_url":"https:\/\/micromega-dynamics.com\/es\/produit\/feel-usb-accelerometer\/","og_site_name":"Micromega Dynamics","article_modified_time":"2025-12-02T15:10:30+00:00","og_image":[{"width":900,"height":900,"url":"https:\/\/micromega-dynamics.com\/files\/uploads\/2024\/10\/WBCheck-Option.png","type":"image\/png"}],"twitter_card":"summary_large_image","twitter_misc":{"Tiempo de lectura":"4 minutos"},"schema":{"@context":"https:\/\/schema.org","@graph":[{"@type":"WebPage","@id":"https:\/\/micromega-dynamics.com\/es\/produit\/feel-usb-accelerometer\/","url":"https:\/\/micromega-dynamics.com\/es\/produit\/feel-usb-accelerometer\/","name":"Aceler\u00f3metro USB Feel | Compra online nuestro sensor de vibraci\u00f3n","isPartOf":{"@id":"https:\/\/micromega-dynamics.com\/es\/#website"},"primaryImageOfPage":{"@id":"https:\/\/micromega-dynamics.com\/es\/produit\/feel-usb-accelerometer\/#primaryimage"},"image":{"@id":"https:\/\/micromega-dynamics.com\/es\/produit\/feel-usb-accelerometer\/#primaryimage"},"thumbnailUrl":"https:\/\/micromega-dynamics.com\/files\/uploads\/2024\/10\/WBCheck-Option.png","datePublished":"2025-12-02T15:10:03+00:00","dateModified":"2025-12-02T15:10:30+00:00","description":"RECOVIB Feel: Aceler\u00f3metro USB para el an\u00e1lisis y registro de vibraciones en tiempo real en Android\/PC, con visualizaci\u00f3n de datos de tiempo y frecuencia.","breadcrumb":{"@id":"https:\/\/micromega-dynamics.com\/es\/produit\/feel-usb-accelerometer\/#breadcrumb"},"inLanguage":"es","potentialAction":[{"@type":"ReadAction","target":["https:\/\/micromega-dynamics.com\/es\/produit\/feel-usb-accelerometer\/"]}]},{"@type":"ImageObject","inLanguage":"es","@id":"https:\/\/micromega-dynamics.com\/es\/produit\/feel-usb-accelerometer\/#primaryimage","url":"https:\/\/micromega-dynamics.com\/files\/uploads\/2024\/10\/WBCheck-Option.png","contentUrl":"https:\/\/micromega-dynamics.com\/files\/uploads\/2024\/10\/WBCheck-Option.png","width":900,"height":900,"caption":"Feel USB accelerometer"},{"@type":"BreadcrumbList","@id":"https:\/\/micromega-dynamics.com\/es\/produit\/feel-usb-accelerometer\/#breadcrumb","itemListElement":[{"@type":"ListItem","position":1,"name":"Accueil","item":"https:\/\/micromega-dynamics.com\/es\/"},{"@type":"ListItem","position":2,"name":"Boutique","item":"https:\/\/micromega-dynamics.com\/es\/boutique\/"},{"@type":"ListItem","position":3,"name":"Aceler\u00f3metro USB Feel"}]},{"@type":"WebSite","@id":"https:\/\/micromega-dynamics.com\/es\/#website","url":"https:\/\/micromega-dynamics.com\/es\/","name":"Micromega Dynamics","description":"Vibration Monitoring and Control","publisher":{"@id":"https:\/\/micromega-dynamics.com\/es\/#organization"},"potentialAction":[{"@type":"SearchAction","target":{"@type":"EntryPoint","urlTemplate":"https:\/\/micromega-dynamics.com\/es\/?s={search_term_string}"},"query-input":{"@type":"PropertyValueSpecification","valueRequired":true,"valueName":"search_term_string"}}],"inLanguage":"es"},{"@type":"Organization","@id":"https:\/\/micromega-dynamics.com\/es\/#organization","name":"Micromega Dynamics","url":"https:\/\/micromega-dynamics.com\/es\/","logo":{"@type":"ImageObject","inLanguage":"es","@id":"https:\/\/micromega-dynamics.com\/es\/#\/schema\/logo\/image\/","url":"https:\/\/micromega-dynamics.com\/files\/uploads\/2024\/09\/MICROMEGA-logo-couleurs.jpg","contentUrl":"https:\/\/micromega-dynamics.com\/files\/uploads\/2024\/09\/MICROMEGA-logo-couleurs.jpg","width":1162,"height":331,"caption":"Micromega Dynamics"},"image":{"@id":"https:\/\/micromega-dynamics.com\/es\/#\/schema\/logo\/image\/"},"sameAs":["https:\/\/www.linkedin.com\/company\/micromega-dynamics\/"]}]}},"_links":{"self":[{"href":"https:\/\/micromega-dynamics.com\/es\/wp-json\/wp\/v2\/product\/20455","targetHints":{"allow":["GET"]}}],"collection":[{"href":"https:\/\/micromega-dynamics.com\/es\/wp-json\/wp\/v2\/product"}],"about":[{"href":"https:\/\/micromega-dynamics.com\/es\/wp-json\/wp\/v2\/types\/product"}],"wp:featuredmedia":[{"embeddable":true,"href":"https:\/\/micromega-dynamics.com\/es\/wp-json\/wp\/v2\/media\/20456"}],"wp:attachment":[{"href":"https:\/\/micromega-dynamics.com\/es\/wp-json\/wp\/v2\/media?parent=20455"}],"wp:term":[{"taxonomy":"product_brand","embeddable":true,"href":"https:\/\/micromega-dynamics.com\/es\/wp-json\/wp\/v2\/product_brand?post=20455"},{"taxonomy":"product_cat","embeddable":true,"href":"https:\/\/micromega-dynamics.com\/es\/wp-json\/wp\/v2\/product_cat?post=20455"},{"taxonomy":"product_tag","embeddable":true,"href":"https:\/\/micromega-dynamics.com\/es\/wp-json\/wp\/v2\/product_tag?post=20455"}],"curies":[{"name":"wp","href":"https:\/\/api.w.org\/{rel}","templated":true}]}}