{"id":20538,"date":"2025-12-02T16:10:55","date_gmt":"2025-12-02T15:10:55","guid":{"rendered":"https:\/\/micromega-dynamics.com\/produit\/recovib-feel-tiny\/"},"modified":"2025-12-02T16:11:18","modified_gmt":"2025-12-02T15:11:18","slug":"recovib-feel-tiny","status":"publish","type":"product","link":"https:\/\/micromega-dynamics.com\/es\/produit\/recovib-feel-tiny\/","title":{"rendered":"Recovib Feel + Tiny"},"content":{"rendered":"<p>[et_pb_section fb_built=\u00bb1&#8243; _builder_version=\u00bb4.16&#8243; custom_padding=\u00bb0px||||false|false\u00bb global_colors_info=\u00bb{}\u00bb][et_pb_row column_structure=\u00bb1_2,1_2&#8243; _builder_version=\u00bb4.27.0&#8243; background_size=\u00bbinitial\u00bb background_position=\u00bbtop_left\u00bb background_repeat=\u00bbrepeat\u00bb custom_padding=\u00bb0px||||false|false\u00bb global_colors_info=\u00bb{}\u00bb][et_pb_column type=\u00bb1_2&#8243; _builder_version=\u00bb4.16&#8243; custom_padding=\u00bb|||\u00bb global_colors_info=\u00bb{}\u00bb custom_padding__hover=\u00bb|||\u00bb][et_pb_wc_images _builder_version=\u00bb4.16&#8243; global_colors_info=\u00bb{}\u00bb][\/et_pb_wc_images][\/et_pb_column][et_pb_column type=\u00bb1_2&#8243; _builder_version=\u00bb4.16&#8243; custom_padding=\u00bb|||\u00bb global_colors_info=\u00bb{}\u00bb custom_padding__hover=\u00bb|||\u00bb][et_pb_wc_title _builder_version=\u00bb4.27.0&#8243; custom_margin=\u00bb||||false|false\u00bb custom_padding=\u00bb15px||||false|false\u00bb global_colors_info=\u00bb{}\u00bb][\/et_pb_wc_title][et_pb_accordion closed_toggle_text_color=\u00bb#000000&#8243; closed_toggle_background_color=\u00bbRGBA(255,255,255,0)\u00bb icon_color=\u00bb#282828&#8243; _builder_version=\u00bb4.27.2&#8243; _module_preset=\u00bbdefault\u00bb toggle_level=\u00bbh3&#8243; toggle_font=\u00bb|600||on|||||\u00bb toggle_font_size=\u00bb18px\u00bb toggle_letter_spacing=\u00bb1px\u00bb toggle_line_height=\u00bb1.3em\u00bb closed_toggle_letter_spacing=\u00bb1px\u00bb closed_toggle_line_height=\u00bb1.3em\u00bb body_line_height=\u00bb1.5em\u00bb text_orientation=\u00bbleft\u00bb width=\u00bb100%\u00bb custom_margin=\u00bb||||false|false\u00bb custom_padding=\u00bb||||false|false\u00bb custom_css_free_form=\u00bb\/* S\u00e9lectionner les items de l&#8217;accord\u00e9on en fonction de la classe *\/||.et_pb_toggle.et_pb_module.et_pb_accordion_item {||    margin-top: 0px; \/* R\u00e9duit l&#8217;\u00e9cart en haut de chaque \u00e9l\u00e9ment *\/||    margin-bottom: 0px; \/* R\u00e9duit l&#8217;\u00e9cart en bas de chaque \u00e9l\u00e9ment *\/||    padding-top: 10px;  \/* Suppression de l&#8217;espace en haut du contenu *\/||    padding-bottom: 10px;  \/* Suppression de l&#8217;espace en bas du contenu *\/||||}||\u00bb border_radii=\u00bboff||||\u00bb border_width_all=\u00bb0px\u00bb border_width_bottom=\u00bb1px\u00bb border_color_bottom=\u00bb#efefef\u00bb locked=\u00bboff\u00bb global_colors_info=\u00bb{}\u00bb][et_pb_accordion_item title=\u00bbDescripci\u00f3n\u00bb open=\u00bbon\u00bb _builder_version=\u00bb4.27.2&#8243; _module_preset=\u00bbdefault\u00bb global_colors_info=\u00bb{}\u00bb]<\/p>\n<p class=\"text-muted my-2\" placeholder=\"Una breve descripci\u00f3n que tambi\u00e9n aparecer\u00e1 en los documentos.\" data-oe-xpath=\"\/t[1]\/t[2]\/t[4]\/div[1]\/section[1]\/div[2]\/div[2]\/p[1]\" data-oe-model=\"product.template\" data-oe-id=\"4508\" data-oe-field=\"description_sale\" data-oe-type=\"text\" data-oe-expression=\"product.description_sale\">Maleta, accesorios y software incluidos<\/p>\n<form action=\"https:\/\/micromega-dynamics.odoo.com\/shop\/cart\/update\" method=\"POST\">\n<div class=\"js_product js_main_product mb-3\"><\/div>\n<\/form>\n<p>[\/et_pb_accordion_item][et_pb_accordion_item title=\u00bbRegistrador de Vibraciones Tiny\u00bb _builder_version=\u00bb4.27.2&#8243; _module_preset=\u00bbdefault\u00bb global_colors_info=\u00bb{}\u00bb open=\u00bboff\u00bb]<\/p>\n<p><strong><span data-contrast=\"none\" class=\"TextRun BCX7 SCXW206405636\" xml:lang=\"EN-US\" lang=\"EN-US\"><span class=\"NormalTextRun BCX7 SCXW206405636\">El registrador de vibraciones m\u00e1s peque\u00f1o del mercado<\/span><\/span><\/strong><span data-contrast=\"none\" class=\"TextRun BCX7 SCXW206405636\" xml:lang=\"EN-US\" lang=\"EN-US\"><\/span><\/p>\n<p style=\"text-align: left;\">El Recovib.Tiny es un <strong>registrador de datos de golpes y vibraciones de 3 ejes<\/strong>. Este <strong>sensor de vibraciones inal\u00e1mbrico<\/strong> es muy pr\u00e1ctico para el <strong>diagn\u00f3stico de vibraciones<\/strong>, ya que ofrece hasta 6 horas de medici\u00f3n. Su tecnolog\u00eda inal\u00e1mbrica y su funcionamiento intuitivo proporcionan un ahorro sustancial de tiempo en la realizaci\u00f3n de tus mediciones. Es el \u00fanico tipo de registrador de vibraciones y choques que permite utilizar varios sensores simult\u00e1neamente de forma sincronizada, lo que permite realizar an\u00e1lisis modales y an\u00e1lisis de formas de deflexi\u00f3n operativas en grandes estructuras, como puentes o pasarelas.   <\/p>\n<p style=\"text-align: left;\">El RECOVIB Tiny es el grabador m\u00e1s peque\u00f1o, ligero y robusto del mercado, capaz de realizar grabaciones en condiciones extremas que van de -10 \u00b0C a +50 \u00b0C. Adem\u00e1s, es estanca al polvo y al agua seg\u00fan la norma IP65. <\/p>\n<p>[\/et_pb_accordion_item][et_pb_accordion_item title=\u00bbAceler\u00f3metro USB FEEL\u00bb _builder_version=\u00bb4.27.2&#8243; _module_preset=\u00bbdefault\u00bb global_colors_info=\u00bb{}\u00bb open=\u00bboff\u00bb]<\/p>\n<p><span>Presentamos el RECOVIB Feel, el m\u00e1s f\u00e1cil de usar <\/span><b>aceler\u00f3metro USB<span> <\/span><\/b> <span>dise\u00f1ado para el an\u00e1lisis vibratorio inmediato. Este dispositivo compacto se conecta sin problemas a dispositivos Android (smartphone y tableta) o a PC mediante una conexi\u00f3n USB, desbloqueando un mundo de informaci\u00f3n en tiempo real. <\/span> <span> El Recovib.Feel suministrado gratuitamente <\/span><a href=\"https:\/\/play.google.com\/store\/apps\/details?id=com.micromega_dynamics.recovibfeel&amp;hl=fr&amp;pcampaignid=MKT-Other-global-all-co-prtnr-py-PartBadge-Mar2515-1\"><b>aplicaci\u00f3n<span> <\/span><\/b><\/a> <span>permite la transmisi\u00f3n de datos de vibraci\u00f3n en tiempo real sobre un gr\u00e1fico en el dominio del tiempo y en el dominio de la frecuencia. Mientras se transmite, es posible grabar los datos de vibraci\u00f3n para reproducirlos en un visor de datos, en tu smartphone o en tu PC. El visor permite un an\u00e1lisis detallado de las vibraciones registradas en el dominio del tiempo y en el dominio de la frecuencia.  <\/span><\/p>\n<p>[\/et_pb_accordion_item][\/et_pb_accordion][et_pb_wc_price _builder_version=\u00bb4.16&#8243; global_colors_info=\u00bb{}\u00bb][\/et_pb_wc_price][et_pb_wc_description _builder_version=\u00bb4.16&#8243; global_colors_info=\u00bb{}\u00bb][\/et_pb_wc_description][et_pb_wc_add_to_cart _builder_version=\u00bb4.16&#8243; global_colors_info=\u00bb{}\u00bb][\/et_pb_wc_add_to_cart][\/et_pb_column][\/et_pb_row][\/et_pb_section]<\/p>\n","protected":false},"excerpt":{"rendered":"<p>Maleta, accesorios y software incluidos El registrador de vibraciones m\u00e1s peque\u00f1o del mercado El Recovib.Tiny es un registrador de datos de golpes y vibraciones de 3 ejes. Este sensor de vibraciones inal\u00e1mbrico es muy pr\u00e1ctico para el diagn\u00f3stico de vibraciones, ya que ofrece hasta 6 horas de medici\u00f3n. Su tecnolog\u00eda inal\u00e1mbrica y su funcionamiento intuitivo [&hellip;]<\/p>\n","protected":false},"featured_media":16693,"template":"","meta":{"_et_pb_use_builder":"on","_et_pb_old_content":"","_et_gb_content_width":""},"product_brand":[],"product_cat":[232],"product_tag":[],"class_list":{"0":"post-20538","1":"product","2":"type-product","3":"status-publish","4":"has-post-thumbnail","6":"product_cat-no-clasificado","8":"first","9":"instock","10":"taxable","11":"shipping-taxable","12":"purchasable","13":"product-type-variable"},"yoast_head":"<!-- This site is optimized with the Yoast SEO Premium plugin v27.5 (Yoast SEO v27.5) - https:\/\/yoast.com\/product\/yoast-seo-premium-wordpress\/ -->\n<title>Recovib Feel + Grabador de vibraciones diminuto | Micromega Dynamics%<\/title>\n<meta name=\"description\" content=\"Descubre Recovib Feel &amp; Tiny Recorder: sensores compactos para un an\u00e1lisis preciso de las vibraciones. Fiables, precisos y f\u00e1ciles de usar.\" \/>\n<meta name=\"robots\" content=\"index, follow, max-snippet:-1, max-image-preview:large, max-video-preview:-1\" \/>\n<link rel=\"canonical\" href=\"https:\/\/micromega-dynamics.com\/es\/produit\/recovib-feel-tiny\/\" \/>\n<meta property=\"og:locale\" content=\"es_ES\" \/>\n<meta property=\"og:type\" content=\"article\" \/>\n<meta property=\"og:title\" content=\"Recovib Feel + Tiny\" \/>\n<meta property=\"og:description\" content=\"Descubre Recovib Feel &amp; Tiny Recorder: sensores compactos para un an\u00e1lisis preciso de las vibraciones. Fiables, precisos y f\u00e1ciles de usar.\" \/>\n<meta property=\"og:url\" content=\"https:\/\/micromega-dynamics.com\/es\/produit\/recovib-feel-tiny\/\" \/>\n<meta property=\"og:site_name\" content=\"Micromega Dynamics\" \/>\n<meta property=\"article:modified_time\" content=\"2025-12-02T15:11:18+00:00\" \/>\n<meta property=\"og:image\" content=\"https:\/\/micromega-dynamics.com\/files\/uploads\/2024\/10\/WBCheck-Option-1-1.png\" \/>\n\t<meta property=\"og:image:width\" content=\"900\" \/>\n\t<meta property=\"og:image:height\" content=\"900\" \/>\n\t<meta property=\"og:image:type\" content=\"image\/png\" \/>\n<meta name=\"twitter:card\" content=\"summary_large_image\" \/>\n<meta name=\"twitter:label1\" content=\"Tiempo de lectura\" \/>\n\t<meta name=\"twitter:data1\" content=\"3 minutos\" \/>\n<script type=\"application\/ld+json\" class=\"yoast-schema-graph\">{\"@context\":\"https:\\\/\\\/schema.org\",\"@graph\":[{\"@type\":\"WebPage\",\"@id\":\"https:\\\/\\\/micromega-dynamics.com\\\/es\\\/produit\\\/recovib-feel-tiny\\\/\",\"url\":\"https:\\\/\\\/micromega-dynamics.com\\\/es\\\/produit\\\/recovib-feel-tiny\\\/\",\"name\":\"Recovib Feel + Grabador de vibraciones diminuto | Micromega Dynamics%\",\"isPartOf\":{\"@id\":\"https:\\\/\\\/micromega-dynamics.com\\\/es\\\/#website\"},\"primaryImageOfPage\":{\"@id\":\"https:\\\/\\\/micromega-dynamics.com\\\/es\\\/produit\\\/recovib-feel-tiny\\\/#primaryimage\"},\"image\":{\"@id\":\"https:\\\/\\\/micromega-dynamics.com\\\/es\\\/produit\\\/recovib-feel-tiny\\\/#primaryimage\"},\"thumbnailUrl\":\"https:\\\/\\\/micromega-dynamics.com\\\/files\\\/uploads\\\/2024\\\/10\\\/WBCheck-Option-1-1.png\",\"datePublished\":\"2025-12-02T15:10:55+00:00\",\"dateModified\":\"2025-12-02T15:11:18+00:00\",\"description\":\"Descubre Recovib Feel & Tiny Recorder: sensores compactos para un an\u00e1lisis preciso de las vibraciones. Fiables, precisos y f\u00e1ciles de usar.\",\"breadcrumb\":{\"@id\":\"https:\\\/\\\/micromega-dynamics.com\\\/es\\\/produit\\\/recovib-feel-tiny\\\/#breadcrumb\"},\"inLanguage\":\"es\",\"potentialAction\":[{\"@type\":\"ReadAction\",\"target\":[\"https:\\\/\\\/micromega-dynamics.com\\\/es\\\/produit\\\/recovib-feel-tiny\\\/\"]}]},{\"@type\":\"ImageObject\",\"inLanguage\":\"es\",\"@id\":\"https:\\\/\\\/micromega-dynamics.com\\\/es\\\/produit\\\/recovib-feel-tiny\\\/#primaryimage\",\"url\":\"https:\\\/\\\/micromega-dynamics.com\\\/files\\\/uploads\\\/2024\\\/10\\\/WBCheck-Option-1-1.png\",\"contentUrl\":\"https:\\\/\\\/micromega-dynamics.com\\\/files\\\/uploads\\\/2024\\\/10\\\/WBCheck-Option-1-1.png\",\"width\":900,\"height\":900,\"caption\":\"Registrador de Vibraciones Tiny y Feel Usb\"},{\"@type\":\"BreadcrumbList\",\"@id\":\"https:\\\/\\\/micromega-dynamics.com\\\/es\\\/produit\\\/recovib-feel-tiny\\\/#breadcrumb\",\"itemListElement\":[{\"@type\":\"ListItem\",\"position\":1,\"name\":\"Accueil\",\"item\":\"https:\\\/\\\/micromega-dynamics.com\\\/es\\\/\"},{\"@type\":\"ListItem\",\"position\":2,\"name\":\"Boutique\",\"item\":\"https:\\\/\\\/micromega-dynamics.com\\\/es\\\/boutique\\\/\"},{\"@type\":\"ListItem\",\"position\":3,\"name\":\"Recovib Feel + Tiny\"}]},{\"@type\":\"WebSite\",\"@id\":\"https:\\\/\\\/micromega-dynamics.com\\\/es\\\/#website\",\"url\":\"https:\\\/\\\/micromega-dynamics.com\\\/es\\\/\",\"name\":\"Micromega Dynamics\",\"description\":\"Vibration Monitoring and Control\",\"publisher\":{\"@id\":\"https:\\\/\\\/micromega-dynamics.com\\\/es\\\/#organization\"},\"potentialAction\":[{\"@type\":\"SearchAction\",\"target\":{\"@type\":\"EntryPoint\",\"urlTemplate\":\"https:\\\/\\\/micromega-dynamics.com\\\/es\\\/?s={search_term_string}\"},\"query-input\":{\"@type\":\"PropertyValueSpecification\",\"valueRequired\":true,\"valueName\":\"search_term_string\"}}],\"inLanguage\":\"es\"},{\"@type\":\"Organization\",\"@id\":\"https:\\\/\\\/micromega-dynamics.com\\\/es\\\/#organization\",\"name\":\"Micromega Dynamics\",\"url\":\"https:\\\/\\\/micromega-dynamics.com\\\/es\\\/\",\"logo\":{\"@type\":\"ImageObject\",\"inLanguage\":\"es\",\"@id\":\"https:\\\/\\\/micromega-dynamics.com\\\/es\\\/#\\\/schema\\\/logo\\\/image\\\/\",\"url\":\"https:\\\/\\\/micromega-dynamics.com\\\/files\\\/uploads\\\/2024\\\/09\\\/MICROMEGA-logo-couleurs.jpg\",\"contentUrl\":\"https:\\\/\\\/micromega-dynamics.com\\\/files\\\/uploads\\\/2024\\\/09\\\/MICROMEGA-logo-couleurs.jpg\",\"width\":1162,\"height\":331,\"caption\":\"Micromega Dynamics\"},\"image\":{\"@id\":\"https:\\\/\\\/micromega-dynamics.com\\\/es\\\/#\\\/schema\\\/logo\\\/image\\\/\"},\"sameAs\":[\"https:\\\/\\\/www.linkedin.com\\\/company\\\/micromega-dynamics\\\/\"]}]}<\/script>\n<!-- \/ Yoast SEO Premium plugin. -->","yoast_head_json":{"title":"Recovib Feel + Grabador de vibraciones diminuto | Micromega Dynamics%","description":"Descubre Recovib Feel & Tiny Recorder: sensores compactos para un an\u00e1lisis preciso de las vibraciones. Fiables, precisos y f\u00e1ciles de usar.","robots":{"index":"index","follow":"follow","max-snippet":"max-snippet:-1","max-image-preview":"max-image-preview:large","max-video-preview":"max-video-preview:-1"},"canonical":"https:\/\/micromega-dynamics.com\/es\/produit\/recovib-feel-tiny\/","og_locale":"es_ES","og_type":"article","og_title":"Recovib Feel + Tiny","og_description":"Descubre Recovib Feel & Tiny Recorder: sensores compactos para un an\u00e1lisis preciso de las vibraciones. Fiables, precisos y f\u00e1ciles de usar.","og_url":"https:\/\/micromega-dynamics.com\/es\/produit\/recovib-feel-tiny\/","og_site_name":"Micromega Dynamics","article_modified_time":"2025-12-02T15:11:18+00:00","og_image":[{"width":900,"height":900,"url":"https:\/\/micromega-dynamics.com\/files\/uploads\/2024\/10\/WBCheck-Option-1-1.png","type":"image\/png"}],"twitter_card":"summary_large_image","twitter_misc":{"Tiempo de lectura":"3 minutos"},"schema":{"@context":"https:\/\/schema.org","@graph":[{"@type":"WebPage","@id":"https:\/\/micromega-dynamics.com\/es\/produit\/recovib-feel-tiny\/","url":"https:\/\/micromega-dynamics.com\/es\/produit\/recovib-feel-tiny\/","name":"Recovib Feel + Grabador de vibraciones diminuto | Micromega Dynamics%","isPartOf":{"@id":"https:\/\/micromega-dynamics.com\/es\/#website"},"primaryImageOfPage":{"@id":"https:\/\/micromega-dynamics.com\/es\/produit\/recovib-feel-tiny\/#primaryimage"},"image":{"@id":"https:\/\/micromega-dynamics.com\/es\/produit\/recovib-feel-tiny\/#primaryimage"},"thumbnailUrl":"https:\/\/micromega-dynamics.com\/files\/uploads\/2024\/10\/WBCheck-Option-1-1.png","datePublished":"2025-12-02T15:10:55+00:00","dateModified":"2025-12-02T15:11:18+00:00","description":"Descubre Recovib Feel & Tiny Recorder: sensores compactos para un an\u00e1lisis preciso de las vibraciones. Fiables, precisos y f\u00e1ciles de usar.","breadcrumb":{"@id":"https:\/\/micromega-dynamics.com\/es\/produit\/recovib-feel-tiny\/#breadcrumb"},"inLanguage":"es","potentialAction":[{"@type":"ReadAction","target":["https:\/\/micromega-dynamics.com\/es\/produit\/recovib-feel-tiny\/"]}]},{"@type":"ImageObject","inLanguage":"es","@id":"https:\/\/micromega-dynamics.com\/es\/produit\/recovib-feel-tiny\/#primaryimage","url":"https:\/\/micromega-dynamics.com\/files\/uploads\/2024\/10\/WBCheck-Option-1-1.png","contentUrl":"https:\/\/micromega-dynamics.com\/files\/uploads\/2024\/10\/WBCheck-Option-1-1.png","width":900,"height":900,"caption":"Registrador de Vibraciones Tiny y Feel Usb"},{"@type":"BreadcrumbList","@id":"https:\/\/micromega-dynamics.com\/es\/produit\/recovib-feel-tiny\/#breadcrumb","itemListElement":[{"@type":"ListItem","position":1,"name":"Accueil","item":"https:\/\/micromega-dynamics.com\/es\/"},{"@type":"ListItem","position":2,"name":"Boutique","item":"https:\/\/micromega-dynamics.com\/es\/boutique\/"},{"@type":"ListItem","position":3,"name":"Recovib Feel + Tiny"}]},{"@type":"WebSite","@id":"https:\/\/micromega-dynamics.com\/es\/#website","url":"https:\/\/micromega-dynamics.com\/es\/","name":"Micromega Dynamics","description":"Vibration Monitoring and Control","publisher":{"@id":"https:\/\/micromega-dynamics.com\/es\/#organization"},"potentialAction":[{"@type":"SearchAction","target":{"@type":"EntryPoint","urlTemplate":"https:\/\/micromega-dynamics.com\/es\/?s={search_term_string}"},"query-input":{"@type":"PropertyValueSpecification","valueRequired":true,"valueName":"search_term_string"}}],"inLanguage":"es"},{"@type":"Organization","@id":"https:\/\/micromega-dynamics.com\/es\/#organization","name":"Micromega Dynamics","url":"https:\/\/micromega-dynamics.com\/es\/","logo":{"@type":"ImageObject","inLanguage":"es","@id":"https:\/\/micromega-dynamics.com\/es\/#\/schema\/logo\/image\/","url":"https:\/\/micromega-dynamics.com\/files\/uploads\/2024\/09\/MICROMEGA-logo-couleurs.jpg","contentUrl":"https:\/\/micromega-dynamics.com\/files\/uploads\/2024\/09\/MICROMEGA-logo-couleurs.jpg","width":1162,"height":331,"caption":"Micromega Dynamics"},"image":{"@id":"https:\/\/micromega-dynamics.com\/es\/#\/schema\/logo\/image\/"},"sameAs":["https:\/\/www.linkedin.com\/company\/micromega-dynamics\/"]}]}},"_links":{"self":[{"href":"https:\/\/micromega-dynamics.com\/es\/wp-json\/wp\/v2\/product\/20538","targetHints":{"allow":["GET"]}}],"collection":[{"href":"https:\/\/micromega-dynamics.com\/es\/wp-json\/wp\/v2\/product"}],"about":[{"href":"https:\/\/micromega-dynamics.com\/es\/wp-json\/wp\/v2\/types\/product"}],"wp:featuredmedia":[{"embeddable":true,"href":"https:\/\/micromega-dynamics.com\/es\/wp-json\/wp\/v2\/media\/16693"}],"wp:attachment":[{"href":"https:\/\/micromega-dynamics.com\/es\/wp-json\/wp\/v2\/media?parent=20538"}],"wp:term":[{"taxonomy":"product_brand","embeddable":true,"href":"https:\/\/micromega-dynamics.com\/es\/wp-json\/wp\/v2\/product_brand?post=20538"},{"taxonomy":"product_cat","embeddable":true,"href":"https:\/\/micromega-dynamics.com\/es\/wp-json\/wp\/v2\/product_cat?post=20538"},{"taxonomy":"product_tag","embeddable":true,"href":"https:\/\/micromega-dynamics.com\/es\/wp-json\/wp\/v2\/product_tag?post=20538"}],"curies":[{"name":"wp","href":"https:\/\/api.w.org\/{rel}","templated":true}]}}