{"id":19317,"date":"2025-11-19T10:05:40","date_gmt":"2025-11-19T09:05:40","guid":{"rendered":"https:\/\/micromega-dynamics.com\/?page_id=19317"},"modified":"2025-11-19T10:05:40","modified_gmt":"2025-11-19T09:05:40","slug":"blog","status":"publish","type":"page","link":"https:\/\/micromega-dynamics.com\/fr\/blog\/","title":{"rendered":"Blog"},"content":{"rendered":"<p>[et_pb_section fb_built=\u00a0\u00bb1&Prime; _builder_version=\u00a0\u00bb4.27.4&Prime; _module_preset=\u00a0\u00bbdefault\u00a0\u00bb background_image=\u00a0\u00bbhttps:\/\/micromega-dynamics.com\/files\/uploads\/2025\/09\/Cover-Usecase.jpg\u00a0\u00bb parallax=\u00a0\u00bbon\u00a0\u00bb custom_padding=\u00a0\u00bb90px||90px||true|false\u00a0\u00bb locked=\u00a0\u00bboff\u00a0\u00bb global_colors_info=\u00a0\u00bb{}\u00a0\u00bb][et_pb_row _builder_version=\u00a0\u00bb4.27.4&Prime; _module_preset=\u00a0\u00bbdefault\u00a0\u00bb width=\u00a0\u00bb32%\u00a0\u00bb width_tablet=\u00a0\u00bb32%\u00a0\u00bb width_phone=\u00a0\u00bb88%\u00a0\u00bb width_last_edited=\u00a0\u00bbon|phone\u00a0\u00bb global_colors_info=\u00a0\u00bb{}\u00a0\u00bb][et_pb_column type=\u00a0\u00bb4_4&Prime; _builder_version=\u00a0\u00bb4.24.3&Prime; _module_preset=\u00a0\u00bbdefault\u00a0\u00bb global_colors_info=\u00a0\u00bb{}\u00a0\u00bb][et_pb_text admin_label=\u00a0\u00bbTexte\u00a0\u00bb _builder_version=\u00a0\u00bb4.27.4&Prime; _module_preset=\u00a0\u00bbdefault\u00a0\u00bb text_text_color=\u00a0\u00bb#ffffff\u00a0\u00bb header_font=\u00a0\u00bb|800||on|||||\u00a0\u00bb header_text_color=\u00a0\u00bb#ffffff\u00a0\u00bb header_font_size=\u00a0\u00bb33px\u00a0\u00bb header_letter_spacing=\u00a0\u00bb4px\u00a0\u00bb header_line_height=\u00a0\u00bb1.2em\u00a0\u00bb background_color=\u00a0\u00bbrgba(0,0,0,0.59)\u00a0\u00bb custom_padding=\u00a0\u00bb15px||15px||true|false\u00a0\u00bb header_font_size_tablet=\u00a0\u00bb33px\u00a0\u00bb header_font_size_phone=\u00a0\u00bb25px\u00a0\u00bb header_font_size_last_edited=\u00a0\u00bbon|phone\u00a0\u00bb global_colors_info=\u00a0\u00bb{}\u00a0\u00bb]<\/p>\n<h1 style=\"text-align: center;\">Blog<\/h1>\n<p>[\/et_pb_text][\/et_pb_column][\/et_pb_row][\/et_pb_section][et_pb_section fb_built=\u00a0\u00bb1&Prime; _builder_version=\u00a0\u00bb4.24.3&Prime; _module_preset=\u00a0\u00bbdefault\u00a0\u00bb custom_margin=\u00a0\u00bb0px||0px||false|false\u00a0\u00bb custom_padding=\u00a0\u00bb0px||0px||false|false\u00a0\u00bb global_colors_info=\u00a0\u00bb{}\u00a0\u00bb][et_pb_row _builder_version=\u00a0\u00bb4.24.3&Prime; _module_preset=\u00a0\u00bbdefault\u00a0\u00bb custom_margin=\u00a0\u00bb0px||0px||false|false\u00a0\u00bb custom_padding=\u00a0\u00bb0px||0px||false|false\u00a0\u00bb global_colors_info=\u00a0\u00bb{}\u00a0\u00bb][et_pb_column type=\u00a0\u00bb4_4&Prime; _builder_version=\u00a0\u00bb4.24.3&Prime; _module_preset=\u00a0\u00bbdefault\u00a0\u00bb global_colors_info=\u00a0\u00bb{}\u00a0\u00bb][et_pb_divider show_divider=\u00a0\u00bboff\u00a0\u00bb _builder_version=\u00a0\u00bb4.24.3&Prime; _module_preset=\u00a0\u00bbdefault\u00a0\u00bb min_height=\u00a0\u00bb10px\u00a0\u00bb height=\u00a0\u00bb10px\u00a0\u00bb custom_margin=\u00a0\u00bb0px|0px|0px|0px|true|true\u00a0\u00bb custom_padding=\u00a0\u00bb46px|0px|46px|0px|true|true\u00a0\u00bb global_colors_info=\u00a0\u00bb{}\u00a0\u00bb][\/et_pb_divider][et_pb_text _builder_version=\u00a0\u00bb4.24.3&Prime; _module_preset=\u00a0\u00bbdefault\u00a0\u00bb text_font_size=\u00a0\u00bb22px\u00a0\u00bb text_line_height=\u00a0\u00bb1.8em\u00a0\u00bb global_colors_info=\u00a0\u00bb{}\u00a0\u00bb]<\/p>\n<h1 style=\"text-align: center;\">Ma\u00eetriser la mesure des vibrations<\/h1>\n<p style=\"text-align: center;\">Explorez les guides approfondis sur les acc\u00e9l\u00e9rom\u00e8tres, les gammes de vibrations et l&rsquo;analyse de fr\u00e9quence pour mieux comprendre, mesurer et contr\u00f4ler les vibrations dans les environnements exigeants.<\/p>\n<p>[\/et_pb_text][\/et_pb_column][\/et_pb_row][\/et_pb_section][et_pb_section fb_built=\u00a0\u00bb1&Prime; _builder_version=\u00a0\u00bb4.27.4&Prime; _module_preset=\u00a0\u00bbdefault\u00a0\u00bb global_colors_info=\u00a0\u00bb{}\u00a0\u00bb][et_pb_row _builder_version=\u00a0\u00bb4.27.4&Prime; _module_preset=\u00a0\u00bbdefault\u00a0\u00bb global_colors_info=\u00a0\u00bb{}\u00a0\u00bb][et_pb_column type=\u00a0\u00bb4_4&Prime; _builder_version=\u00a0\u00bb4.27.4&Prime; _module_preset=\u00a0\u00bbdefault\u00a0\u00bb global_colors_info=\u00a0\u00bb{}\u00a0\u00bb][et_pb_blog fullwidth=\u00a0\u00bboff\u00a0\u00bb show_more=\u00a0\u00bbon\u00a0\u00bb show_author=\u00a0\u00bboff\u00a0\u00bb show_date=\u00a0\u00bboff\u00a0\u00bb show_categories=\u00a0\u00bboff\u00a0\u00bb _builder_version=\u00a0\u00bb4.27.4&Prime; _module_preset=\u00a0\u00bbdefault\u00a0\u00bb global_colors_info=\u00a0\u00bb{}\u00a0\u00bb][\/et_pb_blog][\/et_pb_column][\/et_pb_row][\/et_pb_section]<\/p>\n","protected":false},"excerpt":{"rendered":"<p>Blog Ma\u00eetriser la mesure des vibrations Explorez les guides approfondis sur les acc\u00e9l\u00e9rom\u00e8tres, les gammes de vibrations et l&rsquo;analyse de fr\u00e9quence pour mieux comprendre, mesurer et contr\u00f4ler les vibrations dans les environnements exigeants.<\/p>\n","protected":false},"author":13,"featured_media":0,"parent":0,"menu_order":0,"comment_status":"closed","ping_status":"closed","template":"","meta":{"_et_pb_use_builder":"on","_et_pb_old_content":"","_et_gb_content_width":"","footnotes":""},"class_list":["post-19317","page","type-page","status-publish","hentry"],"yoast_head":"<!-- This site is optimized with the Yoast SEO Premium plugin v27.5 (Yoast SEO v27.5) - https:\/\/yoast.com\/product\/yoast-seo-premium-wordpress\/ -->\n<title>Blog | Ma\u00eetriser la mesure des vibrations - %.<\/title>\n<meta name=\"description\" content=\"Explorez les guides approfondis sur les acc\u00e9l\u00e9rom\u00e8tres, les gammes de vibrations et l&#039;analyse de fr\u00e9quence pour mieux comprendre, mesurer et contr\u00f4ler les vibrations dans les environnements exigeants.\" \/>\n<meta name=\"robots\" content=\"index, follow, max-snippet:-1, max-image-preview:large, max-video-preview:-1\" \/>\n<link rel=\"canonical\" href=\"https:\/\/micromega-dynamics.com\/fr\/blog\/\" \/>\n<meta property=\"og:locale\" content=\"fr_FR\" \/>\n<meta property=\"og:type\" content=\"article\" \/>\n<meta property=\"og:title\" content=\"Micromega Dynamics\" \/>\n<meta property=\"og:description\" content=\"Micromega Dynamics propose des solutions innovantes dans le domaine de la surveillance en ligne des structures, de la r\u00e9duction des vibrations structurelles et des m\u00e9canismes de haute pr\u00e9cision.\" \/>\n<meta property=\"og:url\" content=\"https:\/\/micromega-dynamics.com\/fr\/blog\/\" \/>\n<meta property=\"og:site_name\" content=\"Micromega Dynamics\" \/>\n<meta property=\"article:modified_time\" content=\"2025-11-19T09:05:40+00:00\" \/>\n<meta property=\"og:image\" content=\"https:\/\/micromega-dynamics.com\/files\/uploads\/2020\/03\/about-us-picture.jpg\" \/>\n<meta name=\"twitter:card\" content=\"summary_large_image\" \/>\n<meta name=\"twitter:title\" content=\"Micromega Dynamics\" \/>\n<meta name=\"twitter:description\" content=\"Micromega Dynamics propose des solutions innovantes dans le domaine de la surveillance en ligne des structures, de la r\u00e9duction des vibrations structurelles et des m\u00e9canismes de haute pr\u00e9cision.\" \/>\n<meta name=\"twitter:image\" content=\"https:\/\/micromega-dynamics.com\/files\/uploads\/2020\/03\/about-us-picture.jpg\" \/>\n<meta name=\"twitter:label1\" content=\"Dur\u00e9e de lecture estim\u00e9e\" \/>\n\t<meta name=\"twitter:data1\" content=\"2 minutes\" \/>\n<script type=\"application\/ld+json\" class=\"yoast-schema-graph\">{\"@context\":\"https:\\\/\\\/schema.org\",\"@graph\":[{\"@type\":\"WebPage\",\"@id\":\"https:\\\/\\\/micromega-dynamics.com\\\/fr\\\/blog\\\/\",\"url\":\"https:\\\/\\\/micromega-dynamics.com\\\/fr\\\/blog\\\/\",\"name\":\"Blog | Ma\u00eetriser la mesure des vibrations - %.\",\"isPartOf\":{\"@id\":\"https:\\\/\\\/micromega-dynamics.com\\\/fr\\\/#website\"},\"datePublished\":\"-0001-11-30T00:00:00+00:00\",\"dateModified\":\"2025-11-19T09:05:40+00:00\",\"description\":\"Explorez les guides approfondis sur les acc\u00e9l\u00e9rom\u00e8tres, les gammes de vibrations et l'analyse de fr\u00e9quence pour mieux comprendre, mesurer et contr\u00f4ler les vibrations dans les environnements exigeants.\",\"breadcrumb\":{\"@id\":\"https:\\\/\\\/micromega-dynamics.com\\\/fr\\\/blog\\\/#breadcrumb\"},\"inLanguage\":\"fr-FR\",\"potentialAction\":[{\"@type\":\"ReadAction\",\"target\":[\"https:\\\/\\\/micromega-dynamics.com\\\/fr\\\/blog\\\/\"]}]},{\"@type\":\"BreadcrumbList\",\"@id\":\"https:\\\/\\\/micromega-dynamics.com\\\/fr\\\/blog\\\/#breadcrumb\",\"itemListElement\":[{\"@type\":\"ListItem\",\"position\":1,\"name\":\"Accueil\",\"item\":\"https:\\\/\\\/micromega-dynamics.com\\\/fr\\\/\"},{\"@type\":\"ListItem\",\"position\":2,\"name\":\"Blog\"}]},{\"@type\":\"WebSite\",\"@id\":\"https:\\\/\\\/micromega-dynamics.com\\\/fr\\\/#website\",\"url\":\"https:\\\/\\\/micromega-dynamics.com\\\/fr\\\/\",\"name\":\"Micromega Dynamics\",\"description\":\"Vibration Monitoring and Control\",\"publisher\":{\"@id\":\"https:\\\/\\\/micromega-dynamics.com\\\/fr\\\/#organization\"},\"potentialAction\":[{\"@type\":\"SearchAction\",\"target\":{\"@type\":\"EntryPoint\",\"urlTemplate\":\"https:\\\/\\\/micromega-dynamics.com\\\/fr\\\/?s={search_term_string}\"},\"query-input\":{\"@type\":\"PropertyValueSpecification\",\"valueRequired\":true,\"valueName\":\"search_term_string\"}}],\"inLanguage\":\"fr-FR\"},{\"@type\":\"Organization\",\"@id\":\"https:\\\/\\\/micromega-dynamics.com\\\/fr\\\/#organization\",\"name\":\"Micromega Dynamics\",\"url\":\"https:\\\/\\\/micromega-dynamics.com\\\/fr\\\/\",\"logo\":{\"@type\":\"ImageObject\",\"inLanguage\":\"fr-FR\",\"@id\":\"https:\\\/\\\/micromega-dynamics.com\\\/fr\\\/#\\\/schema\\\/logo\\\/image\\\/\",\"url\":\"https:\\\/\\\/micromega-dynamics.com\\\/files\\\/uploads\\\/2024\\\/09\\\/MICROMEGA-logo-couleurs.jpg\",\"contentUrl\":\"https:\\\/\\\/micromega-dynamics.com\\\/files\\\/uploads\\\/2024\\\/09\\\/MICROMEGA-logo-couleurs.jpg\",\"width\":1162,\"height\":331,\"caption\":\"Micromega Dynamics\"},\"image\":{\"@id\":\"https:\\\/\\\/micromega-dynamics.com\\\/fr\\\/#\\\/schema\\\/logo\\\/image\\\/\"},\"sameAs\":[\"https:\\\/\\\/www.linkedin.com\\\/company\\\/micromega-dynamics\\\/\"]}]}<\/script>\n<!-- \/ Yoast SEO Premium plugin. -->","yoast_head_json":{"title":"Blog | Ma\u00eetriser la mesure des vibrations - %.","description":"Explorez les guides approfondis sur les acc\u00e9l\u00e9rom\u00e8tres, les gammes de vibrations et l'analyse de fr\u00e9quence pour mieux comprendre, mesurer et contr\u00f4ler les vibrations dans les environnements exigeants.","robots":{"index":"index","follow":"follow","max-snippet":"max-snippet:-1","max-image-preview":"max-image-preview:large","max-video-preview":"max-video-preview:-1"},"canonical":"https:\/\/micromega-dynamics.com\/fr\/blog\/","og_locale":"fr_FR","og_type":"article","og_title":"Micromega Dynamics","og_description":"Micromega Dynamics propose des solutions innovantes dans le domaine de la surveillance en ligne des structures, de la r\u00e9duction des vibrations structurelles et des m\u00e9canismes de haute pr\u00e9cision.","og_url":"https:\/\/micromega-dynamics.com\/fr\/blog\/","og_site_name":"Micromega Dynamics","article_modified_time":"2025-11-19T09:05:40+00:00","og_image":[{"url":"https:\/\/micromega-dynamics.com\/files\/uploads\/2020\/03\/about-us-picture.jpg","type":"","width":"","height":""}],"twitter_card":"summary_large_image","twitter_title":"Micromega Dynamics","twitter_description":"Micromega Dynamics propose des solutions innovantes dans le domaine de la surveillance en ligne des structures, de la r\u00e9duction des vibrations structurelles et des m\u00e9canismes de haute pr\u00e9cision.","twitter_image":"https:\/\/micromega-dynamics.com\/files\/uploads\/2020\/03\/about-us-picture.jpg","twitter_misc":{"Dur\u00e9e de lecture estim\u00e9e":"2 minutes"},"schema":{"@context":"https:\/\/schema.org","@graph":[{"@type":"WebPage","@id":"https:\/\/micromega-dynamics.com\/fr\/blog\/","url":"https:\/\/micromega-dynamics.com\/fr\/blog\/","name":"Blog | Ma\u00eetriser la mesure des vibrations - %.","isPartOf":{"@id":"https:\/\/micromega-dynamics.com\/fr\/#website"},"datePublished":"-0001-11-30T00:00:00+00:00","dateModified":"2025-11-19T09:05:40+00:00","description":"Explorez les guides approfondis sur les acc\u00e9l\u00e9rom\u00e8tres, les gammes de vibrations et l'analyse de fr\u00e9quence pour mieux comprendre, mesurer et contr\u00f4ler les vibrations dans les environnements exigeants.","breadcrumb":{"@id":"https:\/\/micromega-dynamics.com\/fr\/blog\/#breadcrumb"},"inLanguage":"fr-FR","potentialAction":[{"@type":"ReadAction","target":["https:\/\/micromega-dynamics.com\/fr\/blog\/"]}]},{"@type":"BreadcrumbList","@id":"https:\/\/micromega-dynamics.com\/fr\/blog\/#breadcrumb","itemListElement":[{"@type":"ListItem","position":1,"name":"Accueil","item":"https:\/\/micromega-dynamics.com\/fr\/"},{"@type":"ListItem","position":2,"name":"Blog"}]},{"@type":"WebSite","@id":"https:\/\/micromega-dynamics.com\/fr\/#website","url":"https:\/\/micromega-dynamics.com\/fr\/","name":"Micromega Dynamics","description":"Vibration Monitoring and Control","publisher":{"@id":"https:\/\/micromega-dynamics.com\/fr\/#organization"},"potentialAction":[{"@type":"SearchAction","target":{"@type":"EntryPoint","urlTemplate":"https:\/\/micromega-dynamics.com\/fr\/?s={search_term_string}"},"query-input":{"@type":"PropertyValueSpecification","valueRequired":true,"valueName":"search_term_string"}}],"inLanguage":"fr-FR"},{"@type":"Organization","@id":"https:\/\/micromega-dynamics.com\/fr\/#organization","name":"Micromega Dynamics","url":"https:\/\/micromega-dynamics.com\/fr\/","logo":{"@type":"ImageObject","inLanguage":"fr-FR","@id":"https:\/\/micromega-dynamics.com\/fr\/#\/schema\/logo\/image\/","url":"https:\/\/micromega-dynamics.com\/files\/uploads\/2024\/09\/MICROMEGA-logo-couleurs.jpg","contentUrl":"https:\/\/micromega-dynamics.com\/files\/uploads\/2024\/09\/MICROMEGA-logo-couleurs.jpg","width":1162,"height":331,"caption":"Micromega Dynamics"},"image":{"@id":"https:\/\/micromega-dynamics.com\/fr\/#\/schema\/logo\/image\/"},"sameAs":["https:\/\/www.linkedin.com\/company\/micromega-dynamics\/"]}]}},"_links":{"self":[{"href":"https:\/\/micromega-dynamics.com\/fr\/wp-json\/wp\/v2\/pages\/19317","targetHints":{"allow":["GET"]}}],"collection":[{"href":"https:\/\/micromega-dynamics.com\/fr\/wp-json\/wp\/v2\/pages"}],"about":[{"href":"https:\/\/micromega-dynamics.com\/fr\/wp-json\/wp\/v2\/types\/page"}],"author":[{"embeddable":true,"href":"https:\/\/micromega-dynamics.com\/fr\/wp-json\/wp\/v2\/users\/13"}],"replies":[{"embeddable":true,"href":"https:\/\/micromega-dynamics.com\/fr\/wp-json\/wp\/v2\/comments?post=19317"}],"version-history":[{"count":13,"href":"https:\/\/micromega-dynamics.com\/fr\/wp-json\/wp\/v2\/pages\/19317\/revisions"}],"predecessor-version":[{"id":20109,"href":"https:\/\/micromega-dynamics.com\/fr\/wp-json\/wp\/v2\/pages\/19317\/revisions\/20109"}],"wp:attachment":[{"href":"https:\/\/micromega-dynamics.com\/fr\/wp-json\/wp\/v2\/media?parent=19317"}],"curies":[{"name":"wp","href":"https:\/\/api.w.org\/{rel}","templated":true}]}}