{"id":20493,"date":"2025-12-02T16:10:19","date_gmt":"2025-12-02T15:10:19","guid":{"rendered":"https:\/\/micromega-dynamics.com\/produit\/feel-usb-accelerometer\/"},"modified":"2025-12-02T16:10:30","modified_gmt":"2025-12-02T15:10:30","slug":"feel-usb-accelerometer","status":"publish","type":"product","link":"https:\/\/micromega-dynamics.com\/fr\/produit\/feel-usb-accelerometer\/","title":{"rendered":"Acc\u00e9l\u00e9rom\u00e8tre Feel USB"},"content":{"rendered":"<p>[et_pb_section fb_built=\u00a0\u00bb1&Prime; _builder_version=\u00a0\u00bb4.16&Prime; custom_padding=\u00a0\u00bb0px||||false|false\u00a0\u00bb global_colors_info=\u00a0\u00bb{}\u00a0\u00bb][et_pb_row column_structure=\u00a0\u00bb1_2,1_2&Prime; _builder_version=\u00a0\u00bb4.27.0&Prime; background_size=\u00a0\u00bbinitial\u00a0\u00bb background_position=\u00a0\u00bbtop_left\u00a0\u00bb background_repeat=\u00a0\u00bbrepeat\u00a0\u00bb custom_padding=\u00a0\u00bb0px||||false|false\u00a0\u00bb global_colors_info=\u00a0\u00bb{}\u00a0\u00bb][et_pb_column type=\u00a0\u00bb1_2&Prime; _builder_version=\u00a0\u00bb4.16&Prime; custom_padding=\u00a0\u00bb|||\u00a0\u00bb global_colors_info=\u00a0\u00bb{}\u00a0\u00bb custom_padding__hover=\u00a0\u00bb|||\u00a0\u00bb][et_pb_wc_images _builder_version=\u00a0\u00bb4.16&Prime; global_colors_info=\u00a0\u00bb{}\u00a0\u00bb][\/et_pb_wc_images][\/et_pb_column][et_pb_column type=\u00a0\u00bb1_2&Prime; _builder_version=\u00a0\u00bb4.16&Prime; custom_padding=\u00a0\u00bb|||\u00a0\u00bb global_colors_info=\u00a0\u00bb{}\u00a0\u00bb custom_padding__hover=\u00a0\u00bb|||\u00a0\u00bb][et_pb_wc_title _builder_version=\u00a0\u00bb4.27.0&Prime; custom_margin=\u00a0\u00bb||||false|false\u00a0\u00bb custom_padding=\u00a0\u00bb15px||||false|false\u00a0\u00bb global_colors_info=\u00a0\u00bb{}\u00a0\u00bb][\/et_pb_wc_title][et_pb_accordion closed_toggle_text_color=\u00a0\u00bb#000000&Prime; closed_toggle_background_color=\u00a0\u00bbRGBA(255,255,255,0)\u00a0\u00bb icon_color=\u00a0\u00bb#282828&Prime; _builder_version=\u00a0\u00bb4.24.3&Prime; _module_preset=\u00a0\u00bbdefault\u00a0\u00bb toggle_level=\u00a0\u00bbh3&Prime; toggle_font=\u00a0\u00bb|600||on|||||\u00a0\u00bb toggle_font_size=\u00a0\u00bb18px\u00a0\u00bb toggle_letter_spacing=\u00a0\u00bb1px\u00a0\u00bb toggle_line_height=\u00a0\u00bb1.3em\u00a0\u00bb closed_toggle_letter_spacing=\u00a0\u00bb1px\u00a0\u00bb closed_toggle_line_height=\u00a0\u00bb1.3em\u00a0\u00bb body_line_height=\u00a0\u00bb1.5em\u00a0\u00bb text_orientation=\u00a0\u00bbleft\u00a0\u00bb width=\u00a0\u00bb100%\u00a0\u00bb custom_margin=\u00a0\u00bb||||false|false\u00a0\u00bb custom_padding=\u00a0\u00bb||||false|false\u00a0\u00bb custom_css_free_form=\u00a0\u00bb\/* S\u00e9lectionner les items de l&rsquo;accord\u00e9on en fonction de la classe *\/||.et_pb_toggle.et_pb_module.et_pb_accordion_item {||    margin-top: 0px; \/* R\u00e9duit l&rsquo;\u00e9cart en haut de chaque \u00e9l\u00e9ment *\/||    margin-bottom: 0px; \/* R\u00e9duit l&rsquo;\u00e9cart en bas de chaque \u00e9l\u00e9ment *\/||    padding-top: 10px;  \/* Suppression de l&rsquo;espace en haut du contenu *\/||    padding-bottom: 10px;  \/* Suppression de l&rsquo;espace en bas du contenu *\/||||}||\u00a0\u00bb border_radii=\u00a0\u00bboff||||\u00a0\u00bb border_width_all=\u00a0\u00bb0px\u00a0\u00bb border_width_bottom=\u00a0\u00bb1px\u00a0\u00bb border_color_bottom=\u00a0\u00bb#efefef\u00a0\u00bb locked=\u00a0\u00bboff\u00a0\u00bb global_colors_info=\u00a0\u00bb{}\u00a0\u00bb][et_pb_accordion_item title=\u00a0\u00bbDescription\u00a0\u00bb open=\u00a0\u00bbon\u00a0\u00bb _builder_version=\u00a0\u00bb4.24.3&Prime; _module_preset=\u00a0\u00bbdefault\u00a0\u00bb body_line_height=\u00a0\u00bb1.8em\u00a0\u00bb global_colors_info=\u00a0\u00bb{}\u00a0\u00bb]<\/p>\n<p><span style=\"font-weight: 400;\">Voici le RECOVIB Feel, l&rsquo;<\/span><b>acc\u00e9l\u00e9rom\u00e8tre USB le plus facile \u00e0 utiliser <\/b> <span style=\"font-weight: 400;\">con\u00e7u pour une analyse vibratoire imm\u00e9diate. Cet appareil compact se connecte en toute transparence aux appareils Android (smartphone et tablette) ou aux PC via une connexion USB, ouvrant ainsi la voie \u00e0 un monde d&rsquo;informations en temps r\u00e9el. <\/span> <span style=\"font-weight: 400;\">L&rsquo; <\/span><a href=\"https:\/\/play.google.com\/store\/apps\/details?id=com.micromega_dynamics.recovibfeel&amp;hl=fr&amp;pcampaignid=MKT-Other-global-all-co-prtnr-py-PartBadge-Mar2515-1\"><b>application<\/b> <\/a>gratuite Recovib.Feel <span style=\"font-weight: 400;\">permet de diffuser en temps r\u00e9el des donn\u00e9es vibratoires sur un graphique dans le domaine temporel et dans le domaine fr\u00e9quentiel. Pendant la diffusion, il est possible d&rsquo;enregistrer les donn\u00e9es vibratoires afin de les rejouer dans une visionneuse de donn\u00e9es, sur votre smartphone ou votre PC. La visionneuse permet une analyse d\u00e9taill\u00e9e des vibrations enregistr\u00e9es dans le domaine temporel et dans le domaine fr\u00e9quentiel.  <\/span><\/p>\n<p>[\/et_pb_accordion_item][et_pb_accordion_item title=\u00a0\u00bbOptions de traitement du signal\u00a0\u00bb _builder_version=\u00a0\u00bb4.24.3&Prime; _module_preset=\u00a0\u00bbdefault\u00a0\u00bb global_colors_info=\u00a0\u00bb{}\u00a0\u00bb open=\u00a0\u00bboff\u00a0\u00bb]<\/p>\n<p>Diverses options de traitement du signal sont disponibles : filtres passe-haut, passe-bas et passe-bande, filtres int\u00e9grateurs (mode vitesse) et filtres \u00e0 double int\u00e9grateur (mode d\u00e9placement). Dans le domaine des fr\u00e9quences, plusieurs calculs bas\u00e9s sur la FFT sont propos\u00e9s : Spectre d&rsquo;amplitude, cr\u00eate et valeur efficace, spectre de puissance, densit\u00e9 spectrale de puissance et densit\u00e9 spectrale d&rsquo;amplitude. <\/p>\n<p>[\/et_pb_accordion_item][et_pb_accordion_item title=\u00a0\u00bbUtilisation typique\u00a0\u00bb _builder_version=\u00a0\u00bb4.24.3&Prime; _module_preset=\u00a0\u00bbdefault\u00a0\u00bb global_colors_info=\u00a0\u00bb{}\u00a0\u00bb open=\u00a0\u00bboff\u00a0\u00bb]<\/p>\n<p><span style=\"font-size: medium;\">L&rsquo;utilisation typique de cet acc\u00e9l\u00e9rom\u00e8tre USB s&rsquo;\u00e9tend \u00e0 divers secteurs et sc\u00e9narios :<\/span><span style=\"font-size: medium;\"><\/span><\/p>\n<ul>\n<li>Surveillance des vibrations \u00ab\u00a0plug and play\u00a0\u00bb<\/li>\n<li>Analyse des vibrations en temps r\u00e9el<\/li>\n<li>Analyse de la fr\u00e9quence et du temps en temps r\u00e9el<\/li>\n<li>Diagnostic des vibrations<\/li>\n<li>Analyse modale des vibrations<\/li>\n<li>Machines-outils &#8211; Automobile &#8211; Aviation<\/li>\n<li>Analyse structurelle et surveillance de la sant\u00e9<\/li>\n<\/ul>\n<p>[\/et_pb_accordion_item][et_pb_accordion_item title=\u00a0\u00bbCaract\u00e9ristiques\u00a0\u00bb _builder_version=\u00a0\u00bb4.24.3&Prime; _module_preset=\u00a0\u00bbdefault\u00a0\u00bb global_colors_info=\u00a0\u00bb{}\u00a0\u00bb open=\u00a0\u00bboff\u00a0\u00bb]<\/p>\n<p><span style=\"font-weight: 400; font-size: medium;\">Principales caract\u00e9ristiques de notre acc\u00e9l\u00e9rom\u00e8tre 3 axes de pointe, con\u00e7u pour red\u00e9finir votre exp\u00e9rience en mati\u00e8re de surveillance des vibrations :<\/span><span style=\"font-weight: 400; font-size: medium;\"><\/span><\/p>\n<ul>\n<li>Acc\u00e9l\u00e9rom\u00e8tre \u00e0 3 axes<\/li>\n<li>DC \u00e0 250 Hz largeur de bande utile<\/li>\n<li>Faible bruit<\/li>\n<li>Conception compacte et robuste<\/li>\n<li>Degr\u00e9 de protection IP67<\/li>\n<\/ul>\n<p>[\/et_pb_accordion_item][\/et_pb_accordion][et_pb_wc_price _builder_version=\u00a0\u00bb4.16&Prime; global_colors_info=\u00a0\u00bb{}\u00a0\u00bb][\/et_pb_wc_price][et_pb_wc_description _builder_version=\u00a0\u00bb4.16&Prime; global_colors_info=\u00a0\u00bb{}\u00a0\u00bb][\/et_pb_wc_description][et_pb_wc_add_to_cart _builder_version=\u00a0\u00bb4.16&Prime; global_colors_info=\u00a0\u00bb{}\u00a0\u00bb][\/et_pb_wc_add_to_cart][\/et_pb_column][\/et_pb_row][\/et_pb_section]<\/p>\n","protected":false},"excerpt":{"rendered":"<p>Voici le RECOVIB Feel, l&rsquo;acc\u00e9l\u00e9rom\u00e8tre USB le plus facile \u00e0 utiliser con\u00e7u pour une analyse vibratoire imm\u00e9diate. Cet appareil compact se connecte en toute transparence aux appareils Android (smartphone et tablette) ou aux PC via une connexion USB, ouvrant ainsi la voie \u00e0 un monde d&rsquo;informations en temps r\u00e9el. L&rsquo; application gratuite Recovib.Feel permet de [&hellip;]<\/p>\n","protected":false},"featured_media":13341,"template":"","meta":{"_et_pb_use_builder":"on","_et_pb_old_content":"","_et_gb_content_width":""},"product_brand":[],"product_cat":[235],"product_tag":[],"class_list":{"0":"post-20493","1":"product","2":"type-product","3":"status-publish","4":"has-post-thumbnail","6":"product_cat-non-classe","8":"first","9":"instock","10":"taxable","11":"shipping-taxable","12":"purchasable","13":"product-type-variable"},"yoast_head":"<!-- This site is optimized with the Yoast SEO Premium plugin v27.5 (Yoast SEO v27.5) - https:\/\/yoast.com\/product\/yoast-seo-premium-wordpress\/ -->\n<title>Acc\u00e9l\u00e9rom\u00e8tre Feel USB | Achetez en ligne notre capteur de vibrations<\/title>\n<meta name=\"description\" content=\"RECOVIB Feel : Acc\u00e9l\u00e9rom\u00e8tre USB pour l&#039;analyse et l&#039;enregistrement des vibrations en temps r\u00e9el sur Android\/PC, avec visualisation des donn\u00e9es de temps et de fr\u00e9quence.\" \/>\n<meta name=\"robots\" content=\"index, follow, max-snippet:-1, max-image-preview:large, max-video-preview:-1\" \/>\n<link rel=\"canonical\" href=\"https:\/\/micromega-dynamics.com\/fr\/produit\/feel-usb-accelerometer\/\" \/>\n<meta property=\"og:locale\" content=\"fr_FR\" \/>\n<meta property=\"og:type\" content=\"article\" \/>\n<meta property=\"og:title\" content=\"Acc\u00e9l\u00e9rom\u00e8tre Feel USB\" \/>\n<meta property=\"og:description\" content=\"RECOVIB Feel : Acc\u00e9l\u00e9rom\u00e8tre USB pour l&#039;analyse et l&#039;enregistrement des vibrations en temps r\u00e9el sur Android\/PC, avec visualisation des donn\u00e9es de temps et de fr\u00e9quence.\" \/>\n<meta property=\"og:url\" content=\"https:\/\/micromega-dynamics.com\/fr\/produit\/feel-usb-accelerometer\/\" \/>\n<meta property=\"og:site_name\" content=\"Micromega Dynamics\" \/>\n<meta property=\"article:modified_time\" content=\"2025-12-02T15:10:30+00:00\" \/>\n<meta property=\"og:image\" content=\"https:\/\/micromega-dynamics.com\/files\/uploads\/2024\/10\/WBCheck-Option.png\" \/>\n\t<meta property=\"og:image:width\" content=\"900\" \/>\n\t<meta property=\"og:image:height\" content=\"900\" \/>\n\t<meta property=\"og:image:type\" content=\"image\/png\" \/>\n<meta name=\"twitter:card\" content=\"summary_large_image\" \/>\n<meta name=\"twitter:label1\" content=\"Dur\u00e9e de lecture estim\u00e9e\" \/>\n\t<meta name=\"twitter:data1\" content=\"4 minutes\" \/>\n<script type=\"application\/ld+json\" class=\"yoast-schema-graph\">{\"@context\":\"https:\\\/\\\/schema.org\",\"@graph\":[{\"@type\":\"WebPage\",\"@id\":\"https:\\\/\\\/micromega-dynamics.com\\\/fr\\\/produit\\\/feel-usb-accelerometer\\\/\",\"url\":\"https:\\\/\\\/micromega-dynamics.com\\\/fr\\\/produit\\\/feel-usb-accelerometer\\\/\",\"name\":\"Acc\u00e9l\u00e9rom\u00e8tre Feel USB | Achetez en ligne notre capteur de vibrations\",\"isPartOf\":{\"@id\":\"https:\\\/\\\/micromega-dynamics.com\\\/fr\\\/#website\"},\"primaryImageOfPage\":{\"@id\":\"https:\\\/\\\/micromega-dynamics.com\\\/fr\\\/produit\\\/feel-usb-accelerometer\\\/#primaryimage\"},\"image\":{\"@id\":\"https:\\\/\\\/micromega-dynamics.com\\\/fr\\\/produit\\\/feel-usb-accelerometer\\\/#primaryimage\"},\"thumbnailUrl\":\"https:\\\/\\\/micromega-dynamics.com\\\/files\\\/uploads\\\/2024\\\/10\\\/WBCheck-Option.png\",\"datePublished\":\"2025-12-02T15:10:19+00:00\",\"dateModified\":\"2025-12-02T15:10:30+00:00\",\"description\":\"RECOVIB Feel : Acc\u00e9l\u00e9rom\u00e8tre USB pour l'analyse et l'enregistrement des vibrations en temps r\u00e9el sur Android\\\/PC, avec visualisation des donn\u00e9es de temps et de fr\u00e9quence.\",\"breadcrumb\":{\"@id\":\"https:\\\/\\\/micromega-dynamics.com\\\/fr\\\/produit\\\/feel-usb-accelerometer\\\/#breadcrumb\"},\"inLanguage\":\"fr-FR\",\"potentialAction\":[{\"@type\":\"ReadAction\",\"target\":[\"https:\\\/\\\/micromega-dynamics.com\\\/fr\\\/produit\\\/feel-usb-accelerometer\\\/\"]}]},{\"@type\":\"ImageObject\",\"inLanguage\":\"fr-FR\",\"@id\":\"https:\\\/\\\/micromega-dynamics.com\\\/fr\\\/produit\\\/feel-usb-accelerometer\\\/#primaryimage\",\"url\":\"https:\\\/\\\/micromega-dynamics.com\\\/files\\\/uploads\\\/2024\\\/10\\\/WBCheck-Option.png\",\"contentUrl\":\"https:\\\/\\\/micromega-dynamics.com\\\/files\\\/uploads\\\/2024\\\/10\\\/WBCheck-Option.png\",\"width\":900,\"height\":900,\"caption\":\"Acc\u00e9l\u00e9rom\u00e8tre USB Feel\"},{\"@type\":\"BreadcrumbList\",\"@id\":\"https:\\\/\\\/micromega-dynamics.com\\\/fr\\\/produit\\\/feel-usb-accelerometer\\\/#breadcrumb\",\"itemListElement\":[{\"@type\":\"ListItem\",\"position\":1,\"name\":\"Accueil\",\"item\":\"https:\\\/\\\/micromega-dynamics.com\\\/fr\\\/\"},{\"@type\":\"ListItem\",\"position\":2,\"name\":\"Boutique\",\"item\":\"https:\\\/\\\/micromega-dynamics.com\\\/fr\\\/?page_id=14946\"},{\"@type\":\"ListItem\",\"position\":3,\"name\":\"Acc\u00e9l\u00e9rom\u00e8tre Feel USB\"}]},{\"@type\":\"WebSite\",\"@id\":\"https:\\\/\\\/micromega-dynamics.com\\\/fr\\\/#website\",\"url\":\"https:\\\/\\\/micromega-dynamics.com\\\/fr\\\/\",\"name\":\"Micromega Dynamics\",\"description\":\"Vibration Monitoring and Control\",\"publisher\":{\"@id\":\"https:\\\/\\\/micromega-dynamics.com\\\/fr\\\/#organization\"},\"potentialAction\":[{\"@type\":\"SearchAction\",\"target\":{\"@type\":\"EntryPoint\",\"urlTemplate\":\"https:\\\/\\\/micromega-dynamics.com\\\/fr\\\/?s={search_term_string}\"},\"query-input\":{\"@type\":\"PropertyValueSpecification\",\"valueRequired\":true,\"valueName\":\"search_term_string\"}}],\"inLanguage\":\"fr-FR\"},{\"@type\":\"Organization\",\"@id\":\"https:\\\/\\\/micromega-dynamics.com\\\/fr\\\/#organization\",\"name\":\"Micromega Dynamics\",\"url\":\"https:\\\/\\\/micromega-dynamics.com\\\/fr\\\/\",\"logo\":{\"@type\":\"ImageObject\",\"inLanguage\":\"fr-FR\",\"@id\":\"https:\\\/\\\/micromega-dynamics.com\\\/fr\\\/#\\\/schema\\\/logo\\\/image\\\/\",\"url\":\"https:\\\/\\\/micromega-dynamics.com\\\/files\\\/uploads\\\/2024\\\/09\\\/MICROMEGA-logo-couleurs.jpg\",\"contentUrl\":\"https:\\\/\\\/micromega-dynamics.com\\\/files\\\/uploads\\\/2024\\\/09\\\/MICROMEGA-logo-couleurs.jpg\",\"width\":1162,\"height\":331,\"caption\":\"Micromega Dynamics\"},\"image\":{\"@id\":\"https:\\\/\\\/micromega-dynamics.com\\\/fr\\\/#\\\/schema\\\/logo\\\/image\\\/\"},\"sameAs\":[\"https:\\\/\\\/www.linkedin.com\\\/company\\\/micromega-dynamics\\\/\"]}]}<\/script>\n<!-- \/ Yoast SEO Premium plugin. -->","yoast_head_json":{"title":"Acc\u00e9l\u00e9rom\u00e8tre Feel USB | Achetez en ligne notre capteur de vibrations","description":"RECOVIB Feel : Acc\u00e9l\u00e9rom\u00e8tre USB pour l'analyse et l'enregistrement des vibrations en temps r\u00e9el sur Android\/PC, avec visualisation des donn\u00e9es de temps et de fr\u00e9quence.","robots":{"index":"index","follow":"follow","max-snippet":"max-snippet:-1","max-image-preview":"max-image-preview:large","max-video-preview":"max-video-preview:-1"},"canonical":"https:\/\/micromega-dynamics.com\/fr\/produit\/feel-usb-accelerometer\/","og_locale":"fr_FR","og_type":"article","og_title":"Acc\u00e9l\u00e9rom\u00e8tre Feel USB","og_description":"RECOVIB Feel : Acc\u00e9l\u00e9rom\u00e8tre USB pour l'analyse et l'enregistrement des vibrations en temps r\u00e9el sur Android\/PC, avec visualisation des donn\u00e9es de temps et de fr\u00e9quence.","og_url":"https:\/\/micromega-dynamics.com\/fr\/produit\/feel-usb-accelerometer\/","og_site_name":"Micromega Dynamics","article_modified_time":"2025-12-02T15:10:30+00:00","og_image":[{"width":900,"height":900,"url":"https:\/\/micromega-dynamics.com\/files\/uploads\/2024\/10\/WBCheck-Option.png","type":"image\/png"}],"twitter_card":"summary_large_image","twitter_misc":{"Dur\u00e9e de lecture estim\u00e9e":"4 minutes"},"schema":{"@context":"https:\/\/schema.org","@graph":[{"@type":"WebPage","@id":"https:\/\/micromega-dynamics.com\/fr\/produit\/feel-usb-accelerometer\/","url":"https:\/\/micromega-dynamics.com\/fr\/produit\/feel-usb-accelerometer\/","name":"Acc\u00e9l\u00e9rom\u00e8tre Feel USB | Achetez en ligne notre capteur de vibrations","isPartOf":{"@id":"https:\/\/micromega-dynamics.com\/fr\/#website"},"primaryImageOfPage":{"@id":"https:\/\/micromega-dynamics.com\/fr\/produit\/feel-usb-accelerometer\/#primaryimage"},"image":{"@id":"https:\/\/micromega-dynamics.com\/fr\/produit\/feel-usb-accelerometer\/#primaryimage"},"thumbnailUrl":"https:\/\/micromega-dynamics.com\/files\/uploads\/2024\/10\/WBCheck-Option.png","datePublished":"2025-12-02T15:10:19+00:00","dateModified":"2025-12-02T15:10:30+00:00","description":"RECOVIB Feel : Acc\u00e9l\u00e9rom\u00e8tre USB pour l'analyse et l'enregistrement des vibrations en temps r\u00e9el sur Android\/PC, avec visualisation des donn\u00e9es de temps et de fr\u00e9quence.","breadcrumb":{"@id":"https:\/\/micromega-dynamics.com\/fr\/produit\/feel-usb-accelerometer\/#breadcrumb"},"inLanguage":"fr-FR","potentialAction":[{"@type":"ReadAction","target":["https:\/\/micromega-dynamics.com\/fr\/produit\/feel-usb-accelerometer\/"]}]},{"@type":"ImageObject","inLanguage":"fr-FR","@id":"https:\/\/micromega-dynamics.com\/fr\/produit\/feel-usb-accelerometer\/#primaryimage","url":"https:\/\/micromega-dynamics.com\/files\/uploads\/2024\/10\/WBCheck-Option.png","contentUrl":"https:\/\/micromega-dynamics.com\/files\/uploads\/2024\/10\/WBCheck-Option.png","width":900,"height":900,"caption":"Acc\u00e9l\u00e9rom\u00e8tre USB Feel"},{"@type":"BreadcrumbList","@id":"https:\/\/micromega-dynamics.com\/fr\/produit\/feel-usb-accelerometer\/#breadcrumb","itemListElement":[{"@type":"ListItem","position":1,"name":"Accueil","item":"https:\/\/micromega-dynamics.com\/fr\/"},{"@type":"ListItem","position":2,"name":"Boutique","item":"https:\/\/micromega-dynamics.com\/fr\/?page_id=14946"},{"@type":"ListItem","position":3,"name":"Acc\u00e9l\u00e9rom\u00e8tre Feel USB"}]},{"@type":"WebSite","@id":"https:\/\/micromega-dynamics.com\/fr\/#website","url":"https:\/\/micromega-dynamics.com\/fr\/","name":"Micromega Dynamics","description":"Vibration Monitoring and Control","publisher":{"@id":"https:\/\/micromega-dynamics.com\/fr\/#organization"},"potentialAction":[{"@type":"SearchAction","target":{"@type":"EntryPoint","urlTemplate":"https:\/\/micromega-dynamics.com\/fr\/?s={search_term_string}"},"query-input":{"@type":"PropertyValueSpecification","valueRequired":true,"valueName":"search_term_string"}}],"inLanguage":"fr-FR"},{"@type":"Organization","@id":"https:\/\/micromega-dynamics.com\/fr\/#organization","name":"Micromega Dynamics","url":"https:\/\/micromega-dynamics.com\/fr\/","logo":{"@type":"ImageObject","inLanguage":"fr-FR","@id":"https:\/\/micromega-dynamics.com\/fr\/#\/schema\/logo\/image\/","url":"https:\/\/micromega-dynamics.com\/files\/uploads\/2024\/09\/MICROMEGA-logo-couleurs.jpg","contentUrl":"https:\/\/micromega-dynamics.com\/files\/uploads\/2024\/09\/MICROMEGA-logo-couleurs.jpg","width":1162,"height":331,"caption":"Micromega Dynamics"},"image":{"@id":"https:\/\/micromega-dynamics.com\/fr\/#\/schema\/logo\/image\/"},"sameAs":["https:\/\/www.linkedin.com\/company\/micromega-dynamics\/"]}]}},"_links":{"self":[{"href":"https:\/\/micromega-dynamics.com\/fr\/wp-json\/wp\/v2\/product\/20493","targetHints":{"allow":["GET"]}}],"collection":[{"href":"https:\/\/micromega-dynamics.com\/fr\/wp-json\/wp\/v2\/product"}],"about":[{"href":"https:\/\/micromega-dynamics.com\/fr\/wp-json\/wp\/v2\/types\/product"}],"wp:featuredmedia":[{"embeddable":true,"href":"https:\/\/micromega-dynamics.com\/fr\/wp-json\/wp\/v2\/media\/13341"}],"wp:attachment":[{"href":"https:\/\/micromega-dynamics.com\/fr\/wp-json\/wp\/v2\/media?parent=20493"}],"wp:term":[{"taxonomy":"product_brand","embeddable":true,"href":"https:\/\/micromega-dynamics.com\/fr\/wp-json\/wp\/v2\/product_brand?post=20493"},{"taxonomy":"product_cat","embeddable":true,"href":"https:\/\/micromega-dynamics.com\/fr\/wp-json\/wp\/v2\/product_cat?post=20493"},{"taxonomy":"product_tag","embeddable":true,"href":"https:\/\/micromega-dynamics.com\/fr\/wp-json\/wp\/v2\/product_tag?post=20493"}],"curies":[{"name":"wp","href":"https:\/\/api.w.org\/{rel}","templated":true}]}}