{"id":20559,"date":"2025-12-02T16:11:08","date_gmt":"2025-12-02T15:11:08","guid":{"rendered":"https:\/\/micromega-dynamics.com\/produit\/recovib-feel-tiny\/"},"modified":"2025-12-02T16:11:18","modified_gmt":"2025-12-02T15:11:18","slug":"recovib-feel-tiny","status":"publish","type":"product","link":"https:\/\/micromega-dynamics.com\/fr\/produit\/recovib-feel-tiny\/","title":{"rendered":"Recovib Feel + Tiny"},"content":{"rendered":"<p>[et_pb_section fb_built=\u00a0\u00bb1&Prime; _builder_version=\u00a0\u00bb4.16&Prime; custom_padding=\u00a0\u00bb0px||||false|false\u00a0\u00bb global_colors_info=\u00a0\u00bb{}\u00a0\u00bb][et_pb_row column_structure=\u00a0\u00bb1_2,1_2&Prime; _builder_version=\u00a0\u00bb4.27.0&Prime; background_size=\u00a0\u00bbinitial\u00a0\u00bb background_position=\u00a0\u00bbtop_left\u00a0\u00bb background_repeat=\u00a0\u00bbrepeat\u00a0\u00bb custom_padding=\u00a0\u00bb0px||||false|false\u00a0\u00bb global_colors_info=\u00a0\u00bb{}\u00a0\u00bb][et_pb_column type=\u00a0\u00bb1_2&Prime; _builder_version=\u00a0\u00bb4.16&Prime; custom_padding=\u00a0\u00bb|||\u00a0\u00bb global_colors_info=\u00a0\u00bb{}\u00a0\u00bb custom_padding__hover=\u00a0\u00bb|||\u00a0\u00bb][et_pb_wc_images _builder_version=\u00a0\u00bb4.16&Prime; global_colors_info=\u00a0\u00bb{}\u00a0\u00bb][\/et_pb_wc_images][\/et_pb_column][et_pb_column type=\u00a0\u00bb1_2&Prime; _builder_version=\u00a0\u00bb4.16&Prime; custom_padding=\u00a0\u00bb|||\u00a0\u00bb global_colors_info=\u00a0\u00bb{}\u00a0\u00bb custom_padding__hover=\u00a0\u00bb|||\u00a0\u00bb][et_pb_wc_title _builder_version=\u00a0\u00bb4.27.0&Prime; custom_margin=\u00a0\u00bb||||false|false\u00a0\u00bb custom_padding=\u00a0\u00bb15px||||false|false\u00a0\u00bb global_colors_info=\u00a0\u00bb{}\u00a0\u00bb][\/et_pb_wc_title][et_pb_accordion closed_toggle_text_color=\u00a0\u00bb#000000&Prime; closed_toggle_background_color=\u00a0\u00bbRGBA(255,255,255,0)\u00a0\u00bb icon_color=\u00a0\u00bb#282828&Prime; _builder_version=\u00a0\u00bb4.27.2&Prime; _module_preset=\u00a0\u00bbdefault\u00a0\u00bb toggle_level=\u00a0\u00bbh3&Prime; toggle_font=\u00a0\u00bb|600||on|||||\u00a0\u00bb toggle_font_size=\u00a0\u00bb18px\u00a0\u00bb toggle_letter_spacing=\u00a0\u00bb1px\u00a0\u00bb toggle_line_height=\u00a0\u00bb1.3em\u00a0\u00bb closed_toggle_letter_spacing=\u00a0\u00bb1px\u00a0\u00bb closed_toggle_line_height=\u00a0\u00bb1.3em\u00a0\u00bb body_line_height=\u00a0\u00bb1.5em\u00a0\u00bb text_orientation=\u00a0\u00bbleft\u00a0\u00bb width=\u00a0\u00bb100%\u00a0\u00bb custom_margin=\u00a0\u00bb||||false|false\u00a0\u00bb custom_padding=\u00a0\u00bb||||false|false\u00a0\u00bb custom_css_free_form=\u00a0\u00bb\/* S\u00e9lectionner les items de l&rsquo;accord\u00e9on en fonction de la classe *\/||.et_pb_toggle.et_pb_module.et_pb_accordion_item {||    margin-top: 0px; \/* R\u00e9duit l&rsquo;\u00e9cart en haut de chaque \u00e9l\u00e9ment *\/||    margin-bottom: 0px; \/* R\u00e9duit l&rsquo;\u00e9cart en bas de chaque \u00e9l\u00e9ment *\/||    padding-top: 10px;  \/* Suppression de l&rsquo;espace en haut du contenu *\/||    padding-bottom: 10px;  \/* Suppression de l&rsquo;espace en bas du contenu *\/||||}||\u00a0\u00bb border_radii=\u00a0\u00bboff||||\u00a0\u00bb border_width_all=\u00a0\u00bb0px\u00a0\u00bb border_width_bottom=\u00a0\u00bb1px\u00a0\u00bb border_color_bottom=\u00a0\u00bb#efefef\u00a0\u00bb locked=\u00a0\u00bboff\u00a0\u00bb global_colors_info=\u00a0\u00bb{}\u00a0\u00bb][et_pb_accordion_item title=\u00a0\u00bbDescription\u00a0\u00bb open=\u00a0\u00bbon\u00a0\u00bb _builder_version=\u00a0\u00bb4.27.2&Prime; _module_preset=\u00a0\u00bbdefault\u00a0\u00bb global_colors_info=\u00a0\u00bb{}\u00a0\u00bb]<\/p>\n<p class=\"text-muted my-2\" placeholder=\"Une br\u00e8ve description qui appara\u00eetra \u00e9galement sur les documents.\" data-oe-xpath=\"\/t[1]\/t[2]\/t[4]\/div[1]\/section[1]\/div[2]\/div[2]\/p[1]\" data-oe-model=\"product.template\" data-oe-id=\"4508\" data-oe-field=\"description_sale\" data-oe-type=\"text\" data-oe-expression=\"product.description_sale\">Valise, accessoires et logiciels inclus.<\/p>\n<form action=\"https:\/\/micromega-dynamics.odoo.com\/shop\/cart\/update\" method=\"POST\">\n<div class=\"js_product js_main_product mb-3\"><\/div>\n<\/form>\n<p>[\/et_pb_accordion_item][et_pb_accordion_item title=\u00a0\u00bbEnregistreur de vibrations Tiny\u00a0\u00bb _builder_version=\u00a0\u00bb4.27.2&Prime; _module_preset=\u00a0\u00bbdefault\u00a0\u00bb global_colors_info=\u00a0\u00bb{}\u00a0\u00bb open=\u00a0\u00bboff\u00a0\u00bb]<\/p>\n<p><strong><span data-contrast=\"none\" class=\"TextRun BCX7 SCXW206405636\" xml:lang=\"EN-US\" lang=\"EN-US\"><span class=\"NormalTextRun BCX7 SCXW206405636\">Le plus petit enregistreur de vibrations du march\u00e9<\/span><\/span><\/strong><span data-contrast=\"none\" class=\"TextRun BCX7 SCXW206405636\" xml:lang=\"EN-US\" lang=\"EN-US\"><\/span><\/p>\n<p style=\"text-align: left;\">Le Recovib.Tiny est un <strong>enregistreur de donn\u00e9es de chocs et de vibrations \u00e0 3 axes<\/strong>. Ce <strong>capteur de vibration sans fil<\/strong> est extr\u00eamement pratique pour un <strong>diagnostic vibratoire<\/strong>, offrant jusqu&rsquo;\u00e0 6 heures de mesure. Sa technologie sans fil et son utilisation intuitive permettent un gain de temps substantiel dans la r\u00e9alisation de vos mesures. C&rsquo;est le seul type d&rsquo;enregistreur de vibrations et de chocs qui permet d&rsquo;utiliser plusieurs capteurs simultan\u00e9ment et de mani\u00e8re synchronis\u00e9e, ce qui permet de r\u00e9aliser des analyses modales et des analyses de forme de d\u00e9flexion op\u00e9rationnelle sur de grandes structures telles que des ponts ou des passerelles.   <\/p>\n<p style=\"text-align: left;\">Le RECOVIB Tiny est l&rsquo;enregistreur le plus petit, le plus l\u00e9ger et le plus robuste du march\u00e9, capable d&rsquo;effectuer des enregistrements dans des conditions extr\u00eames allant de -10\u00b0C \u00e0 +50\u00b0C. Il est \u00e9galement \u00e9tanche \u00e0 la poussi\u00e8re et \u00e0 l&rsquo;eau selon la norme IP65. <\/p>\n<p>[\/et_pb_accordion_item][et_pb_accordion_item title=\u00a0\u00bbAcc\u00e9l\u00e9rom\u00e8tre FEEL USB\u00a0\u00bb _builder_version=\u00a0\u00bb4.27.2&Prime; _module_preset=\u00a0\u00bbdefault\u00a0\u00bb global_colors_info=\u00a0\u00bb{}\u00a0\u00bb open=\u00a0\u00bboff\u00a0\u00bb]<\/p>\n<p><span>Le RECOVIB Feel,<\/span><b> l&rsquo;acc\u00e9l\u00e9rom\u00e8tre USB<span> <\/span> <\/b> <span>con\u00e7u pour une analyse vibratoire imm\u00e9diate. Cet appareil compact se connecte en toute transparence aux appareils Android (smartphone et tablette) ou aux PC via une connexion USB, ouvrant ainsi la voie \u00e0 un monde d&rsquo;informations en temps r\u00e9el. <\/span> <span>Le Recovib.Feel est livr\u00e9 avec une<\/span> <a href=\"https:\/\/play.google.com\/store\/apps\/details?id=com.micromega_dynamics.recovibfeel&amp;hl=fr&amp;pcampaignid=MKT-Other-global-all-co-prtnr-py-PartBadge-Mar2515-1\"><b>application<span> <\/span> <\/b><\/a> <span>permet de diffuser en temps r\u00e9el des donn\u00e9es vibratoires sur un graphique dans le domaine temporel et dans le domaine fr\u00e9quentiel. Pendant la diffusion, il est possible d&rsquo;enregistrer les donn\u00e9es vibratoires afin de les rejouer dans une visionneuse de donn\u00e9es, sur votre smartphone ou votre PC. La visionneuse permet une analyse d\u00e9taill\u00e9e des vibrations enregistr\u00e9es dans le domaine temporel et dans le domaine fr\u00e9quentiel.  <\/span><\/p>\n<p>[\/et_pb_accordion_item][\/et_pb_accordion][et_pb_wc_price _builder_version=\u00a0\u00bb4.16&Prime; global_colors_info=\u00a0\u00bb{}\u00a0\u00bb][\/et_pb_wc_price][et_pb_wc_description _builder_version=\u00a0\u00bb4.16&Prime; global_colors_info=\u00a0\u00bb{}\u00a0\u00bb][\/et_pb_wc_description][et_pb_wc_add_to_cart _builder_version=\u00a0\u00bb4.16&Prime; global_colors_info=\u00a0\u00bb{}\u00a0\u00bb][\/et_pb_wc_add_to_cart][\/et_pb_column][\/et_pb_row][\/et_pb_section]<\/p>\n","protected":false},"excerpt":{"rendered":"<p>Valise, accessoires et logiciels inclus. Le plus petit enregistreur de vibrations du march\u00e9 Le Recovib.Tiny est un enregistreur de donn\u00e9es de chocs et de vibrations \u00e0 3 axes. Ce capteur de vibration sans fil est extr\u00eamement pratique pour un diagnostic vibratoire, offrant jusqu&rsquo;\u00e0 6 heures de mesure. Sa technologie sans fil et son utilisation intuitive [&hellip;]<\/p>\n","protected":false},"featured_media":13663,"template":"","meta":{"_et_pb_use_builder":"on","_et_pb_old_content":"","_et_gb_content_width":""},"product_brand":[],"product_cat":[235],"product_tag":[],"class_list":{"0":"post-20559","1":"product","2":"type-product","3":"status-publish","4":"has-post-thumbnail","6":"product_cat-non-classe","8":"first","9":"instock","10":"taxable","11":"shipping-taxable","12":"purchasable","13":"product-type-variable"},"yoast_head":"<!-- This site is optimized with the Yoast SEO Premium plugin v27.0 (Yoast SEO v27.0) - https:\/\/yoast.com\/product\/yoast-seo-premium-wordpress\/ -->\n<title>Recovib Feel + Enregistreur de vibrations minuscules | Micromega Dynamics<\/title>\n<meta name=\"description\" content=\"D\u00e9couvrez Recovib Feel &amp; Tiny Recorder : des capteurs compacts pour une analyse pr\u00e9cise des vibrations. Fiables, pr\u00e9cis et faciles \u00e0 utiliser.\" \/>\n<meta name=\"robots\" content=\"index, follow, max-snippet:-1, max-image-preview:large, max-video-preview:-1\" \/>\n<link rel=\"canonical\" href=\"https:\/\/micromega-dynamics.com\/fr\/produit\/recovib-feel-tiny\/\" \/>\n<meta property=\"og:locale\" content=\"fr_FR\" \/>\n<meta property=\"og:type\" content=\"article\" \/>\n<meta property=\"og:title\" content=\"Recovib Feel + Tiny\" \/>\n<meta property=\"og:description\" content=\"D\u00e9couvrez Recovib Feel &amp; Tiny Recorder : des capteurs compacts pour une analyse pr\u00e9cise des vibrations. Fiables, pr\u00e9cis et faciles \u00e0 utiliser.\" \/>\n<meta property=\"og:url\" content=\"https:\/\/micromega-dynamics.com\/fr\/produit\/recovib-feel-tiny\/\" \/>\n<meta property=\"og:site_name\" content=\"Micromega Dynamics\" \/>\n<meta property=\"article:modified_time\" content=\"2025-12-02T15:11:18+00:00\" \/>\n<meta property=\"og:image\" content=\"https:\/\/micromega-dynamics.com\/files\/uploads\/2024\/10\/WBCheck-Option-1-1.png\" \/>\n\t<meta property=\"og:image:width\" content=\"900\" \/>\n\t<meta property=\"og:image:height\" content=\"900\" \/>\n\t<meta property=\"og:image:type\" content=\"image\/png\" \/>\n<meta name=\"twitter:card\" content=\"summary_large_image\" \/>\n<meta name=\"twitter:label1\" content=\"Dur\u00e9e de lecture estim\u00e9e\" \/>\n\t<meta name=\"twitter:data1\" content=\"3 minutes\" \/>\n<script type=\"application\/ld+json\" class=\"yoast-schema-graph\">{\"@context\":\"https:\/\/schema.org\",\"@graph\":[{\"@type\":\"WebPage\",\"@id\":\"https:\/\/micromega-dynamics.com\/fr\/produit\/recovib-feel-tiny\/\",\"url\":\"https:\/\/micromega-dynamics.com\/fr\/produit\/recovib-feel-tiny\/\",\"name\":\"Recovib Feel + Enregistreur de vibrations minuscules | Micromega Dynamics\",\"isPartOf\":{\"@id\":\"https:\/\/micromega-dynamics.com\/fr\/#website\"},\"primaryImageOfPage\":{\"@id\":\"https:\/\/micromega-dynamics.com\/fr\/produit\/recovib-feel-tiny\/#primaryimage\"},\"image\":{\"@id\":\"https:\/\/micromega-dynamics.com\/fr\/produit\/recovib-feel-tiny\/#primaryimage\"},\"thumbnailUrl\":\"https:\/\/micromega-dynamics.com\/files\/uploads\/2024\/10\/WBCheck-Option-1-1.png\",\"datePublished\":\"2025-12-02T15:11:08+00:00\",\"dateModified\":\"2025-12-02T15:11:18+00:00\",\"description\":\"D\u00e9couvrez Recovib Feel & Tiny Recorder : des capteurs compacts pour une analyse pr\u00e9cise des vibrations. Fiables, pr\u00e9cis et faciles \u00e0 utiliser.\",\"breadcrumb\":{\"@id\":\"https:\/\/micromega-dynamics.com\/fr\/produit\/recovib-feel-tiny\/#breadcrumb\"},\"inLanguage\":\"fr-FR\",\"potentialAction\":[{\"@type\":\"ReadAction\",\"target\":[\"https:\/\/micromega-dynamics.com\/fr\/produit\/recovib-feel-tiny\/\"]}]},{\"@type\":\"ImageObject\",\"inLanguage\":\"fr-FR\",\"@id\":\"https:\/\/micromega-dynamics.com\/fr\/produit\/recovib-feel-tiny\/#primaryimage\",\"url\":\"https:\/\/micromega-dynamics.com\/files\/uploads\/2024\/10\/WBCheck-Option-1-1.png\",\"contentUrl\":\"https:\/\/micromega-dynamics.com\/files\/uploads\/2024\/10\/WBCheck-Option-1-1.png\",\"width\":900,\"height\":900,\"caption\":\"Tiny recorder and Feel Usb\"},{\"@type\":\"BreadcrumbList\",\"@id\":\"https:\/\/micromega-dynamics.com\/fr\/produit\/recovib-feel-tiny\/#breadcrumb\",\"itemListElement\":[{\"@type\":\"ListItem\",\"position\":1,\"name\":\"Accueil\",\"item\":\"https:\/\/micromega-dynamics.com\/fr\/\"},{\"@type\":\"ListItem\",\"position\":2,\"name\":\"Boutique\",\"item\":\"https:\/\/micromega-dynamics.com\/fr\/?page_id=14946\"},{\"@type\":\"ListItem\",\"position\":3,\"name\":\"Recovib Feel + Tiny\"}]},{\"@type\":\"WebSite\",\"@id\":\"https:\/\/micromega-dynamics.com\/fr\/#website\",\"url\":\"https:\/\/micromega-dynamics.com\/fr\/\",\"name\":\"Micromega Dynamics\",\"description\":\"Vibration Monitoring and Control\",\"publisher\":{\"@id\":\"https:\/\/micromega-dynamics.com\/fr\/#organization\"},\"potentialAction\":[{\"@type\":\"SearchAction\",\"target\":{\"@type\":\"EntryPoint\",\"urlTemplate\":\"https:\/\/micromega-dynamics.com\/fr\/?s={search_term_string}\"},\"query-input\":{\"@type\":\"PropertyValueSpecification\",\"valueRequired\":true,\"valueName\":\"search_term_string\"}}],\"inLanguage\":\"fr-FR\"},{\"@type\":\"Organization\",\"@id\":\"https:\/\/micromega-dynamics.com\/fr\/#organization\",\"name\":\"Micromega Dynamics\",\"url\":\"https:\/\/micromega-dynamics.com\/fr\/\",\"logo\":{\"@type\":\"ImageObject\",\"inLanguage\":\"fr-FR\",\"@id\":\"https:\/\/micromega-dynamics.com\/fr\/#\/schema\/logo\/image\/\",\"url\":\"https:\/\/micromega-dynamics.com\/files\/uploads\/2024\/09\/MICROMEGA-logo-couleurs.jpg\",\"contentUrl\":\"https:\/\/micromega-dynamics.com\/files\/uploads\/2024\/09\/MICROMEGA-logo-couleurs.jpg\",\"width\":1162,\"height\":331,\"caption\":\"Micromega Dynamics\"},\"image\":{\"@id\":\"https:\/\/micromega-dynamics.com\/fr\/#\/schema\/logo\/image\/\"},\"sameAs\":[\"https:\/\/www.linkedin.com\/company\/micromega-dynamics\/\"]}]}<\/script>\n<!-- \/ Yoast SEO Premium plugin. -->","yoast_head_json":{"title":"Recovib Feel + Enregistreur de vibrations minuscules | Micromega Dynamics","description":"D\u00e9couvrez Recovib Feel & Tiny Recorder : des capteurs compacts pour une analyse pr\u00e9cise des vibrations. Fiables, pr\u00e9cis et faciles \u00e0 utiliser.","robots":{"index":"index","follow":"follow","max-snippet":"max-snippet:-1","max-image-preview":"max-image-preview:large","max-video-preview":"max-video-preview:-1"},"canonical":"https:\/\/micromega-dynamics.com\/fr\/produit\/recovib-feel-tiny\/","og_locale":"fr_FR","og_type":"article","og_title":"Recovib Feel + Tiny","og_description":"D\u00e9couvrez Recovib Feel & Tiny Recorder : des capteurs compacts pour une analyse pr\u00e9cise des vibrations. Fiables, pr\u00e9cis et faciles \u00e0 utiliser.","og_url":"https:\/\/micromega-dynamics.com\/fr\/produit\/recovib-feel-tiny\/","og_site_name":"Micromega Dynamics","article_modified_time":"2025-12-02T15:11:18+00:00","og_image":[{"width":900,"height":900,"url":"https:\/\/micromega-dynamics.com\/files\/uploads\/2024\/10\/WBCheck-Option-1-1.png","type":"image\/png"}],"twitter_card":"summary_large_image","twitter_misc":{"Dur\u00e9e de lecture estim\u00e9e":"3 minutes"},"schema":{"@context":"https:\/\/schema.org","@graph":[{"@type":"WebPage","@id":"https:\/\/micromega-dynamics.com\/fr\/produit\/recovib-feel-tiny\/","url":"https:\/\/micromega-dynamics.com\/fr\/produit\/recovib-feel-tiny\/","name":"Recovib Feel + Enregistreur de vibrations minuscules | Micromega Dynamics","isPartOf":{"@id":"https:\/\/micromega-dynamics.com\/fr\/#website"},"primaryImageOfPage":{"@id":"https:\/\/micromega-dynamics.com\/fr\/produit\/recovib-feel-tiny\/#primaryimage"},"image":{"@id":"https:\/\/micromega-dynamics.com\/fr\/produit\/recovib-feel-tiny\/#primaryimage"},"thumbnailUrl":"https:\/\/micromega-dynamics.com\/files\/uploads\/2024\/10\/WBCheck-Option-1-1.png","datePublished":"2025-12-02T15:11:08+00:00","dateModified":"2025-12-02T15:11:18+00:00","description":"D\u00e9couvrez Recovib Feel & Tiny Recorder : des capteurs compacts pour une analyse pr\u00e9cise des vibrations. Fiables, pr\u00e9cis et faciles \u00e0 utiliser.","breadcrumb":{"@id":"https:\/\/micromega-dynamics.com\/fr\/produit\/recovib-feel-tiny\/#breadcrumb"},"inLanguage":"fr-FR","potentialAction":[{"@type":"ReadAction","target":["https:\/\/micromega-dynamics.com\/fr\/produit\/recovib-feel-tiny\/"]}]},{"@type":"ImageObject","inLanguage":"fr-FR","@id":"https:\/\/micromega-dynamics.com\/fr\/produit\/recovib-feel-tiny\/#primaryimage","url":"https:\/\/micromega-dynamics.com\/files\/uploads\/2024\/10\/WBCheck-Option-1-1.png","contentUrl":"https:\/\/micromega-dynamics.com\/files\/uploads\/2024\/10\/WBCheck-Option-1-1.png","width":900,"height":900,"caption":"Tiny recorder and Feel Usb"},{"@type":"BreadcrumbList","@id":"https:\/\/micromega-dynamics.com\/fr\/produit\/recovib-feel-tiny\/#breadcrumb","itemListElement":[{"@type":"ListItem","position":1,"name":"Accueil","item":"https:\/\/micromega-dynamics.com\/fr\/"},{"@type":"ListItem","position":2,"name":"Boutique","item":"https:\/\/micromega-dynamics.com\/fr\/?page_id=14946"},{"@type":"ListItem","position":3,"name":"Recovib Feel + Tiny"}]},{"@type":"WebSite","@id":"https:\/\/micromega-dynamics.com\/fr\/#website","url":"https:\/\/micromega-dynamics.com\/fr\/","name":"Micromega Dynamics","description":"Vibration Monitoring and Control","publisher":{"@id":"https:\/\/micromega-dynamics.com\/fr\/#organization"},"potentialAction":[{"@type":"SearchAction","target":{"@type":"EntryPoint","urlTemplate":"https:\/\/micromega-dynamics.com\/fr\/?s={search_term_string}"},"query-input":{"@type":"PropertyValueSpecification","valueRequired":true,"valueName":"search_term_string"}}],"inLanguage":"fr-FR"},{"@type":"Organization","@id":"https:\/\/micromega-dynamics.com\/fr\/#organization","name":"Micromega Dynamics","url":"https:\/\/micromega-dynamics.com\/fr\/","logo":{"@type":"ImageObject","inLanguage":"fr-FR","@id":"https:\/\/micromega-dynamics.com\/fr\/#\/schema\/logo\/image\/","url":"https:\/\/micromega-dynamics.com\/files\/uploads\/2024\/09\/MICROMEGA-logo-couleurs.jpg","contentUrl":"https:\/\/micromega-dynamics.com\/files\/uploads\/2024\/09\/MICROMEGA-logo-couleurs.jpg","width":1162,"height":331,"caption":"Micromega Dynamics"},"image":{"@id":"https:\/\/micromega-dynamics.com\/fr\/#\/schema\/logo\/image\/"},"sameAs":["https:\/\/www.linkedin.com\/company\/micromega-dynamics\/"]}]}},"_links":{"self":[{"href":"https:\/\/micromega-dynamics.com\/fr\/wp-json\/wp\/v2\/product\/20559","targetHints":{"allow":["GET"]}}],"collection":[{"href":"https:\/\/micromega-dynamics.com\/fr\/wp-json\/wp\/v2\/product"}],"about":[{"href":"https:\/\/micromega-dynamics.com\/fr\/wp-json\/wp\/v2\/types\/product"}],"wp:featuredmedia":[{"embeddable":true,"href":"https:\/\/micromega-dynamics.com\/fr\/wp-json\/wp\/v2\/media\/13663"}],"wp:attachment":[{"href":"https:\/\/micromega-dynamics.com\/fr\/wp-json\/wp\/v2\/media?parent=20559"}],"wp:term":[{"taxonomy":"product_brand","embeddable":true,"href":"https:\/\/micromega-dynamics.com\/fr\/wp-json\/wp\/v2\/product_brand?post=20559"},{"taxonomy":"product_cat","embeddable":true,"href":"https:\/\/micromega-dynamics.com\/fr\/wp-json\/wp\/v2\/product_cat?post=20559"},{"taxonomy":"product_tag","embeddable":true,"href":"https:\/\/micromega-dynamics.com\/fr\/wp-json\/wp\/v2\/product_tag?post=20559"}],"curies":[{"name":"wp","href":"https:\/\/api.w.org\/{rel}","templated":true}]}}