{"id":20459,"date":"2025-12-02T16:10:08","date_gmt":"2025-12-02T15:10:08","guid":{"rendered":"https:\/\/micromega-dynamics.com\/produit\/feel-usb-accelerometer\/"},"modified":"2025-12-02T16:10:30","modified_gmt":"2025-12-02T15:10:30","slug":"feel-usb-accelerometer","status":"publish","type":"product","link":"https:\/\/micromega-dynamics.com\/it\/produit\/feel-usb-accelerometer\/","title":{"rendered":"Accelerometro USB Feel"},"content":{"rendered":"<p>[et_pb_section fb_built=&#8221;1&#8243; _builder_version=&#8221;4.16&#8243; custom_padding=&#8221;0px||||false|false&#8221; global_colors_info=&#8221;{}&#8221;][et_pb_row column_structure=&#8221;1_2,1_2&#8243; _builder_version=&#8221;4.27.0&#8243; background_size=&#8221;initial&#8221; background_position=&#8221;top_left&#8221; background_repeat=&#8221;repeat&#8221; custom_padding=&#8221;0px||||false|false&#8221; global_colors_info=&#8221;{}&#8221;][et_pb_column type=&#8221;1_2&#8243; _builder_version=&#8221;4.16&#8243; custom_padding=&#8221;|||&#8221; global_colors_info=&#8221;{}&#8221; custom_padding__hover=&#8221;|||&#8221;][et_pb_wc_images _builder_version=&#8221;4.16&#8243; global_colors_info=&#8221;{}&#8221;][\/et_pb_wc_images][\/et_pb_column][et_pb_column type=&#8221;1_2&#8243; _builder_version=&#8221;4.16&#8243; custom_padding=&#8221;|||&#8221; global_colors_info=&#8221;{}&#8221; custom_padding__hover=&#8221;|||&#8221;][et_pb_wc_title _builder_version=&#8221;4.27.0&#8243; custom_margin=&#8221;||||false|false&#8221; custom_padding=&#8221;15px||||false|false&#8221; global_colors_info=&#8221;{}&#8221;][\/et_pb_wc_title][et_pb_accordion closed_toggle_text_color=&#8221;#000000&#8243; closed_toggle_background_color=&#8221;RGBA(255,255,255,0)&#8221; icon_color=&#8221;#282828&#8243; _builder_version=&#8221;4.24.3&#8243; _module_preset=&#8221;default&#8221; toggle_level=&#8221;h3&#8243; toggle_font=&#8221;|600||on|||||&#8221; toggle_font_size=&#8221;18px&#8221; toggle_letter_spacing=&#8221;1px&#8221; toggle_line_height=&#8221;1.3em&#8221; closed_toggle_letter_spacing=&#8221;1px&#8221; closed_toggle_line_height=&#8221;1.3em&#8221; body_line_height=&#8221;1.5em&#8221; text_orientation=&#8221;left&#8221; width=&#8221;100%&#8221; custom_margin=&#8221;||||false|false&#8221; custom_padding=&#8221;||||false|false&#8221; custom_css_free_form=&#8221;\/* S\u00e9lectionner les items de l&#8217;accord\u00e9on en fonction de la classe *\/||.et_pb_toggle.et_pb_module.et_pb_accordion_item {||    margin-top: 0px; \/* R\u00e9duit l&#8217;\u00e9cart en haut de chaque \u00e9l\u00e9ment *\/||    margin-bottom: 0px; \/* R\u00e9duit l&#8217;\u00e9cart en bas de chaque \u00e9l\u00e9ment *\/||    padding-top: 10px;  \/* Suppression de l&#8217;espace en haut du contenu *\/||    padding-bottom: 10px;  \/* Suppression de l&#8217;espace en bas du contenu *\/||||}||&#8221; border_radii=&#8221;off||||&#8221; border_width_all=&#8221;0px&#8221; border_width_bottom=&#8221;1px&#8221; border_color_bottom=&#8221;#efefef&#8221; locked=&#8221;off&#8221; global_colors_info=&#8221;{}&#8221;][et_pb_accordion_item title=&#8221;Descrizione&#8221; open=&#8221;on&#8221; _builder_version=&#8221;4.24.3&#8243; _module_preset=&#8221;default&#8221; body_line_height=&#8221;1.8em&#8221; global_colors_info=&#8221;{}&#8221;]<\/p>\n<p><span style=\"font-weight: 400;\">Ti presentiamo RECOVIB Feel, l&#8217;accelerometro USB pi\u00f9 facile da usare. <\/span><b>Accelerometro USB <\/b> <span style=\"font-weight: 400;\">progettato per un&#8217;analisi vibratoria immediata. Questo dispositivo compatto si collega senza problemi a dispositivi Android (smartphone e tablet) o a PC tramite una connessione USB, aprendo un mondo di approfondimenti in tempo reale. <\/span> <span style=\"font-weight: 400;\"> L&#8217;applicazione Recovib.Feel \u00e8 gratuita <\/span><a href=\"https:\/\/play.google.com\/store\/apps\/details?id=com.micromega_dynamics.recovibfeel&amp;hl=fr&amp;pcampaignid=MKT-Other-global-all-co-prtnr-py-PartBadge-Mar2515-1\"><b>applicazione <\/b><\/a> <span style=\"font-weight: 400;\">consente lo streaming dei dati di vibrazione in tempo reale su un grafico nel dominio del tempo e nel dominio della frequenza. Durante lo streaming, \u00e8 possibile registrare i dati delle vibrazioni per poterli riprodurre in un visualizzatore di dati, sul tuo smartphone o sul tuo PC. Il visualizzatore consente un&#8217;analisi dettagliata delle vibrazioni registrate nel dominio del tempo e della frequenza.  <\/span><\/p>\n<p>[\/et_pb_accordion_item][et_pb_accordion_item title=&#8221;Opzioni di elaborazione del segnale&#8221; _builder_version=&#8221;4.24.3&#8243; _module_preset=&#8221;default&#8221; global_colors_info=&#8221;{}&#8221; open=&#8221;off&#8221;]<\/p>\n<p>Sono disponibili diverse opzioni di elaborazione del segnale: filtri passa-alto, passa-basso e passa-banda, filtri integratori (modalit\u00e0 velocit\u00e0) e filtri a doppio integratore (modalit\u00e0 spostamento). Nel dominio della frequenza, sono disponibili diversi calcoli basati sulla FFT: Spettro di ampiezza, picco e RMS, spettro di potenza, densit\u00e0 spettrale di potenza e densit\u00e0 spettrale di ampiezza. <\/p>\n<p>[\/et_pb_accordion_item][et_pb_accordion_item title=&#8221;Utilizzo tipico&#8221; _builder_version=&#8221;4.24.3&#8243; _module_preset=&#8221;default&#8221; global_colors_info=&#8221;{}&#8221; open=&#8221;off&#8221;]<\/p>\n<p><span style=\"font-size: medium;\">L&#8217;uso tipico di questo accelerometro USB spazia in diversi settori e scenari:<\/span><span style=\"font-size: medium;\"><\/span><\/p>\n<ul>\n<li>&#8220;Monitoraggio delle vibrazioni &#8220;quick &amp; dirty<\/li>\n<li>Analisi delle vibrazioni in tempo reale<\/li>\n<li>Analisi della frequenza e del tempo in tempo reale<\/li>\n<li>Diagnosi delle vibrazioni<\/li>\n<li>Analisi modale delle vibrazioni<\/li>\n<li>Macchine utensili &#8211; Automotive &#8211; Aviazione<\/li>\n<li>Analisi strutturale e monitoraggio della salute<\/li>\n<\/ul>\n<p>[\/et_pb_accordion_item][et_pb_accordion_item title=&#8221;Caratteristiche&#8221; _builder_version=&#8221;4.24.3&#8243; _module_preset=&#8221;default&#8221; global_colors_info=&#8221;{}&#8221; open=&#8221;off&#8221;]<\/p>\n<p><span style=\"font-weight: 400; font-size: medium;\">Le caratteristiche principali del nostro accelerometro a 3 assi all&#8217;avanguardia, progettato per ridefinire la tua esperienza di monitoraggio delle vibrazioni:<\/span><span style=\"font-weight: 400; font-size: medium;\"><\/span><\/p>\n<ul>\n<li>Accelerometro a 3 assi<\/li>\n<li>Larghezza di banda utile da DC a 250 Hz<\/li>\n<li>Bassa rumorosit\u00e0<\/li>\n<li>Design compatto e robusto<\/li>\n<li>Grado di protezione IP67<\/li>\n<\/ul>\n<p>[\/et_pb_accordion_item][\/et_pb_accordion][et_pb_wc_price _builder_version=&#8221;4.16&#8243; global_colors_info=&#8221;{}&#8221;][\/et_pb_wc_price][et_pb_wc_description _builder_version=&#8221;4.16&#8243; global_colors_info=&#8221;{}&#8221;][\/et_pb_wc_description][et_pb_wc_add_to_cart _builder_version=&#8221;4.16&#8243; global_colors_info=&#8221;{}&#8221;][\/et_pb_wc_add_to_cart][\/et_pb_column][\/et_pb_row][\/et_pb_section]<\/p>\n","protected":false},"excerpt":{"rendered":"<p>Ti presentiamo RECOVIB Feel, l&#8217;accelerometro USB pi\u00f9 facile da usare. Accelerometro USB progettato per un&#8217;analisi vibratoria immediata. Questo dispositivo compatto si collega senza problemi a dispositivi Android (smartphone e tablet) o a PC tramite una connessione USB, aprendo un mondo di approfondimenti in tempo reale. L&#8217;applicazione Recovib.Feel \u00e8 gratuita applicazione consente lo streaming dei dati [&hellip;]<\/p>\n","protected":false},"featured_media":20473,"template":"","meta":{"_et_pb_use_builder":"on","_et_pb_old_content":"","_et_gb_content_width":""},"product_brand":[],"product_cat":[233],"product_tag":[],"class_list":{"0":"post-20459","1":"product","2":"type-product","3":"status-publish","4":"has-post-thumbnail","6":"product_cat-non-classificato","8":"first","9":"instock","10":"taxable","11":"shipping-taxable","12":"purchasable","13":"product-type-variable"},"yoast_head":"<!-- This site is optimized with the Yoast SEO Premium plugin v27.5 (Yoast SEO v27.5) - https:\/\/yoast.com\/product\/yoast-seo-premium-wordpress\/ -->\n<title>Accelerometro USB Feel | Acquista online il nostro sensore di vibrazione<\/title>\n<meta name=\"description\" content=\"RECOVIB Feel: accelerometro USB per l&#039;analisi e la registrazione delle vibrazioni in tempo reale su Android\/PC, con visualizzazione dei dati in tempo e frequenza.\" \/>\n<meta name=\"robots\" content=\"index, follow, max-snippet:-1, max-image-preview:large, max-video-preview:-1\" \/>\n<link rel=\"canonical\" href=\"https:\/\/micromega-dynamics.com\/it\/produit\/feel-usb-accelerometer\/\" \/>\n<meta property=\"og:locale\" content=\"it_IT\" \/>\n<meta property=\"og:type\" content=\"article\" \/>\n<meta property=\"og:title\" content=\"Accelerometro USB Feel\" \/>\n<meta property=\"og:description\" content=\"RECOVIB Feel: accelerometro USB per l&#039;analisi e la registrazione delle vibrazioni in tempo reale su Android\/PC, con visualizzazione dei dati in tempo e frequenza.\" \/>\n<meta property=\"og:url\" content=\"https:\/\/micromega-dynamics.com\/it\/produit\/feel-usb-accelerometer\/\" \/>\n<meta property=\"og:site_name\" content=\"Micromega Dynamics\" \/>\n<meta property=\"article:modified_time\" content=\"2025-12-02T15:10:30+00:00\" \/>\n<meta property=\"og:image\" content=\"https:\/\/micromega-dynamics.com\/files\/uploads\/2024\/10\/WBCheck-Option.png\" \/>\n\t<meta property=\"og:image:width\" content=\"900\" \/>\n\t<meta property=\"og:image:height\" content=\"900\" \/>\n\t<meta property=\"og:image:type\" content=\"image\/png\" \/>\n<meta name=\"twitter:card\" content=\"summary_large_image\" \/>\n<meta name=\"twitter:label1\" content=\"Tempo di lettura stimato\" \/>\n\t<meta name=\"twitter:data1\" content=\"3 minuti\" \/>\n<script type=\"application\/ld+json\" class=\"yoast-schema-graph\">{\"@context\":\"https:\\\/\\\/schema.org\",\"@graph\":[{\"@type\":\"WebPage\",\"@id\":\"https:\\\/\\\/micromega-dynamics.com\\\/it\\\/produit\\\/feel-usb-accelerometer\\\/\",\"url\":\"https:\\\/\\\/micromega-dynamics.com\\\/it\\\/produit\\\/feel-usb-accelerometer\\\/\",\"name\":\"Accelerometro USB Feel | Acquista online il nostro sensore di vibrazione\",\"isPartOf\":{\"@id\":\"https:\\\/\\\/micromega-dynamics.com\\\/it\\\/#website\"},\"primaryImageOfPage\":{\"@id\":\"https:\\\/\\\/micromega-dynamics.com\\\/it\\\/produit\\\/feel-usb-accelerometer\\\/#primaryimage\"},\"image\":{\"@id\":\"https:\\\/\\\/micromega-dynamics.com\\\/it\\\/produit\\\/feel-usb-accelerometer\\\/#primaryimage\"},\"thumbnailUrl\":\"https:\\\/\\\/micromega-dynamics.com\\\/files\\\/uploads\\\/2024\\\/10\\\/WBCheck-Option.png\",\"datePublished\":\"2025-12-02T15:10:08+00:00\",\"dateModified\":\"2025-12-02T15:10:30+00:00\",\"description\":\"RECOVIB Feel: accelerometro USB per l'analisi e la registrazione delle vibrazioni in tempo reale su Android\\\/PC, con visualizzazione dei dati in tempo e frequenza.\",\"breadcrumb\":{\"@id\":\"https:\\\/\\\/micromega-dynamics.com\\\/it\\\/produit\\\/feel-usb-accelerometer\\\/#breadcrumb\"},\"inLanguage\":\"it-IT\",\"potentialAction\":[{\"@type\":\"ReadAction\",\"target\":[\"https:\\\/\\\/micromega-dynamics.com\\\/it\\\/produit\\\/feel-usb-accelerometer\\\/\"]}]},{\"@type\":\"ImageObject\",\"inLanguage\":\"it-IT\",\"@id\":\"https:\\\/\\\/micromega-dynamics.com\\\/it\\\/produit\\\/feel-usb-accelerometer\\\/#primaryimage\",\"url\":\"https:\\\/\\\/micromega-dynamics.com\\\/files\\\/uploads\\\/2024\\\/10\\\/WBCheck-Option.png\",\"contentUrl\":\"https:\\\/\\\/micromega-dynamics.com\\\/files\\\/uploads\\\/2024\\\/10\\\/WBCheck-Option.png\",\"width\":900,\"height\":900,\"caption\":\"Feel USB accelerometer\"},{\"@type\":\"BreadcrumbList\",\"@id\":\"https:\\\/\\\/micromega-dynamics.com\\\/it\\\/produit\\\/feel-usb-accelerometer\\\/#breadcrumb\",\"itemListElement\":[{\"@type\":\"ListItem\",\"position\":1,\"name\":\"Accueil\",\"item\":\"https:\\\/\\\/micromega-dynamics.com\\\/it\\\/\"},{\"@type\":\"ListItem\",\"position\":2,\"name\":\"Boutique\",\"item\":\"https:\\\/\\\/micromega-dynamics.com\\\/it\\\/boutique\\\/\"},{\"@type\":\"ListItem\",\"position\":3,\"name\":\"Accelerometro USB Feel\"}]},{\"@type\":\"WebSite\",\"@id\":\"https:\\\/\\\/micromega-dynamics.com\\\/it\\\/#website\",\"url\":\"https:\\\/\\\/micromega-dynamics.com\\\/it\\\/\",\"name\":\"Micromega Dynamics\",\"description\":\"Vibration Monitoring and Control\",\"publisher\":{\"@id\":\"https:\\\/\\\/micromega-dynamics.com\\\/it\\\/#organization\"},\"potentialAction\":[{\"@type\":\"SearchAction\",\"target\":{\"@type\":\"EntryPoint\",\"urlTemplate\":\"https:\\\/\\\/micromega-dynamics.com\\\/it\\\/?s={search_term_string}\"},\"query-input\":{\"@type\":\"PropertyValueSpecification\",\"valueRequired\":true,\"valueName\":\"search_term_string\"}}],\"inLanguage\":\"it-IT\"},{\"@type\":\"Organization\",\"@id\":\"https:\\\/\\\/micromega-dynamics.com\\\/it\\\/#organization\",\"name\":\"Micromega Dynamics\",\"url\":\"https:\\\/\\\/micromega-dynamics.com\\\/it\\\/\",\"logo\":{\"@type\":\"ImageObject\",\"inLanguage\":\"it-IT\",\"@id\":\"https:\\\/\\\/micromega-dynamics.com\\\/it\\\/#\\\/schema\\\/logo\\\/image\\\/\",\"url\":\"https:\\\/\\\/micromega-dynamics.com\\\/files\\\/uploads\\\/2024\\\/09\\\/MICROMEGA-logo-couleurs.jpg\",\"contentUrl\":\"https:\\\/\\\/micromega-dynamics.com\\\/files\\\/uploads\\\/2024\\\/09\\\/MICROMEGA-logo-couleurs.jpg\",\"width\":1162,\"height\":331,\"caption\":\"Micromega Dynamics\"},\"image\":{\"@id\":\"https:\\\/\\\/micromega-dynamics.com\\\/it\\\/#\\\/schema\\\/logo\\\/image\\\/\"},\"sameAs\":[\"https:\\\/\\\/www.linkedin.com\\\/company\\\/micromega-dynamics\\\/\"]}]}<\/script>\n<!-- \/ Yoast SEO Premium plugin. -->","yoast_head_json":{"title":"Accelerometro USB Feel | Acquista online il nostro sensore di vibrazione","description":"RECOVIB Feel: accelerometro USB per l'analisi e la registrazione delle vibrazioni in tempo reale su Android\/PC, con visualizzazione dei dati in tempo e frequenza.","robots":{"index":"index","follow":"follow","max-snippet":"max-snippet:-1","max-image-preview":"max-image-preview:large","max-video-preview":"max-video-preview:-1"},"canonical":"https:\/\/micromega-dynamics.com\/it\/produit\/feel-usb-accelerometer\/","og_locale":"it_IT","og_type":"article","og_title":"Accelerometro USB Feel","og_description":"RECOVIB Feel: accelerometro USB per l'analisi e la registrazione delle vibrazioni in tempo reale su Android\/PC, con visualizzazione dei dati in tempo e frequenza.","og_url":"https:\/\/micromega-dynamics.com\/it\/produit\/feel-usb-accelerometer\/","og_site_name":"Micromega Dynamics","article_modified_time":"2025-12-02T15:10:30+00:00","og_image":[{"width":900,"height":900,"url":"https:\/\/micromega-dynamics.com\/files\/uploads\/2024\/10\/WBCheck-Option.png","type":"image\/png"}],"twitter_card":"summary_large_image","twitter_misc":{"Tempo di lettura stimato":"3 minuti"},"schema":{"@context":"https:\/\/schema.org","@graph":[{"@type":"WebPage","@id":"https:\/\/micromega-dynamics.com\/it\/produit\/feel-usb-accelerometer\/","url":"https:\/\/micromega-dynamics.com\/it\/produit\/feel-usb-accelerometer\/","name":"Accelerometro USB Feel | Acquista online il nostro sensore di vibrazione","isPartOf":{"@id":"https:\/\/micromega-dynamics.com\/it\/#website"},"primaryImageOfPage":{"@id":"https:\/\/micromega-dynamics.com\/it\/produit\/feel-usb-accelerometer\/#primaryimage"},"image":{"@id":"https:\/\/micromega-dynamics.com\/it\/produit\/feel-usb-accelerometer\/#primaryimage"},"thumbnailUrl":"https:\/\/micromega-dynamics.com\/files\/uploads\/2024\/10\/WBCheck-Option.png","datePublished":"2025-12-02T15:10:08+00:00","dateModified":"2025-12-02T15:10:30+00:00","description":"RECOVIB Feel: accelerometro USB per l'analisi e la registrazione delle vibrazioni in tempo reale su Android\/PC, con visualizzazione dei dati in tempo e frequenza.","breadcrumb":{"@id":"https:\/\/micromega-dynamics.com\/it\/produit\/feel-usb-accelerometer\/#breadcrumb"},"inLanguage":"it-IT","potentialAction":[{"@type":"ReadAction","target":["https:\/\/micromega-dynamics.com\/it\/produit\/feel-usb-accelerometer\/"]}]},{"@type":"ImageObject","inLanguage":"it-IT","@id":"https:\/\/micromega-dynamics.com\/it\/produit\/feel-usb-accelerometer\/#primaryimage","url":"https:\/\/micromega-dynamics.com\/files\/uploads\/2024\/10\/WBCheck-Option.png","contentUrl":"https:\/\/micromega-dynamics.com\/files\/uploads\/2024\/10\/WBCheck-Option.png","width":900,"height":900,"caption":"Feel USB accelerometer"},{"@type":"BreadcrumbList","@id":"https:\/\/micromega-dynamics.com\/it\/produit\/feel-usb-accelerometer\/#breadcrumb","itemListElement":[{"@type":"ListItem","position":1,"name":"Accueil","item":"https:\/\/micromega-dynamics.com\/it\/"},{"@type":"ListItem","position":2,"name":"Boutique","item":"https:\/\/micromega-dynamics.com\/it\/boutique\/"},{"@type":"ListItem","position":3,"name":"Accelerometro USB Feel"}]},{"@type":"WebSite","@id":"https:\/\/micromega-dynamics.com\/it\/#website","url":"https:\/\/micromega-dynamics.com\/it\/","name":"Micromega Dynamics","description":"Vibration Monitoring and Control","publisher":{"@id":"https:\/\/micromega-dynamics.com\/it\/#organization"},"potentialAction":[{"@type":"SearchAction","target":{"@type":"EntryPoint","urlTemplate":"https:\/\/micromega-dynamics.com\/it\/?s={search_term_string}"},"query-input":{"@type":"PropertyValueSpecification","valueRequired":true,"valueName":"search_term_string"}}],"inLanguage":"it-IT"},{"@type":"Organization","@id":"https:\/\/micromega-dynamics.com\/it\/#organization","name":"Micromega Dynamics","url":"https:\/\/micromega-dynamics.com\/it\/","logo":{"@type":"ImageObject","inLanguage":"it-IT","@id":"https:\/\/micromega-dynamics.com\/it\/#\/schema\/logo\/image\/","url":"https:\/\/micromega-dynamics.com\/files\/uploads\/2024\/09\/MICROMEGA-logo-couleurs.jpg","contentUrl":"https:\/\/micromega-dynamics.com\/files\/uploads\/2024\/09\/MICROMEGA-logo-couleurs.jpg","width":1162,"height":331,"caption":"Micromega Dynamics"},"image":{"@id":"https:\/\/micromega-dynamics.com\/it\/#\/schema\/logo\/image\/"},"sameAs":["https:\/\/www.linkedin.com\/company\/micromega-dynamics\/"]}]}},"_links":{"self":[{"href":"https:\/\/micromega-dynamics.com\/it\/wp-json\/wp\/v2\/product\/20459","targetHints":{"allow":["GET"]}}],"collection":[{"href":"https:\/\/micromega-dynamics.com\/it\/wp-json\/wp\/v2\/product"}],"about":[{"href":"https:\/\/micromega-dynamics.com\/it\/wp-json\/wp\/v2\/types\/product"}],"wp:featuredmedia":[{"embeddable":true,"href":"https:\/\/micromega-dynamics.com\/it\/wp-json\/wp\/v2\/media\/20473"}],"wp:attachment":[{"href":"https:\/\/micromega-dynamics.com\/it\/wp-json\/wp\/v2\/media?parent=20459"}],"wp:term":[{"taxonomy":"product_brand","embeddable":true,"href":"https:\/\/micromega-dynamics.com\/it\/wp-json\/wp\/v2\/product_brand?post=20459"},{"taxonomy":"product_cat","embeddable":true,"href":"https:\/\/micromega-dynamics.com\/it\/wp-json\/wp\/v2\/product_cat?post=20459"},{"taxonomy":"product_tag","embeddable":true,"href":"https:\/\/micromega-dynamics.com\/it\/wp-json\/wp\/v2\/product_tag?post=20459"}],"curies":[{"name":"wp","href":"https:\/\/api.w.org\/{rel}","templated":true}]}}