{"id":20545,"date":"2025-12-02T16:10:59","date_gmt":"2025-12-02T15:10:59","guid":{"rendered":"https:\/\/micromega-dynamics.com\/produit\/recovib-feel-tiny\/"},"modified":"2025-12-02T16:11:18","modified_gmt":"2025-12-02T15:11:18","slug":"recovib-feel-tiny","status":"publish","type":"product","link":"https:\/\/micromega-dynamics.com\/it\/produit\/recovib-feel-tiny\/","title":{"rendered":"Recovib Feel + Tiny"},"content":{"rendered":"<p>[et_pb_section fb_built=&#8221;1&#8243; _builder_version=&#8221;4.16&#8243; custom_padding=&#8221;0px||||false|false&#8221; global_colors_info=&#8221;{}&#8221;][et_pb_row column_structure=&#8221;1_2,1_2&#8243; _builder_version=&#8221;4.27.0&#8243; background_size=&#8221;initial&#8221; background_position=&#8221;top_left&#8221; background_repeat=&#8221;repeat&#8221; custom_padding=&#8221;0px||||false|false&#8221; global_colors_info=&#8221;{}&#8221;][et_pb_column type=&#8221;1_2&#8243; _builder_version=&#8221;4.16&#8243; custom_padding=&#8221;|||&#8221; global_colors_info=&#8221;{}&#8221; custom_padding__hover=&#8221;|||&#8221;][et_pb_wc_images _builder_version=&#8221;4.16&#8243; global_colors_info=&#8221;{}&#8221;][\/et_pb_wc_images][\/et_pb_column][et_pb_column type=&#8221;1_2&#8243; _builder_version=&#8221;4.16&#8243; custom_padding=&#8221;|||&#8221; global_colors_info=&#8221;{}&#8221; custom_padding__hover=&#8221;|||&#8221;][et_pb_wc_title _builder_version=&#8221;4.27.0&#8243; custom_margin=&#8221;||||false|false&#8221; custom_padding=&#8221;15px||||false|false&#8221; global_colors_info=&#8221;{}&#8221;][\/et_pb_wc_title][et_pb_accordion closed_toggle_text_color=&#8221;#000000&#8243; closed_toggle_background_color=&#8221;RGBA(255,255,255,0)&#8221; icon_color=&#8221;#282828&#8243; _builder_version=&#8221;4.27.2&#8243; _module_preset=&#8221;default&#8221; toggle_level=&#8221;h3&#8243; toggle_font=&#8221;|600||on|||||&#8221; toggle_font_size=&#8221;18px&#8221; toggle_letter_spacing=&#8221;1px&#8221; toggle_line_height=&#8221;1.3em&#8221; closed_toggle_letter_spacing=&#8221;1px&#8221; closed_toggle_line_height=&#8221;1.3em&#8221; body_line_height=&#8221;1.5em&#8221; text_orientation=&#8221;left&#8221; width=&#8221;100%&#8221; custom_margin=&#8221;||||false|false&#8221; custom_padding=&#8221;||||false|false&#8221; custom_css_free_form=&#8221;\/* S\u00e9lectionner les items de l&#8217;accord\u00e9on en fonction de la classe *\/||.et_pb_toggle.et_pb_module.et_pb_accordion_item {||    margin-top: 0px; \/* R\u00e9duit l&#8217;\u00e9cart en haut de chaque \u00e9l\u00e9ment *\/||    margin-bottom: 0px; \/* R\u00e9duit l&#8217;\u00e9cart en bas de chaque \u00e9l\u00e9ment *\/||    padding-top: 10px;  \/* Suppression de l&#8217;espace en haut du contenu *\/||    padding-bottom: 10px;  \/* Suppression de l&#8217;espace en bas du contenu *\/||||}||&#8221; border_radii=&#8221;off||||&#8221; border_width_all=&#8221;0px&#8221; border_width_bottom=&#8221;1px&#8221; border_color_bottom=&#8221;#efefef&#8221; locked=&#8221;off&#8221; global_colors_info=&#8221;{}&#8221;][et_pb_accordion_item title=&#8221;Descrizione&#8221; open=&#8221;on&#8221; _builder_version=&#8221;4.27.2&#8243; _module_preset=&#8221;default&#8221; global_colors_info=&#8221;{}&#8221;]<\/p>\n<p class=\"text-muted my-2\" placeholder=\"Una breve descrizione che apparir\u00e0 anche sui documenti.\" data-oe-xpath=\"\/t[1]\/t[2]\/t[4]\/div[1]\/section[1]\/div[2]\/div[2]\/p[1]\" data-oe-model=\"product.template\" data-oe-id=\"4508\" data-oe-field=\"description_sale\" data-oe-type=\"text\" data-oe-expression=\"product.description_sale\">Valigia, accessori e software inclusi<\/p>\n<form action=\"https:\/\/micromega-dynamics.odoo.com\/shop\/cart\/update\" method=\"POST\">\n<div class=\"js_product js_main_product mb-3\"><\/div>\n<\/form>\n<p>[\/et_pb_accordion_item][et_pb_accordion_item title=&#8221;Tiny registratore di vibrazioni&#8221; _builder_version=&#8221;4.27.2&#8243; _module_preset=&#8221;default&#8221; global_colors_info=&#8221;{}&#8221; open=&#8221;off&#8221;]<\/p>\n<p><strong><span data-contrast=\"none\" class=\"TextRun BCX7 SCXW206405636\" xml:lang=\"EN-US\" lang=\"EN-US\"><span class=\"NormalTextRun BCX7 SCXW206405636\">Il pi\u00f9 piccolo registratore di vibrazioni sul mercato<\/span><\/span><\/strong><span data-contrast=\"none\" class=\"TextRun BCX7 SCXW206405636\" xml:lang=\"EN-US\" lang=\"EN-US\"><\/span><\/p>\n<p style=\"text-align: left;\">Il Recovib.Tiny \u00e8 un <strong>registratore di dati di urti e vibrazioni a 3 assi<\/strong>. Questo <strong>sensore di vibrazioni wireless<\/strong> \u00e8 estremamente pratico per la <strong>diagnosi delle vibrazioni<\/strong> e offre fino a 6 ore di misurazione. La sua tecnologia wireless e il suo funzionamento intuitivo consentono un notevole risparmio di tempo nell&#8217;esecuzione delle misurazioni. \u00c8 l&#8217;unico tipo di registratore di vibrazioni e urti che permette di utilizzare contemporaneamente pi\u00f9 sensori in modo sincronizzato, consentendo l&#8217;esecuzione di analisi modali e analisi operative della forma della deflessione su strutture di grandi dimensioni come ponti o passerelle.   <\/p>\n<p style=\"text-align: left;\">RECOVIB Tiny \u00e8 il registratore pi\u00f9 piccolo, leggero e robusto del mercato, in grado di effettuare registrazioni in condizioni estreme, da -10\u00b0C a +50\u00b0C. Inoltre, \u00e8 resistente alla polvere e all&#8217;acqua secondo lo standard IP65. <\/p>\n<p>[\/et_pb_accordion_item][et_pb_accordion_item title=&#8221;Accelerometro USB FEEL&#8221; _builder_version=&#8221;4.27.2&#8243; _module_preset=&#8221;default&#8221; global_colors_info=&#8221;{}&#8221; open=&#8221;off&#8221;]<\/p>\n<p><span>Ti presentiamo RECOVIB Feel, l&#8217;accelerometro USB pi\u00f9 facile da usare. <\/span><b>Accelerometro USB<span> <\/span><\/b> <span>progettato per un&#8217;analisi vibratoria immediata. Questo dispositivo compatto si collega senza problemi a dispositivi Android (smartphone e tablet) o a PC tramite una connessione USB, aprendo un mondo di approfondimenti in tempo reale. <\/span> <span> L&#8217;applicazione Recovib.Feel \u00e8 gratuita <\/span><a href=\"https:\/\/play.google.com\/store\/apps\/details?id=com.micromega_dynamics.recovibfeel&amp;hl=fr&amp;pcampaignid=MKT-Other-global-all-co-prtnr-py-PartBadge-Mar2515-1\"><b>applicazione<span> <\/span><\/b><\/a> <span>consente lo streaming dei dati di vibrazione in tempo reale su un grafico nel dominio del tempo e nel dominio della frequenza. Durante lo streaming, \u00e8 possibile registrare i dati delle vibrazioni per poterli riprodurre in un visualizzatore di dati, sul tuo smartphone o sul tuo PC. Il visualizzatore consente un&#8217;analisi dettagliata delle vibrazioni registrate nel dominio del tempo e della frequenza.  <\/span><\/p>\n<p>[\/et_pb_accordion_item][\/et_pb_accordion][et_pb_wc_price _builder_version=&#8221;4.16&#8243; global_colors_info=&#8221;{}&#8221;][\/et_pb_wc_price][et_pb_wc_description _builder_version=&#8221;4.16&#8243; global_colors_info=&#8221;{}&#8221;][\/et_pb_wc_description][et_pb_wc_add_to_cart _builder_version=&#8221;4.16&#8243; global_colors_info=&#8221;{}&#8221;][\/et_pb_wc_add_to_cart][\/et_pb_column][\/et_pb_row][\/et_pb_section]<\/p>\n","protected":false},"excerpt":{"rendered":"<p>Valigia, accessori e software inclusi Il pi\u00f9 piccolo registratore di vibrazioni sul mercato Il Recovib.Tiny \u00e8 un registratore di dati di urti e vibrazioni a 3 assi. Questo sensore di vibrazioni wireless \u00e8 estremamente pratico per la diagnosi delle vibrazioni e offre fino a 6 ore di misurazione. La sua tecnologia wireless e il suo [&hellip;]<\/p>\n","protected":false},"featured_media":18024,"template":"","meta":{"_et_pb_use_builder":"on","_et_pb_old_content":"","_et_gb_content_width":""},"product_brand":[],"product_cat":[233],"product_tag":[],"class_list":{"0":"post-20545","1":"product","2":"type-product","3":"status-publish","4":"has-post-thumbnail","6":"product_cat-non-classificato","8":"first","9":"instock","10":"taxable","11":"shipping-taxable","12":"purchasable","13":"product-type-variable"},"yoast_head":"<!-- This site is optimized with the Yoast SEO Premium plugin v27.0 (Yoast SEO v27.0) - https:\/\/yoast.com\/product\/yoast-seo-premium-wordpress\/ -->\n<title>Recovib Feel + Registratore di vibrazioni minuscole | Micromega Dynamics<\/title>\n<meta name=\"description\" content=\"Scopri Recovib Feel &amp; Tiny Recorder: sensori compatti per un&#039;analisi precisa delle vibrazioni. Affidabili, precisi e facili da usare.\" \/>\n<meta name=\"robots\" content=\"index, follow, max-snippet:-1, max-image-preview:large, max-video-preview:-1\" \/>\n<link rel=\"canonical\" href=\"https:\/\/micromega-dynamics.com\/it\/produit\/recovib-feel-tiny\/\" \/>\n<meta property=\"og:locale\" content=\"it_IT\" \/>\n<meta property=\"og:type\" content=\"article\" \/>\n<meta property=\"og:title\" content=\"Recovib Feel + Tiny\" \/>\n<meta property=\"og:description\" content=\"Scopri Recovib Feel &amp; Tiny Recorder: sensori compatti per un&#039;analisi precisa delle vibrazioni. Affidabili, precisi e facili da usare.\" \/>\n<meta property=\"og:url\" content=\"https:\/\/micromega-dynamics.com\/it\/produit\/recovib-feel-tiny\/\" \/>\n<meta property=\"og:site_name\" content=\"Micromega Dynamics\" \/>\n<meta property=\"article:modified_time\" content=\"2025-12-02T15:11:18+00:00\" \/>\n<meta property=\"og:image\" content=\"https:\/\/micromega-dynamics.com\/files\/uploads\/2024\/10\/WBCheck-Option-1-1.png\" \/>\n\t<meta property=\"og:image:width\" content=\"900\" \/>\n\t<meta property=\"og:image:height\" content=\"900\" \/>\n\t<meta property=\"og:image:type\" content=\"image\/png\" \/>\n<meta name=\"twitter:card\" content=\"summary_large_image\" \/>\n<meta name=\"twitter:label1\" content=\"Tempo di lettura stimato\" \/>\n\t<meta name=\"twitter:data1\" content=\"3 minuti\" \/>\n<script type=\"application\/ld+json\" class=\"yoast-schema-graph\">{\"@context\":\"https:\/\/schema.org\",\"@graph\":[{\"@type\":\"WebPage\",\"@id\":\"https:\/\/micromega-dynamics.com\/it\/produit\/recovib-feel-tiny\/\",\"url\":\"https:\/\/micromega-dynamics.com\/it\/produit\/recovib-feel-tiny\/\",\"name\":\"Recovib Feel + Registratore di vibrazioni minuscole | Micromega Dynamics\",\"isPartOf\":{\"@id\":\"https:\/\/micromega-dynamics.com\/it\/#website\"},\"primaryImageOfPage\":{\"@id\":\"https:\/\/micromega-dynamics.com\/it\/produit\/recovib-feel-tiny\/#primaryimage\"},\"image\":{\"@id\":\"https:\/\/micromega-dynamics.com\/it\/produit\/recovib-feel-tiny\/#primaryimage\"},\"thumbnailUrl\":\"https:\/\/micromega-dynamics.com\/files\/uploads\/2024\/10\/WBCheck-Option-1-1.png\",\"datePublished\":\"2025-12-02T15:10:59+00:00\",\"dateModified\":\"2025-12-02T15:11:18+00:00\",\"description\":\"Scopri Recovib Feel & Tiny Recorder: sensori compatti per un'analisi precisa delle vibrazioni. Affidabili, precisi e facili da usare.\",\"breadcrumb\":{\"@id\":\"https:\/\/micromega-dynamics.com\/it\/produit\/recovib-feel-tiny\/#breadcrumb\"},\"inLanguage\":\"it-IT\",\"potentialAction\":[{\"@type\":\"ReadAction\",\"target\":[\"https:\/\/micromega-dynamics.com\/it\/produit\/recovib-feel-tiny\/\"]}]},{\"@type\":\"ImageObject\",\"inLanguage\":\"it-IT\",\"@id\":\"https:\/\/micromega-dynamics.com\/it\/produit\/recovib-feel-tiny\/#primaryimage\",\"url\":\"https:\/\/micromega-dynamics.com\/files\/uploads\/2024\/10\/WBCheck-Option-1-1.png\",\"contentUrl\":\"https:\/\/micromega-dynamics.com\/files\/uploads\/2024\/10\/WBCheck-Option-1-1.png\",\"width\":900,\"height\":900,\"caption\":\"Tiny registratore e Feel Usb\"},{\"@type\":\"BreadcrumbList\",\"@id\":\"https:\/\/micromega-dynamics.com\/it\/produit\/recovib-feel-tiny\/#breadcrumb\",\"itemListElement\":[{\"@type\":\"ListItem\",\"position\":1,\"name\":\"Accueil\",\"item\":\"https:\/\/micromega-dynamics.com\/it\/\"},{\"@type\":\"ListItem\",\"position\":2,\"name\":\"Boutique\",\"item\":\"https:\/\/micromega-dynamics.com\/it\/boutique\/\"},{\"@type\":\"ListItem\",\"position\":3,\"name\":\"Recovib Feel + Tiny\"}]},{\"@type\":\"WebSite\",\"@id\":\"https:\/\/micromega-dynamics.com\/it\/#website\",\"url\":\"https:\/\/micromega-dynamics.com\/it\/\",\"name\":\"Micromega Dynamics\",\"description\":\"Vibration Monitoring and Control\",\"publisher\":{\"@id\":\"https:\/\/micromega-dynamics.com\/it\/#organization\"},\"potentialAction\":[{\"@type\":\"SearchAction\",\"target\":{\"@type\":\"EntryPoint\",\"urlTemplate\":\"https:\/\/micromega-dynamics.com\/it\/?s={search_term_string}\"},\"query-input\":{\"@type\":\"PropertyValueSpecification\",\"valueRequired\":true,\"valueName\":\"search_term_string\"}}],\"inLanguage\":\"it-IT\"},{\"@type\":\"Organization\",\"@id\":\"https:\/\/micromega-dynamics.com\/it\/#organization\",\"name\":\"Micromega Dynamics\",\"url\":\"https:\/\/micromega-dynamics.com\/it\/\",\"logo\":{\"@type\":\"ImageObject\",\"inLanguage\":\"it-IT\",\"@id\":\"https:\/\/micromega-dynamics.com\/it\/#\/schema\/logo\/image\/\",\"url\":\"https:\/\/micromega-dynamics.com\/files\/uploads\/2024\/09\/MICROMEGA-logo-couleurs.jpg\",\"contentUrl\":\"https:\/\/micromega-dynamics.com\/files\/uploads\/2024\/09\/MICROMEGA-logo-couleurs.jpg\",\"width\":1162,\"height\":331,\"caption\":\"Micromega Dynamics\"},\"image\":{\"@id\":\"https:\/\/micromega-dynamics.com\/it\/#\/schema\/logo\/image\/\"},\"sameAs\":[\"https:\/\/www.linkedin.com\/company\/micromega-dynamics\/\"]}]}<\/script>\n<!-- \/ Yoast SEO Premium plugin. -->","yoast_head_json":{"title":"Recovib Feel + Registratore di vibrazioni minuscole | Micromega Dynamics","description":"Scopri Recovib Feel & Tiny Recorder: sensori compatti per un'analisi precisa delle vibrazioni. Affidabili, precisi e facili da usare.","robots":{"index":"index","follow":"follow","max-snippet":"max-snippet:-1","max-image-preview":"max-image-preview:large","max-video-preview":"max-video-preview:-1"},"canonical":"https:\/\/micromega-dynamics.com\/it\/produit\/recovib-feel-tiny\/","og_locale":"it_IT","og_type":"article","og_title":"Recovib Feel + Tiny","og_description":"Scopri Recovib Feel & Tiny Recorder: sensori compatti per un'analisi precisa delle vibrazioni. Affidabili, precisi e facili da usare.","og_url":"https:\/\/micromega-dynamics.com\/it\/produit\/recovib-feel-tiny\/","og_site_name":"Micromega Dynamics","article_modified_time":"2025-12-02T15:11:18+00:00","og_image":[{"width":900,"height":900,"url":"https:\/\/micromega-dynamics.com\/files\/uploads\/2024\/10\/WBCheck-Option-1-1.png","type":"image\/png"}],"twitter_card":"summary_large_image","twitter_misc":{"Tempo di lettura stimato":"3 minuti"},"schema":{"@context":"https:\/\/schema.org","@graph":[{"@type":"WebPage","@id":"https:\/\/micromega-dynamics.com\/it\/produit\/recovib-feel-tiny\/","url":"https:\/\/micromega-dynamics.com\/it\/produit\/recovib-feel-tiny\/","name":"Recovib Feel + Registratore di vibrazioni minuscole | Micromega Dynamics","isPartOf":{"@id":"https:\/\/micromega-dynamics.com\/it\/#website"},"primaryImageOfPage":{"@id":"https:\/\/micromega-dynamics.com\/it\/produit\/recovib-feel-tiny\/#primaryimage"},"image":{"@id":"https:\/\/micromega-dynamics.com\/it\/produit\/recovib-feel-tiny\/#primaryimage"},"thumbnailUrl":"https:\/\/micromega-dynamics.com\/files\/uploads\/2024\/10\/WBCheck-Option-1-1.png","datePublished":"2025-12-02T15:10:59+00:00","dateModified":"2025-12-02T15:11:18+00:00","description":"Scopri Recovib Feel & Tiny Recorder: sensori compatti per un'analisi precisa delle vibrazioni. Affidabili, precisi e facili da usare.","breadcrumb":{"@id":"https:\/\/micromega-dynamics.com\/it\/produit\/recovib-feel-tiny\/#breadcrumb"},"inLanguage":"it-IT","potentialAction":[{"@type":"ReadAction","target":["https:\/\/micromega-dynamics.com\/it\/produit\/recovib-feel-tiny\/"]}]},{"@type":"ImageObject","inLanguage":"it-IT","@id":"https:\/\/micromega-dynamics.com\/it\/produit\/recovib-feel-tiny\/#primaryimage","url":"https:\/\/micromega-dynamics.com\/files\/uploads\/2024\/10\/WBCheck-Option-1-1.png","contentUrl":"https:\/\/micromega-dynamics.com\/files\/uploads\/2024\/10\/WBCheck-Option-1-1.png","width":900,"height":900,"caption":"Tiny registratore e Feel Usb"},{"@type":"BreadcrumbList","@id":"https:\/\/micromega-dynamics.com\/it\/produit\/recovib-feel-tiny\/#breadcrumb","itemListElement":[{"@type":"ListItem","position":1,"name":"Accueil","item":"https:\/\/micromega-dynamics.com\/it\/"},{"@type":"ListItem","position":2,"name":"Boutique","item":"https:\/\/micromega-dynamics.com\/it\/boutique\/"},{"@type":"ListItem","position":3,"name":"Recovib Feel + Tiny"}]},{"@type":"WebSite","@id":"https:\/\/micromega-dynamics.com\/it\/#website","url":"https:\/\/micromega-dynamics.com\/it\/","name":"Micromega Dynamics","description":"Vibration Monitoring and Control","publisher":{"@id":"https:\/\/micromega-dynamics.com\/it\/#organization"},"potentialAction":[{"@type":"SearchAction","target":{"@type":"EntryPoint","urlTemplate":"https:\/\/micromega-dynamics.com\/it\/?s={search_term_string}"},"query-input":{"@type":"PropertyValueSpecification","valueRequired":true,"valueName":"search_term_string"}}],"inLanguage":"it-IT"},{"@type":"Organization","@id":"https:\/\/micromega-dynamics.com\/it\/#organization","name":"Micromega Dynamics","url":"https:\/\/micromega-dynamics.com\/it\/","logo":{"@type":"ImageObject","inLanguage":"it-IT","@id":"https:\/\/micromega-dynamics.com\/it\/#\/schema\/logo\/image\/","url":"https:\/\/micromega-dynamics.com\/files\/uploads\/2024\/09\/MICROMEGA-logo-couleurs.jpg","contentUrl":"https:\/\/micromega-dynamics.com\/files\/uploads\/2024\/09\/MICROMEGA-logo-couleurs.jpg","width":1162,"height":331,"caption":"Micromega Dynamics"},"image":{"@id":"https:\/\/micromega-dynamics.com\/it\/#\/schema\/logo\/image\/"},"sameAs":["https:\/\/www.linkedin.com\/company\/micromega-dynamics\/"]}]}},"_links":{"self":[{"href":"https:\/\/micromega-dynamics.com\/it\/wp-json\/wp\/v2\/product\/20545","targetHints":{"allow":["GET"]}}],"collection":[{"href":"https:\/\/micromega-dynamics.com\/it\/wp-json\/wp\/v2\/product"}],"about":[{"href":"https:\/\/micromega-dynamics.com\/it\/wp-json\/wp\/v2\/types\/product"}],"wp:featuredmedia":[{"embeddable":true,"href":"https:\/\/micromega-dynamics.com\/it\/wp-json\/wp\/v2\/media\/18024"}],"wp:attachment":[{"href":"https:\/\/micromega-dynamics.com\/it\/wp-json\/wp\/v2\/media?parent=20545"}],"wp:term":[{"taxonomy":"product_brand","embeddable":true,"href":"https:\/\/micromega-dynamics.com\/it\/wp-json\/wp\/v2\/product_brand?post=20545"},{"taxonomy":"product_cat","embeddable":true,"href":"https:\/\/micromega-dynamics.com\/it\/wp-json\/wp\/v2\/product_cat?post=20545"},{"taxonomy":"product_tag","embeddable":true,"href":"https:\/\/micromega-dynamics.com\/it\/wp-json\/wp\/v2\/product_tag?post=20545"}],"curies":[{"name":"wp","href":"https:\/\/api.w.org\/{rel}","templated":true}]}}