{"id":20509,"date":"2025-12-02T16:10:23","date_gmt":"2025-12-02T15:10:23","guid":{"rendered":"https:\/\/micromega-dynamics.com\/produit\/feel-usb-accelerometer\/"},"modified":"2025-12-02T16:10:30","modified_gmt":"2025-12-02T15:10:30","slug":"feel-usb-accelerometer","status":"publish","type":"product","link":"https:\/\/micromega-dynamics.com\/nl\/produit\/feel-usb-accelerometer\/","title":{"rendered":"Feel USB Versnellingsmeter"},"content":{"rendered":"<p>[et_pb_section fb_built=&#8221;1&#8243; _builder_version=&#8221;4.16&#8243; custom_padding=&#8221;0px||||false|false&#8221; global_colors_info=&#8221;{}&#8221;][et_pb_row column_structure=&#8221;1_2,1_2&#8243; _builder_version=&#8221;4.27.0&#8243; background_size=&#8221;initial&#8221; background_position=&#8221;top_left&#8221; background_repeat=&#8221;repeat&#8221; custom_padding=&#8221;0px||||false|false&#8221; global_colors_info=&#8221;{}&#8221;][et_pb_column type=&#8221;1_2&#8243; _builder_version=&#8221;4.16&#8243; custom_padding=&#8221;|||&#8221; global_colors_info=&#8221;{}&#8221; custom_padding__hover=&#8221;|||&#8221;][et_pb_wc_images _builder_version=&#8221;4.16&#8243; global_colors_info=&#8221;{}&#8221;][\/et_pb_wc_images][\/et_pb_column][et_pb_column type=&#8221;1_2&#8243; _builder_version=&#8221;4.16&#8243; custom_padding=&#8221;|||&#8221; global_colors_info=&#8221;{}&#8221; custom_padding__hover=&#8221;|||&#8221;][et_pb_wc_title _builder_version=&#8221;4.27.0&#8243; custom_margin=&#8221;||||false|false&#8221; custom_padding=&#8221;15px||||false|false&#8221; global_colors_info=&#8221;{}&#8221;][\/et_pb_wc_title][et_pb_accordion closed_toggle_text_color=&#8221;#000000&#8243; closed_toggle_background_color=&#8221;RGBA(255,255,255,0)&#8221; icon_color=&#8221;#282828&#8243; _builder_version=&#8221;4.24.3&#8243; _module_preset=&#8221;default&#8221; toggle_level=&#8221;h3&#8243; toggle_font=&#8221;|600||on|||||&#8221; toggle_font_size=&#8221;18px&#8221; toggle_letter_spacing=&#8221;1px&#8221; toggle_line_height=&#8221;1.3em&#8221; closed_toggle_letter_spacing=&#8221;1px&#8221; closed_toggle_line_height=&#8221;1.3em&#8221; body_line_height=&#8221;1.5em&#8221; text_orientation=&#8221;left&#8221; width=&#8221;100%&#8221; custom_margin=&#8221;||||false|false&#8221; custom_padding=&#8221;||||false|false&#8221; custom_css_free_form=&#8221;\/* S\u00e9lectionner les items de l&#8217;accord\u00e9on en fonction de la classe *\/||.et_pb_toggle.et_pb_module.et_pb_accordion_item {||    margin-top: 0px; \/* R\u00e9duit l&#8217;\u00e9cart en haut de chaque \u00e9l\u00e9ment *\/||    margin-bottom: 0px; \/* R\u00e9duit l&#8217;\u00e9cart en bas de chaque \u00e9l\u00e9ment *\/||    padding-top: 10px;  \/* Suppression de l&#8217;espace en haut du contenu *\/||    padding-bottom: 10px;  \/* Suppression de l&#8217;espace en bas du contenu *\/||||}||&#8221; border_radii=&#8221;off||||&#8221; border_width_all=&#8221;0px&#8221; border_width_bottom=&#8221;1px&#8221; border_color_bottom=&#8221;#efefef&#8221; locked=&#8221;off&#8221; global_colors_info=&#8221;{}&#8221;][et_pb_accordion_item title=&#8221;Beschrijving&#8221; open=&#8221;on&#8221; _builder_version=&#8221;4.24.3&#8243; _module_preset=&#8221;default&#8221; body_line_height=&#8221;1.8em&#8221; global_colors_info=&#8221;{}&#8221;]<\/p>\n<p><span style=\"font-weight: 400;\">Maak kennis met de RECOVIB Feel, de eenvoudigst te gebruiken <\/span><b>USB versnellingsmeter <\/b> <span style=\"font-weight: 400;\">ontworpen voor onmiddellijke trillingsanalyse. Dit compacte apparaat kan naadloos worden aangesloten op Android-toestellen (smartphone en tablet) of op pc&#8217;s via een USB-verbinding, waardoor een wereld aan realtime inzichten wordt ontsloten. <\/span> <span style=\"font-weight: 400;\"> De meegeleverde Recovib.Feel gratis <\/span><a href=\"https:\/\/play.google.com\/store\/apps\/details?id=com.micromega_dynamics.recovibfeel&amp;hl=fr&amp;pcampaignid=MKT-Other-global-all-co-prtnr-py-PartBadge-Mar2515-1\"><b>toepassing <\/b><\/a> <span style=\"font-weight: 400;\">maakt het mogelijk om real-time trillingsgegevens te streamen op een grafiek in het tijddomein en in het frequentiedomein. Tijdens het streamen is het mogelijk om trillingsgegevens op te nemen om ze opnieuw af te spelen in een gegevensviewer, op je smartphone of je pc. De viewer maakt een gedetailleerde analyse van de opgenomen trillingen in het tijddomein en in het frequentiedomein mogelijk.  <\/span><\/p>\n<p>[\/et_pb_accordion_item][et_pb_accordion_item title=&#8221;Opties voor signaalverwerking&#8221; _builder_version=&#8221;4.24.3&#8243; _module_preset=&#8221;default&#8221; global_colors_info=&#8221;{}&#8221; open=&#8221;off&#8221;]<\/p>\n<p>Er zijn diverse signaalverwerkingsopties beschikbaar: hoogdoorlaat-, laagdoorlaat- en banddoorlaatfilters, integratorfilters (snelheidsmodus) en dubbele integratorfilters (verplaatsingsmodus). In het frequentiedomein worden diverse FFT-gebaseerde berekeningen aangeboden: Amplitudespectrum, piek en RMS, vermogensspectrum, vermogensspectrale dichtheid en amplitudespectrale dichtheid. <\/p>\n<p>[\/et_pb_accordion_item][et_pb_accordion_item title=&#8221;Typisch gebruik&#8221; _builder_version=&#8221;4.24.3&#8243; _module_preset=&#8221;default&#8221; global_colors_info=&#8221;{}&#8221; open=&#8221;off&#8221;]<\/p>\n<p><span style=\"font-size: medium;\">Het typische gebruik van deze USB-versnellingsmeter strekt zich uit over diverse industrie\u00ebn en scenario&#8217;s:<\/span><span style=\"font-size: medium;\"><\/span><\/p>\n<ul>\n<li>&#8220;Quick &amp; dirty&#8221; trillingsbewaking<\/li>\n<li>Real-time trillingsanalyse<\/li>\n<li>Real-time frequentie- en tijdanalyse<\/li>\n<li>Diagnose trilling<\/li>\n<li>Modale trillingsanalyse<\/li>\n<li>Gereedschapsmachines &#8211; Auto&#8217;s &#8211; Luchtvaart<\/li>\n<li>Structurele analyse en gezondheidsmonitoring<\/li>\n<\/ul>\n<p>[\/et_pb_accordion_item][et_pb_accordion_item title=&#8221;Kenmerken&#8221; _builder_version=&#8221;4.24.3&#8243; _module_preset=&#8221;default&#8221; global_colors_info=&#8221;{}&#8221; open=&#8221;off&#8221;]<\/p>\n<p><span style=\"font-weight: 400; font-size: medium;\">Belangrijkste kenmerken van onze geavanceerde 3-assige versnellingsmeter, ontworpen om uw trillingsmonitoringervaring te herdefini\u00ebren:<\/span><span style=\"font-weight: 400; font-size: medium;\"><\/span><\/p>\n<ul>\n<li>3-assige versnellingsmeter<\/li>\n<li>DC tot 250 Hz nuttige bandbreedte<\/li>\n<li>Laag geluidsniveau<\/li>\n<li>Compact en robuust ontwerp<\/li>\n<li>Beschermingsgraad IP67<\/li>\n<\/ul>\n<p>[\/et_pb_accordion_item][\/et_pb_accordion][et_pb_wc_price _builder_version=&#8221;4.16&#8243; global_colors_info=&#8221;{}&#8221;][\/et_pb_wc_price][et_pb_wc_description _builder_version=&#8221;4.16&#8243; global_colors_info=&#8221;{}&#8221;][\/et_pb_wc_description][et_pb_wc_add_to_cart _builder_version=&#8221;4.16&#8243; global_colors_info=&#8221;{}&#8221;][\/et_pb_wc_add_to_cart][\/et_pb_column][\/et_pb_row][\/et_pb_section]<\/p>\n","protected":false},"excerpt":{"rendered":"<p>Maak kennis met de RECOVIB Feel, de eenvoudigst te gebruiken USB versnellingsmeter ontworpen voor onmiddellijke trillingsanalyse. Dit compacte apparaat kan naadloos worden aangesloten op Android-toestellen (smartphone en tablet) of op pc&#8217;s via een USB-verbinding, waardoor een wereld aan realtime inzichten wordt ontsloten. De meegeleverde Recovib.Feel gratis toepassing maakt het mogelijk om real-time trillingsgegevens te streamen [&hellip;]<\/p>\n","protected":false},"featured_media":13340,"template":"","meta":{"_et_pb_use_builder":"on","_et_pb_old_content":"","_et_gb_content_width":""},"product_brand":[],"product_cat":[236],"product_tag":[],"class_list":{"0":"post-20509","1":"product","2":"type-product","3":"status-publish","4":"has-post-thumbnail","6":"product_cat-niet-geclassificeerd","8":"first","9":"instock","10":"taxable","11":"shipping-taxable","12":"purchasable","13":"product-type-variable"},"yoast_head":"<!-- This site is optimized with the Yoast SEO Premium plugin v27.5 (Yoast SEO v27.5) - https:\/\/yoast.com\/product\/yoast-seo-premium-wordpress\/ -->\n<title>Feel USB Versnellingsmeter | Onze trillingssensor online kopen<\/title>\n<meta name=\"description\" content=\"RECOVIB Feel: USB-versnellingsmeter voor real-time trillingsanalyse en -opname op Android\/PC, met visualisatie van tijd- en frequentiegegevens.\" \/>\n<meta name=\"robots\" content=\"index, follow, max-snippet:-1, max-image-preview:large, max-video-preview:-1\" \/>\n<link rel=\"canonical\" href=\"https:\/\/micromega-dynamics.com\/nl\/produit\/feel-usb-accelerometer\/\" \/>\n<meta property=\"og:locale\" content=\"nl_NL\" \/>\n<meta property=\"og:type\" content=\"article\" \/>\n<meta property=\"og:title\" content=\"Feel USB Versnellingsmeter\" \/>\n<meta property=\"og:description\" content=\"RECOVIB Feel: USB-versnellingsmeter voor real-time trillingsanalyse en -opname op Android\/PC, met visualisatie van tijd- en frequentiegegevens.\" \/>\n<meta property=\"og:url\" content=\"https:\/\/micromega-dynamics.com\/nl\/produit\/feel-usb-accelerometer\/\" \/>\n<meta property=\"og:site_name\" content=\"Micromega Dynamics\" \/>\n<meta property=\"article:modified_time\" content=\"2025-12-02T15:10:30+00:00\" \/>\n<meta property=\"og:image\" content=\"https:\/\/micromega-dynamics.com\/files\/uploads\/2024\/10\/WBCheck-Option.png\" \/>\n\t<meta property=\"og:image:width\" content=\"900\" \/>\n\t<meta property=\"og:image:height\" content=\"900\" \/>\n\t<meta property=\"og:image:type\" content=\"image\/png\" \/>\n<meta name=\"twitter:card\" content=\"summary_large_image\" \/>\n<meta name=\"twitter:label1\" content=\"Geschatte leestijd\" \/>\n\t<meta name=\"twitter:data1\" content=\"3 minuten\" \/>\n<script type=\"application\/ld+json\" class=\"yoast-schema-graph\">{\"@context\":\"https:\\\/\\\/schema.org\",\"@graph\":[{\"@type\":\"WebPage\",\"@id\":\"https:\\\/\\\/micromega-dynamics.com\\\/nl\\\/produit\\\/feel-usb-accelerometer\\\/\",\"url\":\"https:\\\/\\\/micromega-dynamics.com\\\/nl\\\/produit\\\/feel-usb-accelerometer\\\/\",\"name\":\"Feel USB Versnellingsmeter | Onze trillingssensor online kopen\",\"isPartOf\":{\"@id\":\"https:\\\/\\\/micromega-dynamics.com\\\/nl\\\/#website\"},\"primaryImageOfPage\":{\"@id\":\"https:\\\/\\\/micromega-dynamics.com\\\/nl\\\/produit\\\/feel-usb-accelerometer\\\/#primaryimage\"},\"image\":{\"@id\":\"https:\\\/\\\/micromega-dynamics.com\\\/nl\\\/produit\\\/feel-usb-accelerometer\\\/#primaryimage\"},\"thumbnailUrl\":\"https:\\\/\\\/micromega-dynamics.com\\\/files\\\/uploads\\\/2024\\\/10\\\/WBCheck-Option.png\",\"datePublished\":\"2025-12-02T15:10:23+00:00\",\"dateModified\":\"2025-12-02T15:10:30+00:00\",\"description\":\"RECOVIB Feel: USB-versnellingsmeter voor real-time trillingsanalyse en -opname op Android\\\/PC, met visualisatie van tijd- en frequentiegegevens.\",\"breadcrumb\":{\"@id\":\"https:\\\/\\\/micromega-dynamics.com\\\/nl\\\/produit\\\/feel-usb-accelerometer\\\/#breadcrumb\"},\"inLanguage\":\"nl-NL\",\"potentialAction\":[{\"@type\":\"ReadAction\",\"target\":[\"https:\\\/\\\/micromega-dynamics.com\\\/nl\\\/produit\\\/feel-usb-accelerometer\\\/\"]}]},{\"@type\":\"ImageObject\",\"inLanguage\":\"nl-NL\",\"@id\":\"https:\\\/\\\/micromega-dynamics.com\\\/nl\\\/produit\\\/feel-usb-accelerometer\\\/#primaryimage\",\"url\":\"https:\\\/\\\/micromega-dynamics.com\\\/files\\\/uploads\\\/2024\\\/10\\\/WBCheck-Option.png\",\"contentUrl\":\"https:\\\/\\\/micromega-dynamics.com\\\/files\\\/uploads\\\/2024\\\/10\\\/WBCheck-Option.png\",\"width\":900,\"height\":900,\"caption\":\"Feel USB-versnellingsmeter\"},{\"@type\":\"BreadcrumbList\",\"@id\":\"https:\\\/\\\/micromega-dynamics.com\\\/nl\\\/produit\\\/feel-usb-accelerometer\\\/#breadcrumb\",\"itemListElement\":[{\"@type\":\"ListItem\",\"position\":1,\"name\":\"Accueil\",\"item\":\"https:\\\/\\\/micromega-dynamics.com\\\/nl\\\/\"},{\"@type\":\"ListItem\",\"position\":2,\"name\":\"Boetiek\",\"item\":\"https:\\\/\\\/micromega-dynamics.com\\\/nl\\\/boutique\\\/\"},{\"@type\":\"ListItem\",\"position\":3,\"name\":\"Feel USB Versnellingsmeter\"}]},{\"@type\":\"WebSite\",\"@id\":\"https:\\\/\\\/micromega-dynamics.com\\\/nl\\\/#website\",\"url\":\"https:\\\/\\\/micromega-dynamics.com\\\/nl\\\/\",\"name\":\"Micromega Dynamics\",\"description\":\"Vibration Monitoring and Control\",\"publisher\":{\"@id\":\"https:\\\/\\\/micromega-dynamics.com\\\/nl\\\/#organization\"},\"potentialAction\":[{\"@type\":\"SearchAction\",\"target\":{\"@type\":\"EntryPoint\",\"urlTemplate\":\"https:\\\/\\\/micromega-dynamics.com\\\/nl\\\/?s={search_term_string}\"},\"query-input\":{\"@type\":\"PropertyValueSpecification\",\"valueRequired\":true,\"valueName\":\"search_term_string\"}}],\"inLanguage\":\"nl-NL\"},{\"@type\":\"Organization\",\"@id\":\"https:\\\/\\\/micromega-dynamics.com\\\/nl\\\/#organization\",\"name\":\"Micromega Dynamics\",\"url\":\"https:\\\/\\\/micromega-dynamics.com\\\/nl\\\/\",\"logo\":{\"@type\":\"ImageObject\",\"inLanguage\":\"nl-NL\",\"@id\":\"https:\\\/\\\/micromega-dynamics.com\\\/nl\\\/#\\\/schema\\\/logo\\\/image\\\/\",\"url\":\"https:\\\/\\\/micromega-dynamics.com\\\/files\\\/uploads\\\/2024\\\/09\\\/MICROMEGA-logo-couleurs.jpg\",\"contentUrl\":\"https:\\\/\\\/micromega-dynamics.com\\\/files\\\/uploads\\\/2024\\\/09\\\/MICROMEGA-logo-couleurs.jpg\",\"width\":1162,\"height\":331,\"caption\":\"Micromega Dynamics\"},\"image\":{\"@id\":\"https:\\\/\\\/micromega-dynamics.com\\\/nl\\\/#\\\/schema\\\/logo\\\/image\\\/\"},\"sameAs\":[\"https:\\\/\\\/www.linkedin.com\\\/company\\\/micromega-dynamics\\\/\"]}]}<\/script>\n<!-- \/ Yoast SEO Premium plugin. -->","yoast_head_json":{"title":"Feel USB Versnellingsmeter | Onze trillingssensor online kopen","description":"RECOVIB Feel: USB-versnellingsmeter voor real-time trillingsanalyse en -opname op Android\/PC, met visualisatie van tijd- en frequentiegegevens.","robots":{"index":"index","follow":"follow","max-snippet":"max-snippet:-1","max-image-preview":"max-image-preview:large","max-video-preview":"max-video-preview:-1"},"canonical":"https:\/\/micromega-dynamics.com\/nl\/produit\/feel-usb-accelerometer\/","og_locale":"nl_NL","og_type":"article","og_title":"Feel USB Versnellingsmeter","og_description":"RECOVIB Feel: USB-versnellingsmeter voor real-time trillingsanalyse en -opname op Android\/PC, met visualisatie van tijd- en frequentiegegevens.","og_url":"https:\/\/micromega-dynamics.com\/nl\/produit\/feel-usb-accelerometer\/","og_site_name":"Micromega Dynamics","article_modified_time":"2025-12-02T15:10:30+00:00","og_image":[{"width":900,"height":900,"url":"https:\/\/micromega-dynamics.com\/files\/uploads\/2024\/10\/WBCheck-Option.png","type":"image\/png"}],"twitter_card":"summary_large_image","twitter_misc":{"Geschatte leestijd":"3 minuten"},"schema":{"@context":"https:\/\/schema.org","@graph":[{"@type":"WebPage","@id":"https:\/\/micromega-dynamics.com\/nl\/produit\/feel-usb-accelerometer\/","url":"https:\/\/micromega-dynamics.com\/nl\/produit\/feel-usb-accelerometer\/","name":"Feel USB Versnellingsmeter | Onze trillingssensor online kopen","isPartOf":{"@id":"https:\/\/micromega-dynamics.com\/nl\/#website"},"primaryImageOfPage":{"@id":"https:\/\/micromega-dynamics.com\/nl\/produit\/feel-usb-accelerometer\/#primaryimage"},"image":{"@id":"https:\/\/micromega-dynamics.com\/nl\/produit\/feel-usb-accelerometer\/#primaryimage"},"thumbnailUrl":"https:\/\/micromega-dynamics.com\/files\/uploads\/2024\/10\/WBCheck-Option.png","datePublished":"2025-12-02T15:10:23+00:00","dateModified":"2025-12-02T15:10:30+00:00","description":"RECOVIB Feel: USB-versnellingsmeter voor real-time trillingsanalyse en -opname op Android\/PC, met visualisatie van tijd- en frequentiegegevens.","breadcrumb":{"@id":"https:\/\/micromega-dynamics.com\/nl\/produit\/feel-usb-accelerometer\/#breadcrumb"},"inLanguage":"nl-NL","potentialAction":[{"@type":"ReadAction","target":["https:\/\/micromega-dynamics.com\/nl\/produit\/feel-usb-accelerometer\/"]}]},{"@type":"ImageObject","inLanguage":"nl-NL","@id":"https:\/\/micromega-dynamics.com\/nl\/produit\/feel-usb-accelerometer\/#primaryimage","url":"https:\/\/micromega-dynamics.com\/files\/uploads\/2024\/10\/WBCheck-Option.png","contentUrl":"https:\/\/micromega-dynamics.com\/files\/uploads\/2024\/10\/WBCheck-Option.png","width":900,"height":900,"caption":"Feel USB-versnellingsmeter"},{"@type":"BreadcrumbList","@id":"https:\/\/micromega-dynamics.com\/nl\/produit\/feel-usb-accelerometer\/#breadcrumb","itemListElement":[{"@type":"ListItem","position":1,"name":"Accueil","item":"https:\/\/micromega-dynamics.com\/nl\/"},{"@type":"ListItem","position":2,"name":"Boetiek","item":"https:\/\/micromega-dynamics.com\/nl\/boutique\/"},{"@type":"ListItem","position":3,"name":"Feel USB Versnellingsmeter"}]},{"@type":"WebSite","@id":"https:\/\/micromega-dynamics.com\/nl\/#website","url":"https:\/\/micromega-dynamics.com\/nl\/","name":"Micromega Dynamics","description":"Vibration Monitoring and Control","publisher":{"@id":"https:\/\/micromega-dynamics.com\/nl\/#organization"},"potentialAction":[{"@type":"SearchAction","target":{"@type":"EntryPoint","urlTemplate":"https:\/\/micromega-dynamics.com\/nl\/?s={search_term_string}"},"query-input":{"@type":"PropertyValueSpecification","valueRequired":true,"valueName":"search_term_string"}}],"inLanguage":"nl-NL"},{"@type":"Organization","@id":"https:\/\/micromega-dynamics.com\/nl\/#organization","name":"Micromega Dynamics","url":"https:\/\/micromega-dynamics.com\/nl\/","logo":{"@type":"ImageObject","inLanguage":"nl-NL","@id":"https:\/\/micromega-dynamics.com\/nl\/#\/schema\/logo\/image\/","url":"https:\/\/micromega-dynamics.com\/files\/uploads\/2024\/09\/MICROMEGA-logo-couleurs.jpg","contentUrl":"https:\/\/micromega-dynamics.com\/files\/uploads\/2024\/09\/MICROMEGA-logo-couleurs.jpg","width":1162,"height":331,"caption":"Micromega Dynamics"},"image":{"@id":"https:\/\/micromega-dynamics.com\/nl\/#\/schema\/logo\/image\/"},"sameAs":["https:\/\/www.linkedin.com\/company\/micromega-dynamics\/"]}]}},"_links":{"self":[{"href":"https:\/\/micromega-dynamics.com\/nl\/wp-json\/wp\/v2\/product\/20509","targetHints":{"allow":["GET"]}}],"collection":[{"href":"https:\/\/micromega-dynamics.com\/nl\/wp-json\/wp\/v2\/product"}],"about":[{"href":"https:\/\/micromega-dynamics.com\/nl\/wp-json\/wp\/v2\/types\/product"}],"wp:featuredmedia":[{"embeddable":true,"href":"https:\/\/micromega-dynamics.com\/nl\/wp-json\/wp\/v2\/media\/13340"}],"wp:attachment":[{"href":"https:\/\/micromega-dynamics.com\/nl\/wp-json\/wp\/v2\/media?parent=20509"}],"wp:term":[{"taxonomy":"product_brand","embeddable":true,"href":"https:\/\/micromega-dynamics.com\/nl\/wp-json\/wp\/v2\/product_brand?post=20509"},{"taxonomy":"product_cat","embeddable":true,"href":"https:\/\/micromega-dynamics.com\/nl\/wp-json\/wp\/v2\/product_cat?post=20509"},{"taxonomy":"product_tag","embeddable":true,"href":"https:\/\/micromega-dynamics.com\/nl\/wp-json\/wp\/v2\/product_tag?post=20509"}],"curies":[{"name":"wp","href":"https:\/\/api.w.org\/{rel}","templated":true}]}}