{"id":20564,"date":"2025-12-02T16:11:12","date_gmt":"2025-12-02T15:11:12","guid":{"rendered":"https:\/\/micromega-dynamics.com\/produit\/seismic-support-din-45669-2\/"},"modified":"2025-12-02T16:11:17","modified_gmt":"2025-12-02T15:11:17","slug":"seismic-support-din-45669-2","status":"publish","type":"product","link":"https:\/\/micromega-dynamics.com\/nl\/produit\/seismic-support-din-45669-2\/","title":{"rendered":"Seismische ondersteuning DIN 45669-2"},"content":{"rendered":"<p>[et_pb_section fb_built=&#8221;1&#8243; _builder_version=&#8221;4.16&#8243; custom_padding=&#8221;0px||||false|false&#8221; collapsed=&#8221;off&#8221; global_colors_info=&#8221;{}&#8221;][et_pb_row column_structure=&#8221;1_2,1_2&#8243; _builder_version=&#8221;4.27.0&#8243; background_size=&#8221;initial&#8221; background_position=&#8221;top_left&#8221; background_repeat=&#8221;repeat&#8221; custom_padding=&#8221;0px||||false|false&#8221; global_colors_info=&#8221;{}&#8221;][et_pb_column type=&#8221;1_2&#8243; _builder_version=&#8221;4.16&#8243; custom_padding=&#8221;|||&#8221; global_colors_info=&#8221;{}&#8221; custom_padding__hover=&#8221;|||&#8221;][et_pb_wc_images _builder_version=&#8221;4.16&#8243; global_colors_info=&#8221;{}&#8221;][\/et_pb_wc_images][\/et_pb_column][et_pb_column type=&#8221;1_2&#8243; _builder_version=&#8221;4.16&#8243; custom_padding=&#8221;|||&#8221; global_colors_info=&#8221;{}&#8221; custom_padding__hover=&#8221;|||&#8221;][et_pb_wc_title _builder_version=&#8221;4.27.0&#8243; custom_margin=&#8221;||||false|false&#8221; custom_padding=&#8221;15px||||false|false&#8221; global_colors_info=&#8221;{}&#8221;][\/et_pb_wc_title][et_pb_accordion closed_toggle_text_color=&#8221;#000000&#8243; closed_toggle_background_color=&#8221;RGBA(255,255,255,0)&#8221; icon_color=&#8221;#282828&#8243; _builder_version=&#8221;4.27.2&#8243; _module_preset=&#8221;default&#8221; toggle_level=&#8221;h3&#8243; toggle_font=&#8221;|600||on|||||&#8221; toggle_font_size=&#8221;18px&#8221; toggle_letter_spacing=&#8221;1px&#8221; toggle_line_height=&#8221;1.3em&#8221; closed_toggle_letter_spacing=&#8221;1px&#8221; closed_toggle_line_height=&#8221;1.3em&#8221; body_line_height=&#8221;1.5em&#8221; text_orientation=&#8221;left&#8221; width=&#8221;100%&#8221; custom_margin=&#8221;||||false|false&#8221; custom_padding=&#8221;||||false|false&#8221; custom_css_free_form=&#8221;\/* S\u00e9lectionner les items de l&#8217;accord\u00e9on en fonction de la classe *\/||.et_pb_toggle.et_pb_module.et_pb_accordion_item {||    margin-top: 0px; \/* R\u00e9duit l&#8217;\u00e9cart en haut de chaque \u00e9l\u00e9ment *\/||    margin-bottom: 0px; \/* R\u00e9duit l&#8217;\u00e9cart en bas de chaque \u00e9l\u00e9ment *\/||    padding-top: 10px;  \/* Suppression de l&#8217;espace en haut du contenu *\/||    padding-bottom: 10px;  \/* Suppression de l&#8217;espace en bas du contenu *\/||||}||&#8221; border_radii=&#8221;off||||&#8221; border_width_all=&#8221;0px&#8221; border_width_bottom=&#8221;1px&#8221; border_color_bottom=&#8221;#efefef&#8221; locked=&#8221;off&#8221; global_colors_info=&#8221;{}&#8221;][et_pb_accordion_item title=&#8221;Beschrijving&#8221; open=&#8221;on&#8221; _builder_version=&#8221;4.27.2&#8243; _module_preset=&#8221;default&#8221; global_colors_info=&#8221;{}&#8221;]<\/p>\n<p><strong>Beschrijving :<\/strong> Zware metalen schijf met 3 poten en 2 handgrepen &#8211; Voldoet aan de DIN 45669-2 eisen<\/p>\n<p><strong>Gebruik :<\/strong> voor versnellingsmeters, klein, gevoel voor stabiele metingen op harde oppervlakken<\/p>\n<p><strong>Afmeting :<\/strong> dia.160mm x 15mm<\/p>\n<p><strong>Gewicht:<\/strong> 2,6 kg<\/p>\n<p>[\/et_pb_accordion_item][\/et_pb_accordion][et_pb_wc_price _builder_version=&#8221;4.16&#8243; global_colors_info=&#8221;{}&#8221;][\/et_pb_wc_price][et_pb_wc_add_to_cart _builder_version=&#8221;4.16&#8243; global_colors_info=&#8221;{}&#8221;][\/et_pb_wc_add_to_cart][\/et_pb_column][\/et_pb_row][\/et_pb_section]<\/p>\n","protected":false},"excerpt":{"rendered":"<p>Beschrijving : Zware metalen schijf met 3 poten en 2 handgrepen &#8211; Voldoet aan de DIN 45669-2 eisen Gebruik : voor versnellingsmeters, klein, gevoel voor stabiele metingen op harde oppervlakken Afmeting : dia.160mm x 15mm Gewicht: 2,6 kg<\/p>\n","protected":false},"featured_media":20566,"template":"","meta":{"_et_pb_use_builder":"on","_et_pb_old_content":"","_et_gb_content_width":""},"product_brand":[],"product_cat":[236],"product_tag":[],"class_list":{"0":"post-20564","1":"product","2":"type-product","3":"status-publish","4":"has-post-thumbnail","6":"product_cat-niet-geclassificeerd","8":"first","9":"instock","10":"taxable","11":"shipping-taxable","12":"purchasable","13":"product-type-simple"},"yoast_head":"<!-- This site is optimized with the Yoast SEO Premium plugin v27.5 (Yoast SEO v27.5) - https:\/\/yoast.com\/product\/yoast-seo-premium-wordpress\/ -->\n<title>Seismische ondersteuning DIN 45669-2%page%- Online kopen op Micromega<\/title>\n<meta name=\"description\" content=\"Metalen schijf, zwaar, met 3 voeten en 2 handgrepen - Voldoet aan DIN 45669-2 normen. Bedoeld voor gebruik met versnellingsmeters, compacte modellen, en ontworpen voor stabiele metingen op harde oppervlakken.\" \/>\n<meta name=\"robots\" content=\"index, follow, max-snippet:-1, max-image-preview:large, max-video-preview:-1\" \/>\n<link rel=\"canonical\" href=\"https:\/\/micromega-dynamics.com\/nl\/produit\/seismic-support-din-45669-2\/\" \/>\n<meta property=\"og:locale\" content=\"nl_NL\" \/>\n<meta property=\"og:type\" content=\"article\" \/>\n<meta property=\"og:title\" content=\"Seismische ondersteuning DIN 45669-2\" \/>\n<meta property=\"og:description\" content=\"Metalen schijf, zwaar, met 3 voeten en 2 handgrepen - Voldoet aan DIN 45669-2 normen. Bedoeld voor gebruik met versnellingsmeters, compacte modellen, en ontworpen voor stabiele metingen op harde oppervlakken.\" \/>\n<meta property=\"og:url\" content=\"https:\/\/micromega-dynamics.com\/nl\/produit\/seismic-support-din-45669-2\/\" \/>\n<meta property=\"og:site_name\" content=\"Micromega Dynamics\" \/>\n<meta property=\"article:modified_time\" content=\"2025-12-02T15:11:17+00:00\" \/>\n<meta property=\"og:image\" content=\"https:\/\/micromega-dynamics.com\/files\/uploads\/2024\/10\/Seismic3.png\" \/>\n\t<meta property=\"og:image:width\" content=\"900\" \/>\n\t<meta property=\"og:image:height\" content=\"900\" \/>\n\t<meta property=\"og:image:type\" content=\"image\/png\" \/>\n<meta name=\"twitter:card\" content=\"summary_large_image\" \/>\n<meta name=\"twitter:label1\" content=\"Geschatte leestijd\" \/>\n\t<meta name=\"twitter:data1\" content=\"2 minuten\" \/>\n<script type=\"application\/ld+json\" class=\"yoast-schema-graph\">{\"@context\":\"https:\\\/\\\/schema.org\",\"@graph\":[{\"@type\":\"WebPage\",\"@id\":\"https:\\\/\\\/micromega-dynamics.com\\\/nl\\\/produit\\\/seismic-support-din-45669-2\\\/\",\"url\":\"https:\\\/\\\/micromega-dynamics.com\\\/nl\\\/produit\\\/seismic-support-din-45669-2\\\/\",\"name\":\"Seismische ondersteuning DIN 45669-2%page%- Online kopen op Micromega\",\"isPartOf\":{\"@id\":\"https:\\\/\\\/micromega-dynamics.com\\\/nl\\\/#website\"},\"primaryImageOfPage\":{\"@id\":\"https:\\\/\\\/micromega-dynamics.com\\\/nl\\\/produit\\\/seismic-support-din-45669-2\\\/#primaryimage\"},\"image\":{\"@id\":\"https:\\\/\\\/micromega-dynamics.com\\\/nl\\\/produit\\\/seismic-support-din-45669-2\\\/#primaryimage\"},\"thumbnailUrl\":\"https:\\\/\\\/micromega-dynamics.com\\\/files\\\/uploads\\\/2024\\\/10\\\/Seismic3.png\",\"datePublished\":\"2025-12-02T15:11:12+00:00\",\"dateModified\":\"2025-12-02T15:11:17+00:00\",\"description\":\"Metalen schijf, zwaar, met 3 voeten en 2 handgrepen - Voldoet aan DIN 45669-2 normen. Bedoeld voor gebruik met versnellingsmeters, compacte modellen, en ontworpen voor stabiele metingen op harde oppervlakken.\",\"breadcrumb\":{\"@id\":\"https:\\\/\\\/micromega-dynamics.com\\\/nl\\\/produit\\\/seismic-support-din-45669-2\\\/#breadcrumb\"},\"inLanguage\":\"nl-NL\",\"potentialAction\":[{\"@type\":\"ReadAction\",\"target\":[\"https:\\\/\\\/micromega-dynamics.com\\\/nl\\\/produit\\\/seismic-support-din-45669-2\\\/\"]}]},{\"@type\":\"ImageObject\",\"inLanguage\":\"nl-NL\",\"@id\":\"https:\\\/\\\/micromega-dynamics.com\\\/nl\\\/produit\\\/seismic-support-din-45669-2\\\/#primaryimage\",\"url\":\"https:\\\/\\\/micromega-dynamics.com\\\/files\\\/uploads\\\/2024\\\/10\\\/Seismic3.png\",\"contentUrl\":\"https:\\\/\\\/micromega-dynamics.com\\\/files\\\/uploads\\\/2024\\\/10\\\/Seismic3.png\",\"width\":900,\"height\":900,\"caption\":\"Sensor support\"},{\"@type\":\"BreadcrumbList\",\"@id\":\"https:\\\/\\\/micromega-dynamics.com\\\/nl\\\/produit\\\/seismic-support-din-45669-2\\\/#breadcrumb\",\"itemListElement\":[{\"@type\":\"ListItem\",\"position\":1,\"name\":\"Accueil\",\"item\":\"https:\\\/\\\/micromega-dynamics.com\\\/nl\\\/\"},{\"@type\":\"ListItem\",\"position\":2,\"name\":\"Boetiek\",\"item\":\"https:\\\/\\\/micromega-dynamics.com\\\/nl\\\/boutique\\\/\"},{\"@type\":\"ListItem\",\"position\":3,\"name\":\"Seismische ondersteuning DIN 45669-2\"}]},{\"@type\":\"WebSite\",\"@id\":\"https:\\\/\\\/micromega-dynamics.com\\\/nl\\\/#website\",\"url\":\"https:\\\/\\\/micromega-dynamics.com\\\/nl\\\/\",\"name\":\"Micromega Dynamics\",\"description\":\"Vibration Monitoring and Control\",\"publisher\":{\"@id\":\"https:\\\/\\\/micromega-dynamics.com\\\/nl\\\/#organization\"},\"potentialAction\":[{\"@type\":\"SearchAction\",\"target\":{\"@type\":\"EntryPoint\",\"urlTemplate\":\"https:\\\/\\\/micromega-dynamics.com\\\/nl\\\/?s={search_term_string}\"},\"query-input\":{\"@type\":\"PropertyValueSpecification\",\"valueRequired\":true,\"valueName\":\"search_term_string\"}}],\"inLanguage\":\"nl-NL\"},{\"@type\":\"Organization\",\"@id\":\"https:\\\/\\\/micromega-dynamics.com\\\/nl\\\/#organization\",\"name\":\"Micromega Dynamics\",\"url\":\"https:\\\/\\\/micromega-dynamics.com\\\/nl\\\/\",\"logo\":{\"@type\":\"ImageObject\",\"inLanguage\":\"nl-NL\",\"@id\":\"https:\\\/\\\/micromega-dynamics.com\\\/nl\\\/#\\\/schema\\\/logo\\\/image\\\/\",\"url\":\"https:\\\/\\\/micromega-dynamics.com\\\/files\\\/uploads\\\/2024\\\/09\\\/MICROMEGA-logo-couleurs.jpg\",\"contentUrl\":\"https:\\\/\\\/micromega-dynamics.com\\\/files\\\/uploads\\\/2024\\\/09\\\/MICROMEGA-logo-couleurs.jpg\",\"width\":1162,\"height\":331,\"caption\":\"Micromega Dynamics\"},\"image\":{\"@id\":\"https:\\\/\\\/micromega-dynamics.com\\\/nl\\\/#\\\/schema\\\/logo\\\/image\\\/\"},\"sameAs\":[\"https:\\\/\\\/www.linkedin.com\\\/company\\\/micromega-dynamics\\\/\"]}]}<\/script>\n<!-- \/ Yoast SEO Premium plugin. -->","yoast_head_json":{"title":"Seismische ondersteuning DIN 45669-2%page%- Online kopen op Micromega","description":"Metalen schijf, zwaar, met 3 voeten en 2 handgrepen - Voldoet aan DIN 45669-2 normen. Bedoeld voor gebruik met versnellingsmeters, compacte modellen, en ontworpen voor stabiele metingen op harde oppervlakken.","robots":{"index":"index","follow":"follow","max-snippet":"max-snippet:-1","max-image-preview":"max-image-preview:large","max-video-preview":"max-video-preview:-1"},"canonical":"https:\/\/micromega-dynamics.com\/nl\/produit\/seismic-support-din-45669-2\/","og_locale":"nl_NL","og_type":"article","og_title":"Seismische ondersteuning DIN 45669-2","og_description":"Metalen schijf, zwaar, met 3 voeten en 2 handgrepen - Voldoet aan DIN 45669-2 normen. Bedoeld voor gebruik met versnellingsmeters, compacte modellen, en ontworpen voor stabiele metingen op harde oppervlakken.","og_url":"https:\/\/micromega-dynamics.com\/nl\/produit\/seismic-support-din-45669-2\/","og_site_name":"Micromega Dynamics","article_modified_time":"2025-12-02T15:11:17+00:00","og_image":[{"width":900,"height":900,"url":"https:\/\/micromega-dynamics.com\/files\/uploads\/2024\/10\/Seismic3.png","type":"image\/png"}],"twitter_card":"summary_large_image","twitter_misc":{"Geschatte leestijd":"2 minuten"},"schema":{"@context":"https:\/\/schema.org","@graph":[{"@type":"WebPage","@id":"https:\/\/micromega-dynamics.com\/nl\/produit\/seismic-support-din-45669-2\/","url":"https:\/\/micromega-dynamics.com\/nl\/produit\/seismic-support-din-45669-2\/","name":"Seismische ondersteuning DIN 45669-2%page%- Online kopen op Micromega","isPartOf":{"@id":"https:\/\/micromega-dynamics.com\/nl\/#website"},"primaryImageOfPage":{"@id":"https:\/\/micromega-dynamics.com\/nl\/produit\/seismic-support-din-45669-2\/#primaryimage"},"image":{"@id":"https:\/\/micromega-dynamics.com\/nl\/produit\/seismic-support-din-45669-2\/#primaryimage"},"thumbnailUrl":"https:\/\/micromega-dynamics.com\/files\/uploads\/2024\/10\/Seismic3.png","datePublished":"2025-12-02T15:11:12+00:00","dateModified":"2025-12-02T15:11:17+00:00","description":"Metalen schijf, zwaar, met 3 voeten en 2 handgrepen - Voldoet aan DIN 45669-2 normen. Bedoeld voor gebruik met versnellingsmeters, compacte modellen, en ontworpen voor stabiele metingen op harde oppervlakken.","breadcrumb":{"@id":"https:\/\/micromega-dynamics.com\/nl\/produit\/seismic-support-din-45669-2\/#breadcrumb"},"inLanguage":"nl-NL","potentialAction":[{"@type":"ReadAction","target":["https:\/\/micromega-dynamics.com\/nl\/produit\/seismic-support-din-45669-2\/"]}]},{"@type":"ImageObject","inLanguage":"nl-NL","@id":"https:\/\/micromega-dynamics.com\/nl\/produit\/seismic-support-din-45669-2\/#primaryimage","url":"https:\/\/micromega-dynamics.com\/files\/uploads\/2024\/10\/Seismic3.png","contentUrl":"https:\/\/micromega-dynamics.com\/files\/uploads\/2024\/10\/Seismic3.png","width":900,"height":900,"caption":"Sensor support"},{"@type":"BreadcrumbList","@id":"https:\/\/micromega-dynamics.com\/nl\/produit\/seismic-support-din-45669-2\/#breadcrumb","itemListElement":[{"@type":"ListItem","position":1,"name":"Accueil","item":"https:\/\/micromega-dynamics.com\/nl\/"},{"@type":"ListItem","position":2,"name":"Boetiek","item":"https:\/\/micromega-dynamics.com\/nl\/boutique\/"},{"@type":"ListItem","position":3,"name":"Seismische ondersteuning DIN 45669-2"}]},{"@type":"WebSite","@id":"https:\/\/micromega-dynamics.com\/nl\/#website","url":"https:\/\/micromega-dynamics.com\/nl\/","name":"Micromega Dynamics","description":"Vibration Monitoring and Control","publisher":{"@id":"https:\/\/micromega-dynamics.com\/nl\/#organization"},"potentialAction":[{"@type":"SearchAction","target":{"@type":"EntryPoint","urlTemplate":"https:\/\/micromega-dynamics.com\/nl\/?s={search_term_string}"},"query-input":{"@type":"PropertyValueSpecification","valueRequired":true,"valueName":"search_term_string"}}],"inLanguage":"nl-NL"},{"@type":"Organization","@id":"https:\/\/micromega-dynamics.com\/nl\/#organization","name":"Micromega Dynamics","url":"https:\/\/micromega-dynamics.com\/nl\/","logo":{"@type":"ImageObject","inLanguage":"nl-NL","@id":"https:\/\/micromega-dynamics.com\/nl\/#\/schema\/logo\/image\/","url":"https:\/\/micromega-dynamics.com\/files\/uploads\/2024\/09\/MICROMEGA-logo-couleurs.jpg","contentUrl":"https:\/\/micromega-dynamics.com\/files\/uploads\/2024\/09\/MICROMEGA-logo-couleurs.jpg","width":1162,"height":331,"caption":"Micromega Dynamics"},"image":{"@id":"https:\/\/micromega-dynamics.com\/nl\/#\/schema\/logo\/image\/"},"sameAs":["https:\/\/www.linkedin.com\/company\/micromega-dynamics\/"]}]}},"_links":{"self":[{"href":"https:\/\/micromega-dynamics.com\/nl\/wp-json\/wp\/v2\/product\/20564","targetHints":{"allow":["GET"]}}],"collection":[{"href":"https:\/\/micromega-dynamics.com\/nl\/wp-json\/wp\/v2\/product"}],"about":[{"href":"https:\/\/micromega-dynamics.com\/nl\/wp-json\/wp\/v2\/types\/product"}],"wp:featuredmedia":[{"embeddable":true,"href":"https:\/\/micromega-dynamics.com\/nl\/wp-json\/wp\/v2\/media\/20566"}],"wp:attachment":[{"href":"https:\/\/micromega-dynamics.com\/nl\/wp-json\/wp\/v2\/media?parent=20564"}],"wp:term":[{"taxonomy":"product_brand","embeddable":true,"href":"https:\/\/micromega-dynamics.com\/nl\/wp-json\/wp\/v2\/product_brand?post=20564"},{"taxonomy":"product_cat","embeddable":true,"href":"https:\/\/micromega-dynamics.com\/nl\/wp-json\/wp\/v2\/product_cat?post=20564"},{"taxonomy":"product_tag","embeddable":true,"href":"https:\/\/micromega-dynamics.com\/nl\/wp-json\/wp\/v2\/product_tag?post=20564"}],"curies":[{"name":"wp","href":"https:\/\/api.w.org\/{rel}","templated":true}]}}